{"id":106,"date":"2024-08-22T10:08:09","date_gmt":"2024-08-22T08:08:09","guid":{"rendered":"http:\/\/www.agds31.fr\/?page_id=106"},"modified":"2025-05-12T17:18:48","modified_gmt":"2025-05-12T15:18:48","slug":"106-2","status":"publish","type":"page","link":"https:\/\/www.agds31.fr\/index.php\/106-2\/","title":{"rendered":"Point fort fichet"},"content":{"rendered":"\n<p>Inventeur du bloc-porte blind\u00e9, Point Fort Fichet est depuis 50 ans le r\u00e9seau de r\u00e9f\u00e9rence de la s\u00e9curit\u00e9 du domicile : porte blind\u00e9e d&rsquo;appartement et de maison, serrure 3 points, serrure 5 points, serrure 7 points, cylindre de porte, porte de garage, volet roulant, alarme sans fil&#8230;<\/p>\n\n\n\n<p>Point Fort Fichet est le r\u00e9seau de r\u00e9f\u00e9rence pour la protection de votre domicile : pr\u00e8s de 400 sp\u00e9cialistes en Europe, qui vous garantissent le service et la puissance d&rsquo;un r\u00e9seau leader depuis 50 ans. Pr\u00e9sents partout en France, vous trouverez toujours un Point Fort pr\u00e8s de chez vous !<\/p>\n\n\n\n<figure class=\"wp-block-image size-full is-resized\"><img loading=\"lazy\" decoding=\"async\" width=\"760\" height=\"428\" data-src=\"http:\/\/www.agds31.fr\/wp-content\/uploads\/2024\/08\/pff-marque-pref-des-francais.webp\" alt=\"\" class=\"wp-image-2904 lazyload\" style=\"--smush-placeholder-width: 760px; --smush-placeholder-aspect-ratio: 760\/428;width:275px;height:auto\" data-srcset=\"https:\/\/www.agds31.fr\/wp-content\/uploads\/2024\/08\/pff-marque-pref-des-francais.webp 760w, https:\/\/www.agds31.fr\/wp-content\/uploads\/2024\/08\/pff-marque-pref-des-francais-300x169.webp 300w\" data-sizes=\"auto, (max-width: 760px) 100vw, 760px\" src=\"data:image\/gif;base64,R0lGODlhAQABAAAAACH5BAEKAAEALAAAAAABAAEAAAICTAEAOw==\" \/><noscript><img loading=\"lazy\" decoding=\"async\" width=\"760\" height=\"428\" src=\"http:\/\/www.agds31.fr\/wp-content\/uploads\/2024\/08\/pff-marque-pref-des-francais.webp\" alt=\"\" class=\"wp-image-2904\" style=\"width:275px;height:auto\" srcset=\"https:\/\/www.agds31.fr\/wp-content\/uploads\/2024\/08\/pff-marque-pref-des-francais.webp 760w, https:\/\/www.agds31.fr\/wp-content\/uploads\/2024\/08\/pff-marque-pref-des-francais-300x169.webp 300w\" sizes=\"auto, (max-width: 760px) 100vw, 760px\" \/><\/noscript><\/figure>\n\n\n\n<div class=\"wp-block-file\"><a href=\"https:\/\/www.fichet-pointfort.com\/fr\/fr\">Site officiel | POINT FORT FICHET (fichet-pointfort.com)<\/a><a href=\"https:\/\/www.fichet-pointfort.com\/fr\/fr\" class=\"wp-block-file__button wp-element-button\" download>T\u00e9l\u00e9charger<\/a><\/div>\n\n\n\n<p>D\u00e9couvrez nos diff\u00e9rentes gammes de produits :&nbsp;<\/p>\n\n\n\n<ul class=\"wp-block-list\">\n<li><strong>Nos portes blind\u00e9es<\/strong>\u00a0avec nos portes de maison ou appartement , nos portes de communication et m\u00eame nos portes de cave.\u00a0<\/li>\n\n\n\n<li><strong>Nos serrures et cylindres de s\u00e9curit\u00e9<\/strong>\u00a0avec nos serrures multipoints et cylindres F3D, 787M et 787Z<\/li>\n\n\n\n<li><strong>Nos portes m\u00e9talliques techniques et portes de hall d&rsquo;entr\u00e9e<\/strong><\/li>\n\n\n\n<li><strong>Nos produits compl\u00e9mentaires<\/strong>\u00a0avec nos portes de garage, fen\u00eatres et volets A2P, nos portails et portillons, nos pergolas et carports\u00a0<\/li>\n<\/ul>\n","protected":false},"excerpt":{"rendered":"<p>Inventeur du bloc-porte blind\u00e9, Point Fort Fichet est depuis 50 ans le r\u00e9seau de r\u00e9f\u00e9rence de la s\u00e9curit\u00e9 du domicile : porte blind\u00e9e d&rsquo;appartement et de maison, serrure 3 points, serrure 5 points, serrure 7 points, cylindre de porte, porte de garage, volet roulant, alarme sans fil&#8230; Point Fort Fichet est le r\u00e9seau de r\u00e9f\u00e9rence [&hellip;]<\/p>\n","protected":false},"author":1,"featured_media":189,"parent":0,"menu_order":0,"comment_status":"closed","ping_status":"closed","template":"","meta":{"footnotes":""},"class_list":["post-106","page","type-page","status-publish","has-post-thumbnail","hentry"],"yoast_head":"<!-- This site is optimized with the Yoast SEO plugin v24.0 - https:\/\/yoast.com\/wordpress\/plugins\/seo\/ -->\n<title>Point fort fichet - AGDS31 Tel: 0561402125<\/title>\n<meta name=\"robots\" content=\"index, follow, max-snippet:-1, max-image-preview:large, max-video-preview:-1\" \/>\n<link rel=\"canonical\" href=\"https:\/\/www.agds31.fr\/index.php\/106-2\/\" \/>\n<meta property=\"og:locale\" content=\"fr_FR\" \/>\n<meta property=\"og:type\" content=\"article\" \/>\n<meta property=\"og:title\" content=\"Point fort fichet - AGDS31 Tel: 0561402125\" \/>\n<meta property=\"og:description\" content=\"Inventeur du bloc-porte blind\u00e9, Point Fort Fichet est depuis 50 ans le r\u00e9seau de r\u00e9f\u00e9rence de la s\u00e9curit\u00e9 du domicile : porte blind\u00e9e d&rsquo;appartement et de maison, serrure 3 points, serrure 5 points, serrure 7 points, cylindre de porte, porte de garage, volet roulant, alarme sans fil&#8230; Point Fort Fichet est le r\u00e9seau de r\u00e9f\u00e9rence [&hellip;]\" \/>\n<meta property=\"og:url\" content=\"https:\/\/www.agds31.fr\/index.php\/106-2\/\" \/>\n<meta property=\"og:site_name\" content=\"AGDS31 Tel: 0561402125\" \/>\n<meta property=\"article:modified_time\" content=\"2025-05-12T15:18:48+00:00\" \/>\n<meta property=\"og:image\" content=\"http:\/\/www.agds31.fr\/wp-content\/uploads\/2024\/08\/Complice-10EL-001web.png\" \/>\n\t<meta property=\"og:image:width\" content=\"1100\" \/>\n\t<meta property=\"og:image:height\" content=\"854\" \/>\n\t<meta property=\"og:image:type\" content=\"image\/png\" \/>\n<meta name=\"twitter:card\" content=\"summary_large_image\" \/>\n<meta name=\"twitter:label1\" content=\"Dur\u00e9e de lecture estim\u00e9e\" \/>\n\t<meta name=\"twitter:data1\" content=\"2 minutes\" \/>\n<script type=\"application\/ld+json\" class=\"yoast-schema-graph\">{\"@context\":\"https:\/\/schema.org\",\"@graph\":[{\"@type\":\"WebPage\",\"@id\":\"https:\/\/www.agds31.fr\/index.php\/106-2\/\",\"url\":\"https:\/\/www.agds31.fr\/index.php\/106-2\/\",\"name\":\"Point fort fichet - AGDS31 Tel: 0561402125\",\"isPartOf\":{\"@id\":\"https:\/\/www.agds31.fr\/#website\"},\"primaryImageOfPage\":{\"@id\":\"https:\/\/www.agds31.fr\/index.php\/106-2\/#primaryimage\"},\"image\":{\"@id\":\"https:\/\/www.agds31.fr\/index.php\/106-2\/#primaryimage\"},\"thumbnailUrl\":\"https:\/\/www.agds31.fr\/wp-content\/uploads\/2024\/08\/Complice-10EL-001web.png\",\"datePublished\":\"2024-08-22T08:08:09+00:00\",\"dateModified\":\"2025-05-12T15:18:48+00:00\",\"breadcrumb\":{\"@id\":\"https:\/\/www.agds31.fr\/index.php\/106-2\/#breadcrumb\"},\"inLanguage\":\"fr-FR\",\"potentialAction\":[{\"@type\":\"ReadAction\",\"target\":[\"https:\/\/www.agds31.fr\/index.php\/106-2\/\"]}]},{\"@type\":\"ImageObject\",\"inLanguage\":\"fr-FR\",\"@id\":\"https:\/\/www.agds31.fr\/index.php\/106-2\/#primaryimage\",\"url\":\"https:\/\/www.agds31.fr\/wp-content\/uploads\/2024\/08\/Complice-10EL-001web.png\",\"contentUrl\":\"https:\/\/www.agds31.fr\/wp-content\/uploads\/2024\/08\/Complice-10EL-001web.png\",\"width\":1100,\"height\":854},{\"@type\":\"BreadcrumbList\",\"@id\":\"https:\/\/www.agds31.fr\/index.php\/106-2\/#breadcrumb\",\"itemListElement\":[{\"@type\":\"ListItem\",\"position\":1,\"name\":\"Accueil\",\"item\":\"https:\/\/www.agds31.fr\/\"},{\"@type\":\"ListItem\",\"position\":2,\"name\":\"Point fort fichet\"}]},{\"@type\":\"WebSite\",\"@id\":\"https:\/\/www.agds31.fr\/#website\",\"url\":\"https:\/\/www.agds31.fr\/\",\"name\":\"AGDS31\",\"description\":\"La s\u00e9curit\u00e9 A2P pour particuliers &amp; professionnels \u00e0 Toulouse.\",\"potentialAction\":[{\"@type\":\"SearchAction\",\"target\":{\"@type\":\"EntryPoint\",\"urlTemplate\":\"https:\/\/www.agds31.fr\/?s={search_term_string}\"},\"query-input\":{\"@type\":\"PropertyValueSpecification\",\"valueRequired\":true,\"valueName\":\"search_term_string\"}}],\"inLanguage\":\"fr-FR\"}]}<\/script>\n<!-- \/ Yoast SEO plugin. -->","yoast_head_json":{"title":"Point fort fichet - AGDS31 Tel: 0561402125","robots":{"index":"index","follow":"follow","max-snippet":"max-snippet:-1","max-image-preview":"max-image-preview:large","max-video-preview":"max-video-preview:-1"},"canonical":"https:\/\/www.agds31.fr\/index.php\/106-2\/","og_locale":"fr_FR","og_type":"article","og_title":"Point fort fichet - AGDS31 Tel: 0561402125","og_description":"Inventeur du bloc-porte blind\u00e9, Point Fort Fichet est depuis 50 ans le r\u00e9seau de r\u00e9f\u00e9rence de la s\u00e9curit\u00e9 du domicile : porte blind\u00e9e d&rsquo;appartement et de maison, serrure 3 points, serrure 5 points, serrure 7 points, cylindre de porte, porte de garage, volet roulant, alarme sans fil&#8230; Point Fort Fichet est le r\u00e9seau de r\u00e9f\u00e9rence [&hellip;]","og_url":"https:\/\/www.agds31.fr\/index.php\/106-2\/","og_site_name":"AGDS31 Tel: 0561402125","article_modified_time":"2025-05-12T15:18:48+00:00","og_image":[{"width":1100,"height":854,"url":"http:\/\/www.agds31.fr\/wp-content\/uploads\/2024\/08\/Complice-10EL-001web.png","type":"image\/png"}],"twitter_card":"summary_large_image","twitter_misc":{"Dur\u00e9e de lecture estim\u00e9e":"2 minutes"},"schema":{"@context":"https:\/\/schema.org","@graph":[{"@type":"WebPage","@id":"https:\/\/www.agds31.fr\/index.php\/106-2\/","url":"https:\/\/www.agds31.fr\/index.php\/106-2\/","name":"Point fort fichet - AGDS31 Tel: 0561402125","isPartOf":{"@id":"https:\/\/www.agds31.fr\/#website"},"primaryImageOfPage":{"@id":"https:\/\/www.agds31.fr\/index.php\/106-2\/#primaryimage"},"image":{"@id":"https:\/\/www.agds31.fr\/index.php\/106-2\/#primaryimage"},"thumbnailUrl":"https:\/\/www.agds31.fr\/wp-content\/uploads\/2024\/08\/Complice-10EL-001web.png","datePublished":"2024-08-22T08:08:09+00:00","dateModified":"2025-05-12T15:18:48+00:00","breadcrumb":{"@id":"https:\/\/www.agds31.fr\/index.php\/106-2\/#breadcrumb"},"inLanguage":"fr-FR","potentialAction":[{"@type":"ReadAction","target":["https:\/\/www.agds31.fr\/index.php\/106-2\/"]}]},{"@type":"ImageObject","inLanguage":"fr-FR","@id":"https:\/\/www.agds31.fr\/index.php\/106-2\/#primaryimage","url":"https:\/\/www.agds31.fr\/wp-content\/uploads\/2024\/08\/Complice-10EL-001web.png","contentUrl":"https:\/\/www.agds31.fr\/wp-content\/uploads\/2024\/08\/Complice-10EL-001web.png","width":1100,"height":854},{"@type":"BreadcrumbList","@id":"https:\/\/www.agds31.fr\/index.php\/106-2\/#breadcrumb","itemListElement":[{"@type":"ListItem","position":1,"name":"Accueil","item":"https:\/\/www.agds31.fr\/"},{"@type":"ListItem","position":2,"name":"Point fort fichet"}]},{"@type":"WebSite","@id":"https:\/\/www.agds31.fr\/#website","url":"https:\/\/www.agds31.fr\/","name":"AGDS31","description":"La s\u00e9curit\u00e9 A2P pour particuliers &amp; professionnels \u00e0 Toulouse.","potentialAction":[{"@type":"SearchAction","target":{"@type":"EntryPoint","urlTemplate":"https:\/\/www.agds31.fr\/?s={search_term_string}"},"query-input":{"@type":"PropertyValueSpecification","valueRequired":true,"valueName":"search_term_string"}}],"inLanguage":"fr-FR"}]}},"_links":{"self":[{"href":"https:\/\/www.agds31.fr\/index.php\/wp-json\/wp\/v2\/pages\/106","targetHints":{"allow":["GET"]}}],"collection":[{"href":"https:\/\/www.agds31.fr\/index.php\/wp-json\/wp\/v2\/pages"}],"about":[{"href":"https:\/\/www.agds31.fr\/index.php\/wp-json\/wp\/v2\/types\/page"}],"author":[{"embeddable":true,"href":"https:\/\/www.agds31.fr\/index.php\/wp-json\/wp\/v2\/users\/1"}],"replies":[{"embeddable":true,"href":"https:\/\/www.agds31.fr\/index.php\/wp-json\/wp\/v2\/comments?post=106"}],"version-history":[{"count":4,"href":"https:\/\/www.agds31.fr\/index.php\/wp-json\/wp\/v2\/pages\/106\/revisions"}],"predecessor-version":[{"id":2970,"href":"https:\/\/www.agds31.fr\/index.php\/wp-json\/wp\/v2\/pages\/106\/revisions\/2970"}],"wp:featuredmedia":[{"embeddable":true,"href":"https:\/\/www.agds31.fr\/index.php\/wp-json\/wp\/v2\/media\/189"}],"wp:attachment":[{"href":"https:\/\/www.agds31.fr\/index.php\/wp-json\/wp\/v2\/media?parent=106"}],"curies":[{"name":"wp","href":"https:\/\/api.w.org\/{rel}","templated":true}]}}