{"id":1098,"date":"2019-05-26T18:26:40","date_gmt":"2019-05-26T16:26:40","guid":{"rendered":"https:\/\/master-7rqtwti-jlukth32wazq6.fr-1.platformsh.site\/?page_id=1098"},"modified":"2024-08-26T10:15:56","modified_gmt":"2024-08-26T08:15:56","slug":"video","status":"publish","type":"page","link":"https:\/\/www.agds31.fr\/index.php\/video\/","title":{"rendered":"Videosurveillance"},"content":{"rendered":"<aside class=\"bloc_notes grid\">\n<div class=\"note col_8\">\n<article class=\"col_8 \">\n<div class=\"content-body content-poool\" data-poool-mode=\"hide\" data-poool=\"90\"><img loading=\"lazy\" decoding=\"async\" class=\"alignnone size-medium wp-image-2625 lazyload\" data-src=\"http:\/\/www.agds31.fr\/wp-content\/uploads\/2024\/08\/Plus-economique-1024x678-1-300x199.webp\" alt=\"\" width=\"300\" height=\"199\" data-srcset=\"https:\/\/www.agds31.fr\/wp-content\/uploads\/2024\/08\/Plus-economique-1024x678-1-300x199.webp 300w, https:\/\/www.agds31.fr\/wp-content\/uploads\/2024\/08\/Plus-economique-1024x678-1-768x509.webp 768w, https:\/\/www.agds31.fr\/wp-content\/uploads\/2024\/08\/Plus-economique-1024x678-1.webp 1024w\" data-sizes=\"auto, (max-width: 300px) 100vw, 300px\" src=\"data:image\/gif;base64,R0lGODlhAQABAAAAACH5BAEKAAEALAAAAAABAAEAAAICTAEAOw==\" style=\"--smush-placeholder-width: 300px; --smush-placeholder-aspect-ratio: 300\/199;\" \/><noscript><img loading=\"lazy\" decoding=\"async\" class=\"alignnone size-medium wp-image-2625\" src=\"http:\/\/www.agds31.fr\/wp-content\/uploads\/2024\/08\/Plus-economique-1024x678-1-300x199.webp\" alt=\"\" width=\"300\" height=\"199\" srcset=\"https:\/\/www.agds31.fr\/wp-content\/uploads\/2024\/08\/Plus-economique-1024x678-1-300x199.webp 300w, https:\/\/www.agds31.fr\/wp-content\/uploads\/2024\/08\/Plus-economique-1024x678-1-768x509.webp 768w, https:\/\/www.agds31.fr\/wp-content\/uploads\/2024\/08\/Plus-economique-1024x678-1.webp 1024w\" sizes=\"auto, (max-width: 300px) 100vw, 300px\" \/><\/noscript><img loading=\"lazy\" decoding=\"async\" class=\"alignnone size-medium wp-image-2627 lazyload\" data-src=\"http:\/\/www.agds31.fr\/wp-content\/uploads\/2024\/08\/camera-dome-exterieur-ptz-2-megapixels-dahua-sd22204t-gnvideo-surveillance-300x300.jpg\" alt=\"\" width=\"300\" height=\"300\" data-srcset=\"https:\/\/www.agds31.fr\/wp-content\/uploads\/2024\/08\/camera-dome-exterieur-ptz-2-megapixels-dahua-sd22204t-gnvideo-surveillance-300x300.jpg 300w, https:\/\/www.agds31.fr\/wp-content\/uploads\/2024\/08\/camera-dome-exterieur-ptz-2-megapixels-dahua-sd22204t-gnvideo-surveillance-150x150.jpg 150w, https:\/\/www.agds31.fr\/wp-content\/uploads\/2024\/08\/camera-dome-exterieur-ptz-2-megapixels-dahua-sd22204t-gnvideo-surveillance-768x768.jpg 768w, https:\/\/www.agds31.fr\/wp-content\/uploads\/2024\/08\/camera-dome-exterieur-ptz-2-megapixels-dahua-sd22204t-gnvideo-surveillance.jpg 800w\" data-sizes=\"auto, (max-width: 300px) 100vw, 300px\" src=\"data:image\/gif;base64,R0lGODlhAQABAAAAACH5BAEKAAEALAAAAAABAAEAAAICTAEAOw==\" style=\"--smush-placeholder-width: 300px; --smush-placeholder-aspect-ratio: 300\/300;\" \/><noscript><img loading=\"lazy\" decoding=\"async\" class=\"alignnone size-medium wp-image-2627\" src=\"http:\/\/www.agds31.fr\/wp-content\/uploads\/2024\/08\/camera-dome-exterieur-ptz-2-megapixels-dahua-sd22204t-gnvideo-surveillance-300x300.jpg\" alt=\"\" width=\"300\" height=\"300\" srcset=\"https:\/\/www.agds31.fr\/wp-content\/uploads\/2024\/08\/camera-dome-exterieur-ptz-2-megapixels-dahua-sd22204t-gnvideo-surveillance-300x300.jpg 300w, https:\/\/www.agds31.fr\/wp-content\/uploads\/2024\/08\/camera-dome-exterieur-ptz-2-megapixels-dahua-sd22204t-gnvideo-surveillance-150x150.jpg 150w, https:\/\/www.agds31.fr\/wp-content\/uploads\/2024\/08\/camera-dome-exterieur-ptz-2-megapixels-dahua-sd22204t-gnvideo-surveillance-768x768.jpg 768w, https:\/\/www.agds31.fr\/wp-content\/uploads\/2024\/08\/camera-dome-exterieur-ptz-2-megapixels-dahua-sd22204t-gnvideo-surveillance.jpg 800w\" sizes=\"auto, (max-width: 300px) 100vw, 300px\" \/><\/noscript><\/div>\n<\/article>\n<\/div>\n<\/aside>\n<div id=\"content-3\" class=\"content-left-image-section content-image-left\" style=\"background-color: #ffffff;\" data-label=\"Content\" data-id=\"content-image-left\" data-category=\"content\">\n<div class=\"gridContainer\">\n<div class=\"row\">\n<div class=\"content-left-image-imgcol\" data-type=\"column\"><\/div>\n<div class=\"content-left-image-textcol dynamic-color\" data-type=\"column\">\n<h2 class=\"\">Vid\u00e9osurveillance<\/h2>\n<p class=\"large_text\">\u2013 La vid\u00e9osurveillance permet de visualiser, d\u2019enregistrer et de transmettre tout \u00e9v\u00e8nement.<\/p>\n<p>\u2013 Cam\u00e9ra analogique, cam\u00e9ra IP : la cam\u00e9ra analogique d\u00e9livre des vid\u00e9os dans un format qui peut \u00eatre vidualis\u00e9 directement sur un moniteur alors que la cam\u00e9ra IP num\u00e9rise le signal et transmet via un serveur web acessible sur internet.<\/p>\n<p>\u2013 Diff\u00e9rents enregistreurs<\/p>\n<p>\u2013 Visualisation : en direct sur un moniteur ; en local sur une station de travail ; \u00e0 distance sur ordinateur ou sur smartphone ou tablette<\/p>\n<p><a href=\"https:\/\/www.agds31.fr\/index.php\/contact-form-7-id0c9464a-titlemail\/\">Demande de Devis<\/a><\/p>\n<\/div>\n<\/div>\n<\/div>\n<\/div>\n","protected":false},"excerpt":{"rendered":"<p>Vid\u00e9osurveillance \u2013 La vid\u00e9osurveillance permet de visualiser, d\u2019enregistrer et de transmettre tout \u00e9v\u00e8nement. \u2013 Cam\u00e9ra analogique, cam\u00e9ra IP : la cam\u00e9ra analogique d\u00e9livre des vid\u00e9os dans un format qui peut \u00eatre vidualis\u00e9 directement sur un moniteur alors que la cam\u00e9ra IP num\u00e9rise le signal et transmet via un serveur web acessible sur internet. \u2013 Diff\u00e9rents [&hellip;]<\/p>\n","protected":false},"author":1,"featured_media":1118,"parent":0,"menu_order":0,"comment_status":"closed","ping_status":"closed","template":"full-width-page.php","meta":{"footnotes":""},"class_list":["post-1098","page","type-page","status-publish","has-post-thumbnail","hentry"],"yoast_head":"<!-- This site is optimized with the Yoast SEO plugin v24.0 - https:\/\/yoast.com\/wordpress\/plugins\/seo\/ -->\n<title>Videosurveillance - AGDS31 Tel: 0561402125<\/title>\n<meta name=\"robots\" content=\"index, follow, max-snippet:-1, max-image-preview:large, max-video-preview:-1\" \/>\n<link rel=\"canonical\" href=\"https:\/\/www.agds31.fr\/index.php\/video\/\" \/>\n<meta property=\"og:locale\" content=\"fr_FR\" \/>\n<meta property=\"og:type\" content=\"article\" \/>\n<meta property=\"og:title\" content=\"Videosurveillance - AGDS31 Tel: 0561402125\" \/>\n<meta property=\"og:description\" content=\"Vid\u00e9osurveillance \u2013 La vid\u00e9osurveillance permet de visualiser, d\u2019enregistrer et de transmettre tout \u00e9v\u00e8nement. \u2013 Cam\u00e9ra analogique, cam\u00e9ra IP : la cam\u00e9ra analogique d\u00e9livre des vid\u00e9os dans un format qui peut \u00eatre vidualis\u00e9 directement sur un moniteur alors que la cam\u00e9ra IP num\u00e9rise le signal et transmet via un serveur web acessible sur internet. \u2013 Diff\u00e9rents [&hellip;]\" \/>\n<meta property=\"og:url\" content=\"https:\/\/www.agds31.fr\/index.php\/video\/\" \/>\n<meta property=\"og:site_name\" content=\"AGDS31 Tel: 0561402125\" \/>\n<meta property=\"article:modified_time\" content=\"2024-08-26T08:15:56+00:00\" \/>\n<meta name=\"twitter:card\" content=\"summary_large_image\" \/>\n<script type=\"application\/ld+json\" class=\"yoast-schema-graph\">{\"@context\":\"https:\/\/schema.org\",\"@graph\":[{\"@type\":\"WebPage\",\"@id\":\"https:\/\/www.agds31.fr\/index.php\/video\/\",\"url\":\"https:\/\/www.agds31.fr\/index.php\/video\/\",\"name\":\"Videosurveillance - AGDS31 Tel: 0561402125\",\"isPartOf\":{\"@id\":\"https:\/\/www.agds31.fr\/#website\"},\"primaryImageOfPage\":{\"@id\":\"https:\/\/www.agds31.fr\/index.php\/video\/#primaryimage\"},\"image\":{\"@id\":\"https:\/\/www.agds31.fr\/index.php\/video\/#primaryimage\"},\"thumbnailUrl\":\"\",\"datePublished\":\"2019-05-26T16:26:40+00:00\",\"dateModified\":\"2024-08-26T08:15:56+00:00\",\"breadcrumb\":{\"@id\":\"https:\/\/www.agds31.fr\/index.php\/video\/#breadcrumb\"},\"inLanguage\":\"fr-FR\",\"potentialAction\":[{\"@type\":\"ReadAction\",\"target\":[\"https:\/\/www.agds31.fr\/index.php\/video\/\"]}]},{\"@type\":\"ImageObject\",\"inLanguage\":\"fr-FR\",\"@id\":\"https:\/\/www.agds31.fr\/index.php\/video\/#primaryimage\",\"url\":\"\",\"contentUrl\":\"\"},{\"@type\":\"BreadcrumbList\",\"@id\":\"https:\/\/www.agds31.fr\/index.php\/video\/#breadcrumb\",\"itemListElement\":[{\"@type\":\"ListItem\",\"position\":1,\"name\":\"Accueil\",\"item\":\"https:\/\/www.agds31.fr\/\"},{\"@type\":\"ListItem\",\"position\":2,\"name\":\"Videosurveillance\"}]},{\"@type\":\"WebSite\",\"@id\":\"https:\/\/www.agds31.fr\/#website\",\"url\":\"https:\/\/www.agds31.fr\/\",\"name\":\"AGDS31\",\"description\":\"La s\u00e9curit\u00e9 A2P pour particuliers &amp; professionnels \u00e0 Toulouse.\",\"potentialAction\":[{\"@type\":\"SearchAction\",\"target\":{\"@type\":\"EntryPoint\",\"urlTemplate\":\"https:\/\/www.agds31.fr\/?s={search_term_string}\"},\"query-input\":{\"@type\":\"PropertyValueSpecification\",\"valueRequired\":true,\"valueName\":\"search_term_string\"}}],\"inLanguage\":\"fr-FR\"}]}<\/script>\n<!-- \/ Yoast SEO plugin. -->","yoast_head_json":{"title":"Videosurveillance - AGDS31 Tel: 0561402125","robots":{"index":"index","follow":"follow","max-snippet":"max-snippet:-1","max-image-preview":"max-image-preview:large","max-video-preview":"max-video-preview:-1"},"canonical":"https:\/\/www.agds31.fr\/index.php\/video\/","og_locale":"fr_FR","og_type":"article","og_title":"Videosurveillance - AGDS31 Tel: 0561402125","og_description":"Vid\u00e9osurveillance \u2013 La vid\u00e9osurveillance permet de visualiser, d\u2019enregistrer et de transmettre tout \u00e9v\u00e8nement. \u2013 Cam\u00e9ra analogique, cam\u00e9ra IP : la cam\u00e9ra analogique d\u00e9livre des vid\u00e9os dans un format qui peut \u00eatre vidualis\u00e9 directement sur un moniteur alors que la cam\u00e9ra IP num\u00e9rise le signal et transmet via un serveur web acessible sur internet. \u2013 Diff\u00e9rents [&hellip;]","og_url":"https:\/\/www.agds31.fr\/index.php\/video\/","og_site_name":"AGDS31 Tel: 0561402125","article_modified_time":"2024-08-26T08:15:56+00:00","twitter_card":"summary_large_image","schema":{"@context":"https:\/\/schema.org","@graph":[{"@type":"WebPage","@id":"https:\/\/www.agds31.fr\/index.php\/video\/","url":"https:\/\/www.agds31.fr\/index.php\/video\/","name":"Videosurveillance - AGDS31 Tel: 0561402125","isPartOf":{"@id":"https:\/\/www.agds31.fr\/#website"},"primaryImageOfPage":{"@id":"https:\/\/www.agds31.fr\/index.php\/video\/#primaryimage"},"image":{"@id":"https:\/\/www.agds31.fr\/index.php\/video\/#primaryimage"},"thumbnailUrl":"","datePublished":"2019-05-26T16:26:40+00:00","dateModified":"2024-08-26T08:15:56+00:00","breadcrumb":{"@id":"https:\/\/www.agds31.fr\/index.php\/video\/#breadcrumb"},"inLanguage":"fr-FR","potentialAction":[{"@type":"ReadAction","target":["https:\/\/www.agds31.fr\/index.php\/video\/"]}]},{"@type":"ImageObject","inLanguage":"fr-FR","@id":"https:\/\/www.agds31.fr\/index.php\/video\/#primaryimage","url":"","contentUrl":""},{"@type":"BreadcrumbList","@id":"https:\/\/www.agds31.fr\/index.php\/video\/#breadcrumb","itemListElement":[{"@type":"ListItem","position":1,"name":"Accueil","item":"https:\/\/www.agds31.fr\/"},{"@type":"ListItem","position":2,"name":"Videosurveillance"}]},{"@type":"WebSite","@id":"https:\/\/www.agds31.fr\/#website","url":"https:\/\/www.agds31.fr\/","name":"AGDS31","description":"La s\u00e9curit\u00e9 A2P pour particuliers &amp; professionnels \u00e0 Toulouse.","potentialAction":[{"@type":"SearchAction","target":{"@type":"EntryPoint","urlTemplate":"https:\/\/www.agds31.fr\/?s={search_term_string}"},"query-input":{"@type":"PropertyValueSpecification","valueRequired":true,"valueName":"search_term_string"}}],"inLanguage":"fr-FR"}]}},"_links":{"self":[{"href":"https:\/\/www.agds31.fr\/index.php\/wp-json\/wp\/v2\/pages\/1098","targetHints":{"allow":["GET"]}}],"collection":[{"href":"https:\/\/www.agds31.fr\/index.php\/wp-json\/wp\/v2\/pages"}],"about":[{"href":"https:\/\/www.agds31.fr\/index.php\/wp-json\/wp\/v2\/types\/page"}],"author":[{"embeddable":true,"href":"https:\/\/www.agds31.fr\/index.php\/wp-json\/wp\/v2\/users\/1"}],"replies":[{"embeddable":true,"href":"https:\/\/www.agds31.fr\/index.php\/wp-json\/wp\/v2\/comments?post=1098"}],"version-history":[{"count":3,"href":"https:\/\/www.agds31.fr\/index.php\/wp-json\/wp\/v2\/pages\/1098\/revisions"}],"predecessor-version":[{"id":2632,"href":"https:\/\/www.agds31.fr\/index.php\/wp-json\/wp\/v2\/pages\/1098\/revisions\/2632"}],"wp:featuredmedia":[{"embeddable":true,"href":"https:\/\/www.agds31.fr\/index.php\/wp-json\/"}],"wp:attachment":[{"href":"https:\/\/www.agds31.fr\/index.php\/wp-json\/wp\/v2\/media?parent=1098"}],"curies":[{"name":"wp","href":"https:\/\/api.w.org\/{rel}","templated":true}]}}