{"id":1464,"date":"2019-06-14T18:14:17","date_gmt":"2019-06-14T16:14:17","guid":{"rendered":"https:\/\/agds31.fr\/?page_id=1464"},"modified":"2019-06-14T18:14:17","modified_gmt":"2019-06-14T16:14:17","slug":"alarme-2","status":"publish","type":"page","link":"https:\/\/www.agds31.fr\/index.php\/alarme-2\/","title":{"rendered":"Alarme"},"content":{"rendered":"<div  data-label=\"About\" data-id=\"about-text-grid-section\" data-category=\"about\" class=\"about-text-grid-section\" id=\"about-4\" style=\"background-color: #ffffff;\">\n<div  class=\"gridContainer\">\n<div  class=\"about-text-grid-innerrow\">\n<div  class=\"about-text-grid-textcol dynamic-color\" data-type=\"column\">\n<h3  class=\"\"><span  style=\"font-weight: 400;\">Alarme Ajax<\/span><\/h3>\n<p  class=\"\">AGDS, installateur d\u2019alarme a s\u00e9lectionn\u00e9 une gamme compl\u00e8te de produits que vous soyez un particulier, une entreprise\u2026.adapt\u00e9e selon vos besoins.<\/p>\n<p><a class=\"button blue\" href=\"https:\/\/agds31.fr\/complement-alarme\" target=\"_self\" rel=\"noopener\">+ d\u2019infos<\/a><\/p>\n<p><img decoding=\"async\"  data-src=\"https:\/\/agds31.fr\/wp-content\/uploads\/2021\/02\/51Wi-0xvweL._AC_SL1000_.jpg\" class=\"custom-image lazyload\" src=\"data:image\/gif;base64,R0lGODlhAQABAAAAACH5BAEKAAEALAAAAAABAAEAAAICTAEAOw==\"><noscript><img decoding=\"async\"  src=\"https:\/\/agds31.fr\/wp-content\/uploads\/2021\/02\/51Wi-0xvweL._AC_SL1000_.jpg\" class=\"custom-image\"><\/noscript><\/p>\n<\/div>\n<div  class=\"about-text-grid-rightgridcol\">\n<div  class=\"about-text-grid-rightgridrow flexbox-list\">\n<div  class=\"about-text-grid-imgcol lazyload\" data-bg=\"image\" style=\"background-image:inherit;\" data-bg-image=\"url(&#039;https:\/\/agds31.fr\/wp-content\/uploads\/2019\/05\/installation-daitem2.jpg&#039;)\"><\/div>\n<div  class=\"about-text-grid-rightgridtextcol\" data-type=\"column\">\n<h5  class=\"\">Vous \u00eates un particulier<\/h5>\n<p  class=\"\">Nous vous proposons l\u2019installation et le d\u00e9pannage de syst\u00e8me d\u2019alarme filaire ou radio<\/p>\n<\/div>\n<div  class=\"about-text-grid-rightgridtextcol\" data-type=\"column\">\n<h5  class=\"\">Vous \u00eates un professionnel<\/h5>\n<p  class=\"\">Nous r\u00e9alisons l\u2019installation et d\u00e9pannage.<br \/>\nNous mettons en oeuvre des syst\u00e8mes d\u2019alarmes des plus simples avec quelques d\u00e9tecteurs au plus \u00e9tendus (multi s\u00eetes).<\/p>\n<\/div>\n<div  class=\"about-text-grid-imgcol2 lazyload\" data-bg=\"image\" style=\"background-image:inherit;\" data-bg-image=\"url(&#039;https:\/\/agds31.fr\/wp-content\/uploads\/2019\/06\/images-16.jpeg&#039;)\"><\/div>\n<\/div>\n<\/div>\n<\/div>\n<\/div>\n<\/div>\n","protected":false},"excerpt":{"rendered":"<p>Alarme Ajax AGDS, installateur d\u2019alarme a s\u00e9lectionn\u00e9 une gamme compl\u00e8te de produits que vous soyez un particulier, une entreprise\u2026.adapt\u00e9e selon vos besoins. + d\u2019infos Vous \u00eates un particulier Nous vous proposons l\u2019installation et le d\u00e9pannage de syst\u00e8me d\u2019alarme filaire ou radio Vous \u00eates un professionnel Nous r\u00e9alisons l\u2019installation et d\u00e9pannage. Nous mettons en oeuvre des [&hellip;]<\/p>\n","protected":false},"author":1,"featured_media":0,"parent":0,"menu_order":0,"comment_status":"closed","ping_status":"closed","template":"full-width-page.php","meta":{"footnotes":""},"class_list":["post-1464","page","type-page","status-publish","hentry"],"yoast_head":"<!-- This site is optimized with the Yoast SEO plugin v24.0 - https:\/\/yoast.com\/wordpress\/plugins\/seo\/ -->\n<title>Alarme - AGDS31 Tel: 0561402125<\/title>\n<meta name=\"robots\" content=\"index, follow, max-snippet:-1, max-image-preview:large, max-video-preview:-1\" \/>\n<link rel=\"canonical\" href=\"https:\/\/www.agds31.fr\/index.php\/alarme-2\/\" \/>\n<meta property=\"og:locale\" content=\"fr_FR\" \/>\n<meta property=\"og:type\" content=\"article\" \/>\n<meta property=\"og:title\" content=\"Alarme - AGDS31 Tel: 0561402125\" \/>\n<meta property=\"og:description\" content=\"Alarme Ajax AGDS, installateur d\u2019alarme a s\u00e9lectionn\u00e9 une gamme compl\u00e8te de produits que vous soyez un particulier, une entreprise\u2026.adapt\u00e9e selon vos besoins. + d\u2019infos Vous \u00eates un particulier Nous vous proposons l\u2019installation et le d\u00e9pannage de syst\u00e8me d\u2019alarme filaire ou radio Vous \u00eates un professionnel Nous r\u00e9alisons l\u2019installation et d\u00e9pannage. Nous mettons en oeuvre des [&hellip;]\" \/>\n<meta property=\"og:url\" content=\"https:\/\/www.agds31.fr\/index.php\/alarme-2\/\" \/>\n<meta property=\"og:site_name\" content=\"AGDS31 Tel: 0561402125\" \/>\n<meta property=\"og:image\" content=\"https:\/\/agds31.fr\/wp-content\/uploads\/2021\/02\/51Wi-0xvweL._AC_SL1000_.jpg\" \/>\n<meta name=\"twitter:card\" content=\"summary_large_image\" \/>\n<script type=\"application\/ld+json\" class=\"yoast-schema-graph\">{\"@context\":\"https:\/\/schema.org\",\"@graph\":[{\"@type\":\"WebPage\",\"@id\":\"https:\/\/www.agds31.fr\/index.php\/alarme-2\/\",\"url\":\"https:\/\/www.agds31.fr\/index.php\/alarme-2\/\",\"name\":\"Alarme - AGDS31 Tel: 0561402125\",\"isPartOf\":{\"@id\":\"https:\/\/www.agds31.fr\/#website\"},\"primaryImageOfPage\":{\"@id\":\"https:\/\/www.agds31.fr\/index.php\/alarme-2\/#primaryimage\"},\"image\":{\"@id\":\"https:\/\/www.agds31.fr\/index.php\/alarme-2\/#primaryimage\"},\"thumbnailUrl\":\"https:\/\/agds31.fr\/wp-content\/uploads\/2021\/02\/51Wi-0xvweL._AC_SL1000_.jpg\",\"datePublished\":\"2019-06-14T16:14:17+00:00\",\"dateModified\":\"2019-06-14T16:14:17+00:00\",\"breadcrumb\":{\"@id\":\"https:\/\/www.agds31.fr\/index.php\/alarme-2\/#breadcrumb\"},\"inLanguage\":\"fr-FR\",\"potentialAction\":[{\"@type\":\"ReadAction\",\"target\":[\"https:\/\/www.agds31.fr\/index.php\/alarme-2\/\"]}]},{\"@type\":\"ImageObject\",\"inLanguage\":\"fr-FR\",\"@id\":\"https:\/\/www.agds31.fr\/index.php\/alarme-2\/#primaryimage\",\"url\":\"https:\/\/agds31.fr\/wp-content\/uploads\/2021\/02\/51Wi-0xvweL._AC_SL1000_.jpg\",\"contentUrl\":\"https:\/\/agds31.fr\/wp-content\/uploads\/2021\/02\/51Wi-0xvweL._AC_SL1000_.jpg\"},{\"@type\":\"BreadcrumbList\",\"@id\":\"https:\/\/www.agds31.fr\/index.php\/alarme-2\/#breadcrumb\",\"itemListElement\":[{\"@type\":\"ListItem\",\"position\":1,\"name\":\"Accueil\",\"item\":\"https:\/\/www.agds31.fr\/\"},{\"@type\":\"ListItem\",\"position\":2,\"name\":\"Alarme\"}]},{\"@type\":\"WebSite\",\"@id\":\"https:\/\/www.agds31.fr\/#website\",\"url\":\"https:\/\/www.agds31.fr\/\",\"name\":\"AGDS31\",\"description\":\"La s\u00e9curit\u00e9 A2P pour particuliers &amp; professionnels \u00e0 Toulouse.\",\"potentialAction\":[{\"@type\":\"SearchAction\",\"target\":{\"@type\":\"EntryPoint\",\"urlTemplate\":\"https:\/\/www.agds31.fr\/?s={search_term_string}\"},\"query-input\":{\"@type\":\"PropertyValueSpecification\",\"valueRequired\":true,\"valueName\":\"search_term_string\"}}],\"inLanguage\":\"fr-FR\"}]}<\/script>\n<!-- \/ Yoast SEO plugin. -->","yoast_head_json":{"title":"Alarme - AGDS31 Tel: 0561402125","robots":{"index":"index","follow":"follow","max-snippet":"max-snippet:-1","max-image-preview":"max-image-preview:large","max-video-preview":"max-video-preview:-1"},"canonical":"https:\/\/www.agds31.fr\/index.php\/alarme-2\/","og_locale":"fr_FR","og_type":"article","og_title":"Alarme - AGDS31 Tel: 0561402125","og_description":"Alarme Ajax AGDS, installateur d\u2019alarme a s\u00e9lectionn\u00e9 une gamme compl\u00e8te de produits que vous soyez un particulier, une entreprise\u2026.adapt\u00e9e selon vos besoins. + d\u2019infos Vous \u00eates un particulier Nous vous proposons l\u2019installation et le d\u00e9pannage de syst\u00e8me d\u2019alarme filaire ou radio Vous \u00eates un professionnel Nous r\u00e9alisons l\u2019installation et d\u00e9pannage. Nous mettons en oeuvre des [&hellip;]","og_url":"https:\/\/www.agds31.fr\/index.php\/alarme-2\/","og_site_name":"AGDS31 Tel: 0561402125","og_image":[{"url":"https:\/\/agds31.fr\/wp-content\/uploads\/2021\/02\/51Wi-0xvweL._AC_SL1000_.jpg","type":"","width":"","height":""}],"twitter_card":"summary_large_image","schema":{"@context":"https:\/\/schema.org","@graph":[{"@type":"WebPage","@id":"https:\/\/www.agds31.fr\/index.php\/alarme-2\/","url":"https:\/\/www.agds31.fr\/index.php\/alarme-2\/","name":"Alarme - AGDS31 Tel: 0561402125","isPartOf":{"@id":"https:\/\/www.agds31.fr\/#website"},"primaryImageOfPage":{"@id":"https:\/\/www.agds31.fr\/index.php\/alarme-2\/#primaryimage"},"image":{"@id":"https:\/\/www.agds31.fr\/index.php\/alarme-2\/#primaryimage"},"thumbnailUrl":"https:\/\/agds31.fr\/wp-content\/uploads\/2021\/02\/51Wi-0xvweL._AC_SL1000_.jpg","datePublished":"2019-06-14T16:14:17+00:00","dateModified":"2019-06-14T16:14:17+00:00","breadcrumb":{"@id":"https:\/\/www.agds31.fr\/index.php\/alarme-2\/#breadcrumb"},"inLanguage":"fr-FR","potentialAction":[{"@type":"ReadAction","target":["https:\/\/www.agds31.fr\/index.php\/alarme-2\/"]}]},{"@type":"ImageObject","inLanguage":"fr-FR","@id":"https:\/\/www.agds31.fr\/index.php\/alarme-2\/#primaryimage","url":"https:\/\/agds31.fr\/wp-content\/uploads\/2021\/02\/51Wi-0xvweL._AC_SL1000_.jpg","contentUrl":"https:\/\/agds31.fr\/wp-content\/uploads\/2021\/02\/51Wi-0xvweL._AC_SL1000_.jpg"},{"@type":"BreadcrumbList","@id":"https:\/\/www.agds31.fr\/index.php\/alarme-2\/#breadcrumb","itemListElement":[{"@type":"ListItem","position":1,"name":"Accueil","item":"https:\/\/www.agds31.fr\/"},{"@type":"ListItem","position":2,"name":"Alarme"}]},{"@type":"WebSite","@id":"https:\/\/www.agds31.fr\/#website","url":"https:\/\/www.agds31.fr\/","name":"AGDS31","description":"La s\u00e9curit\u00e9 A2P pour particuliers &amp; professionnels \u00e0 Toulouse.","potentialAction":[{"@type":"SearchAction","target":{"@type":"EntryPoint","urlTemplate":"https:\/\/www.agds31.fr\/?s={search_term_string}"},"query-input":{"@type":"PropertyValueSpecification","valueRequired":true,"valueName":"search_term_string"}}],"inLanguage":"fr-FR"}]}},"_links":{"self":[{"href":"https:\/\/www.agds31.fr\/index.php\/wp-json\/wp\/v2\/pages\/1464","targetHints":{"allow":["GET"]}}],"collection":[{"href":"https:\/\/www.agds31.fr\/index.php\/wp-json\/wp\/v2\/pages"}],"about":[{"href":"https:\/\/www.agds31.fr\/index.php\/wp-json\/wp\/v2\/types\/page"}],"author":[{"embeddable":true,"href":"https:\/\/www.agds31.fr\/index.php\/wp-json\/wp\/v2\/users\/1"}],"replies":[{"embeddable":true,"href":"https:\/\/www.agds31.fr\/index.php\/wp-json\/wp\/v2\/comments?post=1464"}],"version-history":[{"count":0,"href":"https:\/\/www.agds31.fr\/index.php\/wp-json\/wp\/v2\/pages\/1464\/revisions"}],"wp:attachment":[{"href":"https:\/\/www.agds31.fr\/index.php\/wp-json\/wp\/v2\/media?parent=1464"}],"curies":[{"name":"wp","href":"https:\/\/api.w.org\/{rel}","templated":true}]}}