{"id":1500,"date":"2019-06-17T09:06:38","date_gmt":"2019-06-17T07:06:38","guid":{"rendered":"https:\/\/agds31.fr\/?page_id=1500"},"modified":"2019-06-17T09:06:38","modified_gmt":"2019-06-17T07:06:38","slug":"bloc-porte","status":"publish","type":"page","link":"https:\/\/www.agds31.fr\/index.php\/bloc-porte\/","title":{"rendered":"Bloc porte"},"content":{"rendered":"<div data-label=\"Content\" data-id=\"content-full-left-image-section\" data-category=\"content\" class=\"content-full-left-image-section\" id=\"content-1\" style=\"background-color: #ffffff;\">\n<div class=\"content-full-left-image-innerrow\">\n<div class=\"content-full-left-image-textcol dynamic-color\">\n<div data-type=\"column\" class=\"\">\n<h5 class=\"\">Serrure 3 points \u2013 Serrure 5 points \u2013 \u00a0Bloc porte Blind\u00e9 Fichet<\/h5>\n<p class=\"\">Large choix de mod\u00e8les : Serrures multipoints de haute s\u00e9curit\u00e9 Toutes nos serrures multipoints de 4 \u00e0 9 points de fermeture sont fabriqu\u00e9es en France. Elles b\u00e9n\u00e9ficient des derni\u00e8res innovations techniques vous assurant un haut niveau de s\u00e9curit\u00e9.<\/p>\n<p><a href=\"https:\/\/agds31.fr\/devis-en-ligne\/contact\" class=\"\" target=\"_self\" rel=\"noopener\">Demander un devis<\/a><\/p>\n<\/div>\n<div class=\"content-full-left-image-featuresrow\">\n<div class=\"content-full-left-image-featurescol\" data-type=\"column\">\n<h5 class=\"\">\u00a0Bloc porte Foxeo<\/h5>\n<p class=\"\"><a href=\"https:\/\/agds31.fr\/2019\/06\/17\/molena\" target=\"_self\" rel=\"noopener\">+ d\u2019infos<\/a><\/p>\n<h5 class=\"\">Bloc porte Protecdoor<\/h5>\n<p class=\"\"><a href=\"https:\/\/agds31.fr\/2019\/06\/17\/melissa\" target=\"_self\" rel=\"noopener\">+ d\u2019infos<\/a><\/p>\n<\/div>\n<div class=\"content-full-left-image-featurescol\" data-type=\"column\">\n<h5 class=\"\">Bloc porte FoxeoS<\/h5>\n<p class=\"\"><a href=\"https:\/\/agds31.fr\/2019\/06\/17\/irissa-2\" target=\"_self\" rel=\"noopener\">+ d\u2019infos<\/a><\/p>\n<h5 class=\"\">Bloc porte Spheris<\/h5>\n<p class=\"\"><a href=\"https:\/\/agds31.fr\/2019\/06\/17\/irissa\" target=\"_self\" rel=\"noopener\">+ d\u2019infos<\/a><\/p>\n<\/div>\n<\/div>\n<\/div>\n<\/div>\n<\/div>\n","protected":false},"excerpt":{"rendered":"<p>Serrure 3 points \u2013 Serrure 5 points \u2013 \u00a0Bloc porte Blind\u00e9 Fichet Large choix de mod\u00e8les : Serrures multipoints de haute s\u00e9curit\u00e9 Toutes nos serrures multipoints de 4 \u00e0 9 points de fermeture sont fabriqu\u00e9es en France. Elles b\u00e9n\u00e9ficient des derni\u00e8res innovations techniques vous assurant un haut niveau de s\u00e9curit\u00e9. Demander un devis \u00a0Bloc porte [&hellip;]<\/p>\n","protected":false},"author":1,"featured_media":0,"parent":0,"menu_order":0,"comment_status":"closed","ping_status":"closed","template":"full-width-page.php","meta":{"footnotes":""},"class_list":["post-1500","page","type-page","status-publish","hentry"],"yoast_head":"<!-- This site is optimized with the Yoast SEO plugin v24.0 - https:\/\/yoast.com\/wordpress\/plugins\/seo\/ -->\n<title>Bloc porte - AGDS31 Tel: 0561402125<\/title>\n<meta name=\"robots\" content=\"index, follow, max-snippet:-1, max-image-preview:large, max-video-preview:-1\" \/>\n<link rel=\"canonical\" href=\"https:\/\/www.agds31.fr\/index.php\/bloc-porte\/\" \/>\n<meta property=\"og:locale\" content=\"fr_FR\" \/>\n<meta property=\"og:type\" content=\"article\" \/>\n<meta property=\"og:title\" content=\"Bloc porte - AGDS31 Tel: 0561402125\" \/>\n<meta property=\"og:description\" content=\"Serrure 3 points \u2013 Serrure 5 points \u2013 \u00a0Bloc porte Blind\u00e9 Fichet Large choix de mod\u00e8les : Serrures multipoints de haute s\u00e9curit\u00e9 Toutes nos serrures multipoints de 4 \u00e0 9 points de fermeture sont fabriqu\u00e9es en France. Elles b\u00e9n\u00e9ficient des derni\u00e8res innovations techniques vous assurant un haut niveau de s\u00e9curit\u00e9. Demander un devis \u00a0Bloc porte [&hellip;]\" \/>\n<meta property=\"og:url\" content=\"https:\/\/www.agds31.fr\/index.php\/bloc-porte\/\" \/>\n<meta property=\"og:site_name\" content=\"AGDS31 Tel: 0561402125\" \/>\n<meta name=\"twitter:card\" content=\"summary_large_image\" \/>\n<script type=\"application\/ld+json\" class=\"yoast-schema-graph\">{\"@context\":\"https:\/\/schema.org\",\"@graph\":[{\"@type\":\"WebPage\",\"@id\":\"https:\/\/www.agds31.fr\/index.php\/bloc-porte\/\",\"url\":\"https:\/\/www.agds31.fr\/index.php\/bloc-porte\/\",\"name\":\"Bloc porte - AGDS31 Tel: 0561402125\",\"isPartOf\":{\"@id\":\"https:\/\/www.agds31.fr\/#website\"},\"datePublished\":\"2019-06-17T07:06:38+00:00\",\"dateModified\":\"2019-06-17T07:06:38+00:00\",\"breadcrumb\":{\"@id\":\"https:\/\/www.agds31.fr\/index.php\/bloc-porte\/#breadcrumb\"},\"inLanguage\":\"fr-FR\",\"potentialAction\":[{\"@type\":\"ReadAction\",\"target\":[\"https:\/\/www.agds31.fr\/index.php\/bloc-porte\/\"]}]},{\"@type\":\"BreadcrumbList\",\"@id\":\"https:\/\/www.agds31.fr\/index.php\/bloc-porte\/#breadcrumb\",\"itemListElement\":[{\"@type\":\"ListItem\",\"position\":1,\"name\":\"Accueil\",\"item\":\"https:\/\/www.agds31.fr\/\"},{\"@type\":\"ListItem\",\"position\":2,\"name\":\"Bloc porte\"}]},{\"@type\":\"WebSite\",\"@id\":\"https:\/\/www.agds31.fr\/#website\",\"url\":\"https:\/\/www.agds31.fr\/\",\"name\":\"AGDS31\",\"description\":\"La s\u00e9curit\u00e9 A2P pour particuliers &amp; professionnels \u00e0 Toulouse.\",\"potentialAction\":[{\"@type\":\"SearchAction\",\"target\":{\"@type\":\"EntryPoint\",\"urlTemplate\":\"https:\/\/www.agds31.fr\/?s={search_term_string}\"},\"query-input\":{\"@type\":\"PropertyValueSpecification\",\"valueRequired\":true,\"valueName\":\"search_term_string\"}}],\"inLanguage\":\"fr-FR\"}]}<\/script>\n<!-- \/ Yoast SEO plugin. -->","yoast_head_json":{"title":"Bloc porte - AGDS31 Tel: 0561402125","robots":{"index":"index","follow":"follow","max-snippet":"max-snippet:-1","max-image-preview":"max-image-preview:large","max-video-preview":"max-video-preview:-1"},"canonical":"https:\/\/www.agds31.fr\/index.php\/bloc-porte\/","og_locale":"fr_FR","og_type":"article","og_title":"Bloc porte - AGDS31 Tel: 0561402125","og_description":"Serrure 3 points \u2013 Serrure 5 points \u2013 \u00a0Bloc porte Blind\u00e9 Fichet Large choix de mod\u00e8les : Serrures multipoints de haute s\u00e9curit\u00e9 Toutes nos serrures multipoints de 4 \u00e0 9 points de fermeture sont fabriqu\u00e9es en France. Elles b\u00e9n\u00e9ficient des derni\u00e8res innovations techniques vous assurant un haut niveau de s\u00e9curit\u00e9. Demander un devis \u00a0Bloc porte [&hellip;]","og_url":"https:\/\/www.agds31.fr\/index.php\/bloc-porte\/","og_site_name":"AGDS31 Tel: 0561402125","twitter_card":"summary_large_image","schema":{"@context":"https:\/\/schema.org","@graph":[{"@type":"WebPage","@id":"https:\/\/www.agds31.fr\/index.php\/bloc-porte\/","url":"https:\/\/www.agds31.fr\/index.php\/bloc-porte\/","name":"Bloc porte - AGDS31 Tel: 0561402125","isPartOf":{"@id":"https:\/\/www.agds31.fr\/#website"},"datePublished":"2019-06-17T07:06:38+00:00","dateModified":"2019-06-17T07:06:38+00:00","breadcrumb":{"@id":"https:\/\/www.agds31.fr\/index.php\/bloc-porte\/#breadcrumb"},"inLanguage":"fr-FR","potentialAction":[{"@type":"ReadAction","target":["https:\/\/www.agds31.fr\/index.php\/bloc-porte\/"]}]},{"@type":"BreadcrumbList","@id":"https:\/\/www.agds31.fr\/index.php\/bloc-porte\/#breadcrumb","itemListElement":[{"@type":"ListItem","position":1,"name":"Accueil","item":"https:\/\/www.agds31.fr\/"},{"@type":"ListItem","position":2,"name":"Bloc porte"}]},{"@type":"WebSite","@id":"https:\/\/www.agds31.fr\/#website","url":"https:\/\/www.agds31.fr\/","name":"AGDS31","description":"La s\u00e9curit\u00e9 A2P pour particuliers &amp; professionnels \u00e0 Toulouse.","potentialAction":[{"@type":"SearchAction","target":{"@type":"EntryPoint","urlTemplate":"https:\/\/www.agds31.fr\/?s={search_term_string}"},"query-input":{"@type":"PropertyValueSpecification","valueRequired":true,"valueName":"search_term_string"}}],"inLanguage":"fr-FR"}]}},"_links":{"self":[{"href":"https:\/\/www.agds31.fr\/index.php\/wp-json\/wp\/v2\/pages\/1500","targetHints":{"allow":["GET"]}}],"collection":[{"href":"https:\/\/www.agds31.fr\/index.php\/wp-json\/wp\/v2\/pages"}],"about":[{"href":"https:\/\/www.agds31.fr\/index.php\/wp-json\/wp\/v2\/types\/page"}],"author":[{"embeddable":true,"href":"https:\/\/www.agds31.fr\/index.php\/wp-json\/wp\/v2\/users\/1"}],"replies":[{"embeddable":true,"href":"https:\/\/www.agds31.fr\/index.php\/wp-json\/wp\/v2\/comments?post=1500"}],"version-history":[{"count":0,"href":"https:\/\/www.agds31.fr\/index.php\/wp-json\/wp\/v2\/pages\/1500\/revisions"}],"wp:attachment":[{"href":"https:\/\/www.agds31.fr\/index.php\/wp-json\/wp\/v2\/media?parent=1500"}],"curies":[{"name":"wp","href":"https:\/\/api.w.org\/{rel}","templated":true}]}}