{"id":152,"date":"2024-08-22T16:56:26","date_gmt":"2024-08-22T14:56:26","guid":{"rendered":"http:\/\/www.agds31.fr\/index.php\/one-page-express\/"},"modified":"2024-09-19T12:00:13","modified_gmt":"2024-09-19T10:00:13","slug":"one-page-express","status":"publish","type":"page","link":"https:\/\/www.agds31.fr\/","title":{"rendered":"Accueil"},"content":{"rendered":"<div id=\"overlapable-2\" class=\"features-coloured-icon-boxes-section\" style=\"background-color: #ffffff;\" data-label=\"Overlapable\" data-id=\"stripped-coloured-icon-boxes\" data-category=\"overlapable\" data-overlap=\"true\">\n<div class=\"gridContainer\">\n<div class=\"features-coloured-icon-boxes-innerrow flexbox-list dark-text\" data-type=\"row\">\n<div class=\"features-coloured-icon-boxes-featurecol cp3cols\">\n<div class=\"features-coloured-icon-boxes-iconcontainer\" data-content-item-container=\"true\"><\/div>\n<h4>Porte d&rsquo;entr\u00e9e d&rsquo;immeuble<\/h4>\n<p class=\"\">Nos portes se diff\u00e9rencient par une multitude de d\u00e9tails techniques qui en font un produit unique sur le march\u00e9 de la construction, d&rsquo;une grande long\u00e9vit\u00e9 et n\u00e9cessitant peu de r\u00e9glages et entretiens\u00a0:\u00a0porte sur pivot, syst\u00e8me de cadre \u00e0 vitrage sans parclose et sans vis apparente, joint en U inarrachable\u2026<\/p>\n<p><img loading=\"lazy\" decoding=\"async\" class=\"alignnone size-medium wp-image-332 lazyload\" data-src=\"http:\/\/www.agds31.fr\/wp-content\/uploads\/2024\/08\/IMG_6286-300x225.jpg\" alt=\"\" width=\"300\" height=\"225\" data-srcset=\"https:\/\/www.agds31.fr\/wp-content\/uploads\/2024\/08\/IMG_6286-300x225.jpg 300w, https:\/\/www.agds31.fr\/wp-content\/uploads\/2024\/08\/IMG_6286.jpg 640w\" data-sizes=\"auto, (max-width: 300px) 100vw, 300px\" src=\"data:image\/gif;base64,R0lGODlhAQABAAAAACH5BAEKAAEALAAAAAABAAEAAAICTAEAOw==\" style=\"--smush-placeholder-width: 300px; --smush-placeholder-aspect-ratio: 300\/225;\" \/><noscript><img loading=\"lazy\" decoding=\"async\" class=\"alignnone size-medium wp-image-332\" src=\"http:\/\/www.agds31.fr\/wp-content\/uploads\/2024\/08\/IMG_6286-300x225.jpg\" alt=\"\" width=\"300\" height=\"225\" srcset=\"https:\/\/www.agds31.fr\/wp-content\/uploads\/2024\/08\/IMG_6286-300x225.jpg 300w, https:\/\/www.agds31.fr\/wp-content\/uploads\/2024\/08\/IMG_6286.jpg 640w\" sizes=\"auto, (max-width: 300px) 100vw, 300px\" \/><\/noscript><\/p>\n<p><a class=\"features-coloured-button\" href=\"https:\/\/www.cibox.com\/fr\/\">En savoir plus<\/a><\/p>\n<\/div>\n<div class=\"features-coloured-icon-boxes-featurecol cp3cols\">\n<div class=\"features-coloured-icon-boxes-iconcontainer\" data-content-item-container=\"true\"><\/div>\n<h4 class=\"\">Electricit\u00e9<\/h4>\n<p class=\"bodytext\">De l&rsquo;installation de votre syst\u00e8me \u00e9lectrique complet, \u00e0 la pose d&rsquo;un interphone, de prises .<\/p>\n<p class=\"bodytext\">Mais aussi du d\u00e9pannage, de la mise aux normes \/ conformit\u00e9 du tableau \u00e9lectrique.<\/p>\n<p><a class=\"features-coloured-button\" href=\"https:\/\/www.agds31.fr\/index.php\/electricite\/\">En savoir plus<\/a><\/p>\n<\/div>\n<div class=\"features-coloured-icon-boxes-featurecol cp3cols\">\n<div class=\"features-coloured-icon-boxes-iconcontainer\" data-content-item-container=\"true\"><\/div>\n<h4 class=\"\">Serrurerie -Portes Blind\u00e9es<\/h4>\n<p class=\"\">Nous effectuons des r\u00e9parations, installons des portes, Tous nos devis sont\u00a0 gratuits\u00a0 .<\/p>\n<p class=\"\">Qu&rsquo;il s&rsquo;agisse d&rsquo;une serrure simples ou d&rsquo;une porte blind\u00e9e.<\/p>\n<p><img loading=\"lazy\" decoding=\"async\" class=\"alignnone size-medium wp-image-172 lazyload\" data-src=\"http:\/\/www.agds31.fr\/wp-content\/uploads\/2024\/08\/Lac2IntNouveau.JPG-225x300.jpg\" alt=\"\" width=\"225\" height=\"300\" data-srcset=\"https:\/\/www.agds31.fr\/wp-content\/uploads\/2024\/08\/Lac2IntNouveau.JPG-225x300.jpg 225w, https:\/\/www.agds31.fr\/wp-content\/uploads\/2024\/08\/Lac2IntNouveau.JPG-768x1024.jpg 768w, https:\/\/www.agds31.fr\/wp-content\/uploads\/2024\/08\/Lac2IntNouveau.JPG-1152x1536.jpg 1152w, https:\/\/www.agds31.fr\/wp-content\/uploads\/2024\/08\/Lac2IntNouveau.JPG-1536x2048.jpg 1536w, https:\/\/www.agds31.fr\/wp-content\/uploads\/2024\/08\/Lac2IntNouveau.JPG-scaled.jpg 1920w\" data-sizes=\"auto, (max-width: 225px) 100vw, 225px\" src=\"data:image\/gif;base64,R0lGODlhAQABAAAAACH5BAEKAAEALAAAAAABAAEAAAICTAEAOw==\" style=\"--smush-placeholder-width: 225px; --smush-placeholder-aspect-ratio: 225\/300;\" \/><noscript><img loading=\"lazy\" decoding=\"async\" class=\"alignnone size-medium wp-image-172\" src=\"http:\/\/www.agds31.fr\/wp-content\/uploads\/2024\/08\/Lac2IntNouveau.JPG-225x300.jpg\" alt=\"\" width=\"225\" height=\"300\" srcset=\"https:\/\/www.agds31.fr\/wp-content\/uploads\/2024\/08\/Lac2IntNouveau.JPG-225x300.jpg 225w, https:\/\/www.agds31.fr\/wp-content\/uploads\/2024\/08\/Lac2IntNouveau.JPG-768x1024.jpg 768w, https:\/\/www.agds31.fr\/wp-content\/uploads\/2024\/08\/Lac2IntNouveau.JPG-1152x1536.jpg 1152w, https:\/\/www.agds31.fr\/wp-content\/uploads\/2024\/08\/Lac2IntNouveau.JPG-1536x2048.jpg 1536w, https:\/\/www.agds31.fr\/wp-content\/uploads\/2024\/08\/Lac2IntNouveau.JPG-scaled.jpg 1920w\" sizes=\"auto, (max-width: 225px) 100vw, 225px\" \/><\/noscript><img loading=\"lazy\" decoding=\"async\" class=\"alignnone size-medium wp-image-2490 lazyload\" data-src=\"http:\/\/www.agds31.fr\/wp-content\/uploads\/2024\/08\/serrure-alicea-s-xp-300x300.webp\" alt=\"\" width=\"300\" height=\"300\" data-srcset=\"https:\/\/www.agds31.fr\/wp-content\/uploads\/2024\/08\/serrure-alicea-s-xp-300x300.webp 300w, https:\/\/www.agds31.fr\/wp-content\/uploads\/2024\/08\/serrure-alicea-s-xp-1024x1024.webp 1024w, https:\/\/www.agds31.fr\/wp-content\/uploads\/2024\/08\/serrure-alicea-s-xp-150x150.webp 150w, https:\/\/www.agds31.fr\/wp-content\/uploads\/2024\/08\/serrure-alicea-s-xp-768x768.webp 768w, https:\/\/www.agds31.fr\/wp-content\/uploads\/2024\/08\/serrure-alicea-s-xp.webp 1080w\" data-sizes=\"auto, (max-width: 300px) 100vw, 300px\" src=\"data:image\/gif;base64,R0lGODlhAQABAAAAACH5BAEKAAEALAAAAAABAAEAAAICTAEAOw==\" style=\"--smush-placeholder-width: 300px; --smush-placeholder-aspect-ratio: 300\/300;\" \/><noscript><img loading=\"lazy\" decoding=\"async\" class=\"alignnone size-medium wp-image-2490\" src=\"http:\/\/www.agds31.fr\/wp-content\/uploads\/2024\/08\/serrure-alicea-s-xp-300x300.webp\" alt=\"\" width=\"300\" height=\"300\" srcset=\"https:\/\/www.agds31.fr\/wp-content\/uploads\/2024\/08\/serrure-alicea-s-xp-300x300.webp 300w, https:\/\/www.agds31.fr\/wp-content\/uploads\/2024\/08\/serrure-alicea-s-xp-1024x1024.webp 1024w, https:\/\/www.agds31.fr\/wp-content\/uploads\/2024\/08\/serrure-alicea-s-xp-150x150.webp 150w, https:\/\/www.agds31.fr\/wp-content\/uploads\/2024\/08\/serrure-alicea-s-xp-768x768.webp 768w, https:\/\/www.agds31.fr\/wp-content\/uploads\/2024\/08\/serrure-alicea-s-xp.webp 1080w\" sizes=\"auto, (max-width: 300px) 100vw, 300px\" \/><\/noscript><img loading=\"lazy\" decoding=\"async\" class=\"alignnone size-medium wp-image-2515 lazyload\" data-src=\"http:\/\/www.agds31.fr\/wp-content\/uploads\/2024\/08\/serrure-multipoints-fichet-multipoint-Enghien-les-Bains-263x300.jpg\" alt=\"\" width=\"263\" height=\"300\" data-srcset=\"https:\/\/www.agds31.fr\/wp-content\/uploads\/2024\/08\/serrure-multipoints-fichet-multipoint-Enghien-les-Bains-263x300.jpg 263w, https:\/\/www.agds31.fr\/wp-content\/uploads\/2024\/08\/serrure-multipoints-fichet-multipoint-Enghien-les-Bains.jpg 700w\" data-sizes=\"auto, (max-width: 263px) 100vw, 263px\" src=\"data:image\/gif;base64,R0lGODlhAQABAAAAACH5BAEKAAEALAAAAAABAAEAAAICTAEAOw==\" style=\"--smush-placeholder-width: 263px; --smush-placeholder-aspect-ratio: 263\/300;\" \/><noscript><img loading=\"lazy\" decoding=\"async\" class=\"alignnone size-medium wp-image-2515\" src=\"http:\/\/www.agds31.fr\/wp-content\/uploads\/2024\/08\/serrure-multipoints-fichet-multipoint-Enghien-les-Bains-263x300.jpg\" alt=\"\" width=\"263\" height=\"300\" srcset=\"https:\/\/www.agds31.fr\/wp-content\/uploads\/2024\/08\/serrure-multipoints-fichet-multipoint-Enghien-les-Bains-263x300.jpg 263w, https:\/\/www.agds31.fr\/wp-content\/uploads\/2024\/08\/serrure-multipoints-fichet-multipoint-Enghien-les-Bains.jpg 700w\" sizes=\"auto, (max-width: 263px) 100vw, 263px\" \/><\/noscript><\/p>\n<p><a class=\"features-coloured-button\" href=\"https:\/\/www.agds31.fr\/index.php\/serrurerie\/\">En savoir plus<\/a><\/p>\n<\/div>\n<div class=\"features-coloured-icon-boxes-featurecol cp3cols\">\n<div class=\"features-coloured-icon-boxes-iconcontainer\" data-content-item-container=\"true\"><\/div>\n<h4 class=\"\">Alarme sans fil ou Filaire<\/h4>\n<p class=\"\">Ajax prot\u00e9gera votre famille et votre entreprise contre les cambrioleurs, les incendies ou les inondations. En cas d\u2019incident,\u00a0le syst\u00e8me vous avertira instantan\u00e9ment via l\u2019application mobile, et pourra alerter le centre de t\u00e9l\u00e9surveillance de votre choix.<\/p>\n<p><img loading=\"lazy\" decoding=\"async\" class=\"alignnone size-medium wp-image-330 lazyload\" data-src=\"http:\/\/www.agds31.fr\/wp-content\/uploads\/2024\/08\/download-300x200.jpg\" alt=\"\" width=\"300\" height=\"200\" data-srcset=\"https:\/\/www.agds31.fr\/wp-content\/uploads\/2024\/08\/download-300x200.jpg 300w, https:\/\/www.agds31.fr\/wp-content\/uploads\/2024\/08\/download.jpg 306w\" data-sizes=\"auto, (max-width: 300px) 100vw, 300px\" src=\"data:image\/gif;base64,R0lGODlhAQABAAAAACH5BAEKAAEALAAAAAABAAEAAAICTAEAOw==\" style=\"--smush-placeholder-width: 300px; --smush-placeholder-aspect-ratio: 300\/200;\" \/><noscript><img loading=\"lazy\" decoding=\"async\" class=\"alignnone size-medium wp-image-330\" src=\"http:\/\/www.agds31.fr\/wp-content\/uploads\/2024\/08\/download-300x200.jpg\" alt=\"\" width=\"300\" height=\"200\" srcset=\"https:\/\/www.agds31.fr\/wp-content\/uploads\/2024\/08\/download-300x200.jpg 300w, https:\/\/www.agds31.fr\/wp-content\/uploads\/2024\/08\/download.jpg 306w\" sizes=\"auto, (max-width: 300px) 100vw, 300px\" \/><\/noscript><\/p>\n<p><a class=\"features-coloured-button\" href=\"#\">En savoir plus<\/a><\/p>\n<\/div>\n<\/div>\n<\/div>\n<\/div>\n<div id=\"team-1\" class=\"team-colors-section\" style=\"background-color: #ffffff;\" data-label=\"Team\" data-id=\"team-colors-section\" data-category=\"team\">\n<div class=\"gridContainer\">\n<div class=\"team-colors-membersrow dark-text\" data-type=\"row\">\n<div class=\"team-colors-membercol cp3cols cp6cols-tablet\">\n<div class=\"team-colors-membercard\">\n<div class=\"team-colors-memberinfo\" data-type=\"column\"><\/div>\n<\/div>\n<\/div>\n<\/div>\n<\/div>\n<\/div>\n<div id=\"contact-4\" class=\"contact-section-formsection white-text\" data-label=\"Contact\" data-id=\"contact-section\" data-category=\"contact\" data-bg=\"transparent\">\n<div class=\"gridContainer\">\n<div class=\"contact-formcol\" data-content-shortcode=\"one_page_express_contact_form\" data-editable=\"true\"><\/div>\n<\/div>\n<\/div>\n","protected":false},"excerpt":{"rendered":"<p>Porte d&rsquo;entr\u00e9e d&rsquo;immeuble Nos portes se diff\u00e9rencient par une multitude de d\u00e9tails techniques qui en font un produit unique sur le march\u00e9 de la construction, d&rsquo;une grande long\u00e9vit\u00e9 et n\u00e9cessitant peu de r\u00e9glages et entretiens\u00a0:\u00a0porte sur pivot, syst\u00e8me de cadre \u00e0 vitrage sans parclose et sans vis apparente, joint en U inarrachable\u2026 En savoir plus [&hellip;]<\/p>\n","protected":false},"author":1,"featured_media":0,"parent":0,"menu_order":0,"comment_status":"closed","ping_status":"closed","template":"","meta":{"footnotes":""},"class_list":["post-152","page","type-page","status-publish","hentry"],"yoast_head":"<!-- This site is optimized with the Yoast SEO plugin v24.0 - https:\/\/yoast.com\/wordpress\/plugins\/seo\/ -->\n<title>Accueil - AGDS31 Tel: 0561402125<\/title>\n<meta name=\"description\" content=\"Porte d&#039;entr\u00e9e d&#039;immeuble Cibox\" \/>\n<meta name=\"robots\" content=\"index, follow, max-snippet:-1, max-image-preview:large, max-video-preview:-1\" \/>\n<link rel=\"canonical\" href=\"https:\/\/www.agds31.fr\/\" \/>\n<meta property=\"og:locale\" content=\"fr_FR\" \/>\n<meta property=\"og:type\" content=\"article\" \/>\n<meta property=\"og:title\" content=\"Accueil - AGDS31 Tel: 0561402125\" \/>\n<meta property=\"og:description\" content=\"Porte d&#039;entr\u00e9e d&#039;immeuble Cibox\" \/>\n<meta property=\"og:url\" content=\"https:\/\/www.agds31.fr\/\" \/>\n<meta property=\"og:site_name\" content=\"AGDS31 Tel: 0561402125\" \/>\n<meta property=\"article:modified_time\" content=\"2024-09-19T10:00:13+00:00\" \/>\n<meta property=\"og:image\" content=\"http:\/\/www.agds31.fr\/wp-content\/uploads\/2024\/08\/IMG_6286-300x225.jpg\" \/>\n<meta name=\"twitter:card\" content=\"summary_large_image\" \/>\n<meta name=\"twitter:label1\" content=\"Dur\u00e9e de lecture estim\u00e9e\" \/>\n\t<meta name=\"twitter:data1\" content=\"2 minutes\" \/>\n<script type=\"application\/ld+json\" class=\"yoast-schema-graph\">{\"@context\":\"https:\/\/schema.org\",\"@graph\":[{\"@type\":\"WebPage\",\"@id\":\"https:\/\/www.agds31.fr\/\",\"url\":\"https:\/\/www.agds31.fr\/\",\"name\":\"Accueil - AGDS31 Tel: 0561402125\",\"isPartOf\":{\"@id\":\"https:\/\/www.agds31.fr\/#website\"},\"primaryImageOfPage\":{\"@id\":\"https:\/\/www.agds31.fr\/#primaryimage\"},\"image\":{\"@id\":\"https:\/\/www.agds31.fr\/#primaryimage\"},\"thumbnailUrl\":\"http:\/\/www.agds31.fr\/wp-content\/uploads\/2024\/08\/IMG_6286-300x225.jpg\",\"datePublished\":\"2024-08-22T14:56:26+00:00\",\"dateModified\":\"2024-09-19T10:00:13+00:00\",\"description\":\"Porte d'entr\u00e9e d'immeuble Cibox\",\"breadcrumb\":{\"@id\":\"https:\/\/www.agds31.fr\/#breadcrumb\"},\"inLanguage\":\"fr-FR\",\"potentialAction\":[{\"@type\":\"ReadAction\",\"target\":[\"https:\/\/www.agds31.fr\/\"]}]},{\"@type\":\"ImageObject\",\"inLanguage\":\"fr-FR\",\"@id\":\"https:\/\/www.agds31.fr\/#primaryimage\",\"url\":\"https:\/\/www.agds31.fr\/wp-content\/uploads\/2024\/08\/IMG_6286.jpg\",\"contentUrl\":\"https:\/\/www.agds31.fr\/wp-content\/uploads\/2024\/08\/IMG_6286.jpg\",\"width\":640,\"height\":480},{\"@type\":\"BreadcrumbList\",\"@id\":\"https:\/\/www.agds31.fr\/#breadcrumb\",\"itemListElement\":[{\"@type\":\"ListItem\",\"position\":1,\"name\":\"Accueil\",\"item\":\"https:\/\/www.agds31.fr\/\"},{\"@type\":\"ListItem\",\"position\":2,\"name\":\"Accueil\"}]},{\"@type\":\"WebSite\",\"@id\":\"https:\/\/www.agds31.fr\/#website\",\"url\":\"https:\/\/www.agds31.fr\/\",\"name\":\"AGDS31\",\"description\":\"La s\u00e9curit\u00e9 A2P pour particuliers &amp; professionnels \u00e0 Toulouse.\",\"potentialAction\":[{\"@type\":\"SearchAction\",\"target\":{\"@type\":\"EntryPoint\",\"urlTemplate\":\"https:\/\/www.agds31.fr\/?s={search_term_string}\"},\"query-input\":{\"@type\":\"PropertyValueSpecification\",\"valueRequired\":true,\"valueName\":\"search_term_string\"}}],\"inLanguage\":\"fr-FR\"}]}<\/script>\n<!-- \/ Yoast SEO plugin. -->","yoast_head_json":{"title":"Accueil - AGDS31 Tel: 0561402125","description":"Porte d'entr\u00e9e d'immeuble Cibox","robots":{"index":"index","follow":"follow","max-snippet":"max-snippet:-1","max-image-preview":"max-image-preview:large","max-video-preview":"max-video-preview:-1"},"canonical":"https:\/\/www.agds31.fr\/","og_locale":"fr_FR","og_type":"article","og_title":"Accueil - AGDS31 Tel: 0561402125","og_description":"Porte d'entr\u00e9e d'immeuble Cibox","og_url":"https:\/\/www.agds31.fr\/","og_site_name":"AGDS31 Tel: 0561402125","article_modified_time":"2024-09-19T10:00:13+00:00","og_image":[{"url":"http:\/\/www.agds31.fr\/wp-content\/uploads\/2024\/08\/IMG_6286-300x225.jpg","type":"","width":"","height":""}],"twitter_card":"summary_large_image","twitter_misc":{"Dur\u00e9e de lecture estim\u00e9e":"2 minutes"},"schema":{"@context":"https:\/\/schema.org","@graph":[{"@type":"WebPage","@id":"https:\/\/www.agds31.fr\/","url":"https:\/\/www.agds31.fr\/","name":"Accueil - AGDS31 Tel: 0561402125","isPartOf":{"@id":"https:\/\/www.agds31.fr\/#website"},"primaryImageOfPage":{"@id":"https:\/\/www.agds31.fr\/#primaryimage"},"image":{"@id":"https:\/\/www.agds31.fr\/#primaryimage"},"thumbnailUrl":"http:\/\/www.agds31.fr\/wp-content\/uploads\/2024\/08\/IMG_6286-300x225.jpg","datePublished":"2024-08-22T14:56:26+00:00","dateModified":"2024-09-19T10:00:13+00:00","description":"Porte d'entr\u00e9e d'immeuble Cibox","breadcrumb":{"@id":"https:\/\/www.agds31.fr\/#breadcrumb"},"inLanguage":"fr-FR","potentialAction":[{"@type":"ReadAction","target":["https:\/\/www.agds31.fr\/"]}]},{"@type":"ImageObject","inLanguage":"fr-FR","@id":"https:\/\/www.agds31.fr\/#primaryimage","url":"https:\/\/www.agds31.fr\/wp-content\/uploads\/2024\/08\/IMG_6286.jpg","contentUrl":"https:\/\/www.agds31.fr\/wp-content\/uploads\/2024\/08\/IMG_6286.jpg","width":640,"height":480},{"@type":"BreadcrumbList","@id":"https:\/\/www.agds31.fr\/#breadcrumb","itemListElement":[{"@type":"ListItem","position":1,"name":"Accueil","item":"https:\/\/www.agds31.fr\/"},{"@type":"ListItem","position":2,"name":"Accueil"}]},{"@type":"WebSite","@id":"https:\/\/www.agds31.fr\/#website","url":"https:\/\/www.agds31.fr\/","name":"AGDS31","description":"La s\u00e9curit\u00e9 A2P pour particuliers &amp; professionnels \u00e0 Toulouse.","potentialAction":[{"@type":"SearchAction","target":{"@type":"EntryPoint","urlTemplate":"https:\/\/www.agds31.fr\/?s={search_term_string}"},"query-input":{"@type":"PropertyValueSpecification","valueRequired":true,"valueName":"search_term_string"}}],"inLanguage":"fr-FR"}]}},"_links":{"self":[{"href":"https:\/\/www.agds31.fr\/index.php\/wp-json\/wp\/v2\/pages\/152","targetHints":{"allow":["GET"]}}],"collection":[{"href":"https:\/\/www.agds31.fr\/index.php\/wp-json\/wp\/v2\/pages"}],"about":[{"href":"https:\/\/www.agds31.fr\/index.php\/wp-json\/wp\/v2\/types\/page"}],"author":[{"embeddable":true,"href":"https:\/\/www.agds31.fr\/index.php\/wp-json\/wp\/v2\/users\/1"}],"replies":[{"embeddable":true,"href":"https:\/\/www.agds31.fr\/index.php\/wp-json\/wp\/v2\/comments?post=152"}],"version-history":[{"count":12,"href":"https:\/\/www.agds31.fr\/index.php\/wp-json\/wp\/v2\/pages\/152\/revisions"}],"predecessor-version":[{"id":2938,"href":"https:\/\/www.agds31.fr\/index.php\/wp-json\/wp\/v2\/pages\/152\/revisions\/2938"}],"wp:attachment":[{"href":"https:\/\/www.agds31.fr\/index.php\/wp-json\/wp\/v2\/media?parent=152"}],"curies":[{"name":"wp","href":"https:\/\/api.w.org\/{rel}","templated":true}]}}