{"id":1611,"date":"2019-06-17T10:49:47","date_gmt":"2019-06-17T08:49:47","guid":{"rendered":"https:\/\/agds31.fr\/?page_id=1611"},"modified":"2024-08-30T16:24:41","modified_gmt":"2024-08-30T14:24:41","slug":"articles","status":"publish","type":"page","link":"https:\/\/www.agds31.fr\/index.php\/articles\/","title":{"rendered":"R\u00e9alisations"},"content":{"rendered":"<div id=\"portfolio-1\" class=\"portfolio-cards-section\" style=\"background-color: #ffffff;\" data-id=\"portfolio-cards-section\" data-category=\"portfolio\" data-label=\"Portfolio\">\n<div class=\"gridContainer\">\n<div class=\"portfolio-cards-textcol dynamic-color\" data-type=\"column\">\n<h3>Portes<\/h3>\n<\/div>\n<div class=\"portfolio-cards-projectsro dark-text\" data-type=\"row\">\n<div class=\"portfolio-cards-projectcol cp4cols cp6cols-tablet\">\n<div class=\"portfolio-cards-projectcard\">\n<div id=\"ContentSwap104\" class=\"contentswap-effect ContentSwap104\">\n<div class=\"ContentSwap104_content initial-image\">\n<div id=\"attachment_2713\" style=\"width: 250px\" class=\"wp-caption alignnone\"><img loading=\"lazy\" decoding=\"async\" aria-describedby=\"caption-attachment-2713\" class=\"size-medium wp-image-2713 lazyload\" data-src=\"http:\/\/www.agds31.fr\/wp-content\/uploads\/2024\/08\/IMG_6316-240x300.jpg\" alt=\"\" width=\"240\" height=\"300\" data-srcset=\"https:\/\/www.agds31.fr\/wp-content\/uploads\/2024\/08\/IMG_6316-240x300.jpg 240w, https:\/\/www.agds31.fr\/wp-content\/uploads\/2024\/08\/IMG_6316-819x1024.jpg 819w, https:\/\/www.agds31.fr\/wp-content\/uploads\/2024\/08\/IMG_6316-768x960.jpg 768w, https:\/\/www.agds31.fr\/wp-content\/uploads\/2024\/08\/IMG_6316-1229x1536.jpg 1229w, https:\/\/www.agds31.fr\/wp-content\/uploads\/2024\/08\/IMG_6316.jpg 1440w\" data-sizes=\"auto, (max-width: 240px) 100vw, 240px\" src=\"data:image\/gif;base64,R0lGODlhAQABAAAAACH5BAEKAAEALAAAAAABAAEAAAICTAEAOw==\" style=\"--smush-placeholder-width: 240px; --smush-placeholder-aspect-ratio: 240\/300;\" \/><noscript><img loading=\"lazy\" decoding=\"async\" aria-describedby=\"caption-attachment-2713\" class=\"size-medium wp-image-2713\" src=\"http:\/\/www.agds31.fr\/wp-content\/uploads\/2024\/08\/IMG_6316-240x300.jpg\" alt=\"\" width=\"240\" height=\"300\" srcset=\"https:\/\/www.agds31.fr\/wp-content\/uploads\/2024\/08\/IMG_6316-240x300.jpg 240w, https:\/\/www.agds31.fr\/wp-content\/uploads\/2024\/08\/IMG_6316-819x1024.jpg 819w, https:\/\/www.agds31.fr\/wp-content\/uploads\/2024\/08\/IMG_6316-768x960.jpg 768w, https:\/\/www.agds31.fr\/wp-content\/uploads\/2024\/08\/IMG_6316-1229x1536.jpg 1229w, https:\/\/www.agds31.fr\/wp-content\/uploads\/2024\/08\/IMG_6316.jpg 1440w\" sizes=\"auto, (max-width: 240px) 100vw, 240px\" \/><\/noscript><p id=\"caption-attachment-2713\" class=\"wp-caption-text\">Porte d&rsquo;entr\u00e9e Fichet<\/p><\/div>\n<\/div>\n<div class=\"overlay\" style=\"display: block; opacity: 1;\"><\/div>\n<div class=\"swap-inner\" style=\"opacity: 1; display: block;\">\n<div class=\"ContentSwap104-center\"><\/div>\n<\/div>\n<\/div>\n<div class=\"portfolio-cards-projectinfo\">\n<div class=\"portfolio-cards-projnamecol\" data-type=\"column\">\n<p><span style=\"color: revert; font-size: revert; font-weight: revert;\">Porte Hall Complete Cibox<\/span><\/p>\n<\/div>\n<\/div>\n<\/div>\n<\/div>\n<div class=\"portfolio-cards-projectcol cp4cols cp6cols-tablet\">\n<div class=\"portfolio-cards-projectcard\">\n<div class=\"portfolio-cards-projectinfo\">\n<div class=\"portfolio-cards-projnamecol\" data-type=\"column\">\n<\/div>\n<\/div>\n<\/div>\n<\/div>\n<div class=\"portfolio-cards-projectcol cp4cols cp6cols-tablet\">\n<div class=\"portfolio-cards-projectcard\">\n<div id=\"ContentSwap104\" class=\"contentswap-effect ContentSwap104\">\n<div class=\"ContentSwap104_content initial-image\">\n<div id=\"attachment_2714\" style=\"width: 250px\" class=\"wp-caption alignnone\"><img loading=\"lazy\" decoding=\"async\" aria-describedby=\"caption-attachment-2714\" class=\"size-medium wp-image-2714 lazyload\" data-src=\"http:\/\/www.agds31.fr\/wp-content\/uploads\/2024\/08\/IMG_6318-240x300.jpg\" alt=\"\" width=\"240\" height=\"300\" data-srcset=\"https:\/\/www.agds31.fr\/wp-content\/uploads\/2024\/08\/IMG_6318-240x300.jpg 240w, https:\/\/www.agds31.fr\/wp-content\/uploads\/2024\/08\/IMG_6318-819x1024.jpg 819w, https:\/\/www.agds31.fr\/wp-content\/uploads\/2024\/08\/IMG_6318-768x960.jpg 768w, https:\/\/www.agds31.fr\/wp-content\/uploads\/2024\/08\/IMG_6318-1229x1536.jpg 1229w, https:\/\/www.agds31.fr\/wp-content\/uploads\/2024\/08\/IMG_6318.jpg 1440w\" data-sizes=\"auto, (max-width: 240px) 100vw, 240px\" src=\"data:image\/gif;base64,R0lGODlhAQABAAAAACH5BAEKAAEALAAAAAABAAEAAAICTAEAOw==\" style=\"--smush-placeholder-width: 240px; --smush-placeholder-aspect-ratio: 240\/300;\" \/><noscript><img loading=\"lazy\" decoding=\"async\" aria-describedby=\"caption-attachment-2714\" class=\"size-medium wp-image-2714\" src=\"http:\/\/www.agds31.fr\/wp-content\/uploads\/2024\/08\/IMG_6318-240x300.jpg\" alt=\"\" width=\"240\" height=\"300\" srcset=\"https:\/\/www.agds31.fr\/wp-content\/uploads\/2024\/08\/IMG_6318-240x300.jpg 240w, https:\/\/www.agds31.fr\/wp-content\/uploads\/2024\/08\/IMG_6318-819x1024.jpg 819w, https:\/\/www.agds31.fr\/wp-content\/uploads\/2024\/08\/IMG_6318-768x960.jpg 768w, https:\/\/www.agds31.fr\/wp-content\/uploads\/2024\/08\/IMG_6318-1229x1536.jpg 1229w, https:\/\/www.agds31.fr\/wp-content\/uploads\/2024\/08\/IMG_6318.jpg 1440w\" sizes=\"auto, (max-width: 240px) 100vw, 240px\" \/><\/noscript><p id=\"caption-attachment-2714\" class=\"wp-caption-text\">Trio Cibox<\/p><\/div>\n<\/div>\n<div class=\"overlay\" style=\"display: block; opacity: 1;\"><\/div>\n<div class=\"swap-inner\" style=\"opacity: 1; display: block;\">\n<div class=\"ContentSwap104-center\"><\/div>\n<\/div>\n<\/div>\n<div class=\"portfolio-cards-projectinfo\">\n<div class=\"portfolio-cards-projnamecol\" data-type=\"column\">\n<h4 class=\"portfolio-cards-projtitle\">Porte Duo Cibox<\/h4>\n<\/div>\n<\/div>\n<\/div>\n<\/div>\n<div class=\"portfolio-cards-projectcol cp4cols cp6cols-tablet\">\n<div class=\"portfolio-cards-projectcard\">\n<div id=\"ContentSwap104\" class=\"contentswap-effect ContentSwap104\">\n<div class=\"ContentSwap104_content initial-image\">\n<div id=\"attachment_2717\" style=\"width: 235px\" class=\"wp-caption alignnone\"><img loading=\"lazy\" decoding=\"async\" aria-describedby=\"caption-attachment-2717\" class=\"size-medium wp-image-2717 lazyload\" data-src=\"http:\/\/www.agds31.fr\/wp-content\/uploads\/2024\/08\/IMG_6322-225x300.jpg\" alt=\"\" width=\"225\" height=\"300\" data-srcset=\"https:\/\/www.agds31.fr\/wp-content\/uploads\/2024\/08\/IMG_6322-225x300.jpg 225w, https:\/\/www.agds31.fr\/wp-content\/uploads\/2024\/08\/IMG_6322.jpg 480w\" data-sizes=\"auto, (max-width: 225px) 100vw, 225px\" src=\"data:image\/gif;base64,R0lGODlhAQABAAAAACH5BAEKAAEALAAAAAABAAEAAAICTAEAOw==\" style=\"--smush-placeholder-width: 225px; --smush-placeholder-aspect-ratio: 225\/300;\" \/><noscript><img loading=\"lazy\" decoding=\"async\" aria-describedby=\"caption-attachment-2717\" class=\"size-medium wp-image-2717\" src=\"http:\/\/www.agds31.fr\/wp-content\/uploads\/2024\/08\/IMG_6322-225x300.jpg\" alt=\"\" width=\"225\" height=\"300\" srcset=\"https:\/\/www.agds31.fr\/wp-content\/uploads\/2024\/08\/IMG_6322-225x300.jpg 225w, https:\/\/www.agds31.fr\/wp-content\/uploads\/2024\/08\/IMG_6322.jpg 480w\" sizes=\"auto, (max-width: 225px) 100vw, 225px\" \/><\/noscript><p id=\"caption-attachment-2717\" class=\"wp-caption-text\">Duo Cibox<\/p><\/div>\n<\/div>\n<div class=\"overlay\" style=\"display: block; opacity: 1;\"><\/div>\n<\/div>\n<\/div>\n<\/div>\n<div class=\"portfolio-cards-projectcol cp4cols cp6cols-tablet\">\n<div class=\"portfolio-cards-projectcard\">\n<div class=\"portfolio-cards-projectinfo\">\n<div class=\"portfolio-cards-projnamecol\" data-type=\"column\">\n<\/div>\n<\/div>\n<\/div>\n<\/div>\n<\/div>\n<\/div>\n<\/div>\n","protected":false},"excerpt":{"rendered":"<p>Portes Porte Hall Complete Cibox Porte Duo Cibox<\/p>\n","protected":false},"author":1,"featured_media":0,"parent":0,"menu_order":0,"comment_status":"closed","ping_status":"closed","template":"","meta":{"footnotes":""},"class_list":["post-1611","page","type-page","status-publish","hentry"],"yoast_head":"<!-- This site is optimized with the Yoast SEO plugin v24.0 - https:\/\/yoast.com\/wordpress\/plugins\/seo\/ -->\n<title>R\u00e9alisations - AGDS31 Tel: 0561402125<\/title>\n<meta name=\"robots\" content=\"index, follow, max-snippet:-1, max-image-preview:large, max-video-preview:-1\" \/>\n<link rel=\"canonical\" href=\"https:\/\/www.agds31.fr\/index.php\/articles\/\" \/>\n<meta property=\"og:locale\" content=\"fr_FR\" \/>\n<meta property=\"og:type\" content=\"article\" \/>\n<meta property=\"og:title\" content=\"R\u00e9alisations - AGDS31 Tel: 0561402125\" \/>\n<meta property=\"og:description\" content=\"Portes Porte Hall Complete Cibox Porte Duo Cibox\" \/>\n<meta property=\"og:url\" content=\"https:\/\/www.agds31.fr\/index.php\/articles\/\" \/>\n<meta property=\"og:site_name\" content=\"AGDS31 Tel: 0561402125\" \/>\n<meta property=\"article:modified_time\" content=\"2024-08-30T14:24:41+00:00\" \/>\n<meta property=\"og:image\" content=\"http:\/\/www.agds31.fr\/wp-content\/uploads\/2024\/08\/IMG_6316-240x300.jpg\" \/>\n<meta name=\"twitter:card\" content=\"summary_large_image\" \/>\n<meta name=\"twitter:label1\" content=\"Dur\u00e9e de lecture estim\u00e9e\" \/>\n\t<meta name=\"twitter:data1\" content=\"1 minute\" \/>\n<script type=\"application\/ld+json\" class=\"yoast-schema-graph\">{\"@context\":\"https:\/\/schema.org\",\"@graph\":[{\"@type\":\"WebPage\",\"@id\":\"https:\/\/www.agds31.fr\/index.php\/articles\/\",\"url\":\"https:\/\/www.agds31.fr\/index.php\/articles\/\",\"name\":\"R\u00e9alisations - AGDS31 Tel: 0561402125\",\"isPartOf\":{\"@id\":\"https:\/\/www.agds31.fr\/#website\"},\"primaryImageOfPage\":{\"@id\":\"https:\/\/www.agds31.fr\/index.php\/articles\/#primaryimage\"},\"image\":{\"@id\":\"https:\/\/www.agds31.fr\/index.php\/articles\/#primaryimage\"},\"thumbnailUrl\":\"http:\/\/www.agds31.fr\/wp-content\/uploads\/2024\/08\/IMG_6316-240x300.jpg\",\"datePublished\":\"2019-06-17T08:49:47+00:00\",\"dateModified\":\"2024-08-30T14:24:41+00:00\",\"breadcrumb\":{\"@id\":\"https:\/\/www.agds31.fr\/index.php\/articles\/#breadcrumb\"},\"inLanguage\":\"fr-FR\",\"potentialAction\":[{\"@type\":\"ReadAction\",\"target\":[\"https:\/\/www.agds31.fr\/index.php\/articles\/\"]}]},{\"@type\":\"ImageObject\",\"inLanguage\":\"fr-FR\",\"@id\":\"https:\/\/www.agds31.fr\/index.php\/articles\/#primaryimage\",\"url\":\"https:\/\/www.agds31.fr\/wp-content\/uploads\/2024\/08\/IMG_6316.jpg\",\"contentUrl\":\"https:\/\/www.agds31.fr\/wp-content\/uploads\/2024\/08\/IMG_6316.jpg\",\"width\":1440,\"height\":1800,\"caption\":\"Porte d'entr\u00e9e Fichet\"},{\"@type\":\"BreadcrumbList\",\"@id\":\"https:\/\/www.agds31.fr\/index.php\/articles\/#breadcrumb\",\"itemListElement\":[{\"@type\":\"ListItem\",\"position\":1,\"name\":\"Accueil\",\"item\":\"https:\/\/www.agds31.fr\/\"},{\"@type\":\"ListItem\",\"position\":2,\"name\":\"R\u00e9alisations\"}]},{\"@type\":\"WebSite\",\"@id\":\"https:\/\/www.agds31.fr\/#website\",\"url\":\"https:\/\/www.agds31.fr\/\",\"name\":\"AGDS31\",\"description\":\"La s\u00e9curit\u00e9 A2P pour particuliers &amp; professionnels \u00e0 Toulouse.\",\"potentialAction\":[{\"@type\":\"SearchAction\",\"target\":{\"@type\":\"EntryPoint\",\"urlTemplate\":\"https:\/\/www.agds31.fr\/?s={search_term_string}\"},\"query-input\":{\"@type\":\"PropertyValueSpecification\",\"valueRequired\":true,\"valueName\":\"search_term_string\"}}],\"inLanguage\":\"fr-FR\"}]}<\/script>\n<!-- \/ Yoast SEO plugin. -->","yoast_head_json":{"title":"R\u00e9alisations - AGDS31 Tel: 0561402125","robots":{"index":"index","follow":"follow","max-snippet":"max-snippet:-1","max-image-preview":"max-image-preview:large","max-video-preview":"max-video-preview:-1"},"canonical":"https:\/\/www.agds31.fr\/index.php\/articles\/","og_locale":"fr_FR","og_type":"article","og_title":"R\u00e9alisations - AGDS31 Tel: 0561402125","og_description":"Portes Porte Hall Complete Cibox Porte Duo Cibox","og_url":"https:\/\/www.agds31.fr\/index.php\/articles\/","og_site_name":"AGDS31 Tel: 0561402125","article_modified_time":"2024-08-30T14:24:41+00:00","og_image":[{"url":"http:\/\/www.agds31.fr\/wp-content\/uploads\/2024\/08\/IMG_6316-240x300.jpg","type":"","width":"","height":""}],"twitter_card":"summary_large_image","twitter_misc":{"Dur\u00e9e de lecture estim\u00e9e":"1 minute"},"schema":{"@context":"https:\/\/schema.org","@graph":[{"@type":"WebPage","@id":"https:\/\/www.agds31.fr\/index.php\/articles\/","url":"https:\/\/www.agds31.fr\/index.php\/articles\/","name":"R\u00e9alisations - AGDS31 Tel: 0561402125","isPartOf":{"@id":"https:\/\/www.agds31.fr\/#website"},"primaryImageOfPage":{"@id":"https:\/\/www.agds31.fr\/index.php\/articles\/#primaryimage"},"image":{"@id":"https:\/\/www.agds31.fr\/index.php\/articles\/#primaryimage"},"thumbnailUrl":"http:\/\/www.agds31.fr\/wp-content\/uploads\/2024\/08\/IMG_6316-240x300.jpg","datePublished":"2019-06-17T08:49:47+00:00","dateModified":"2024-08-30T14:24:41+00:00","breadcrumb":{"@id":"https:\/\/www.agds31.fr\/index.php\/articles\/#breadcrumb"},"inLanguage":"fr-FR","potentialAction":[{"@type":"ReadAction","target":["https:\/\/www.agds31.fr\/index.php\/articles\/"]}]},{"@type":"ImageObject","inLanguage":"fr-FR","@id":"https:\/\/www.agds31.fr\/index.php\/articles\/#primaryimage","url":"https:\/\/www.agds31.fr\/wp-content\/uploads\/2024\/08\/IMG_6316.jpg","contentUrl":"https:\/\/www.agds31.fr\/wp-content\/uploads\/2024\/08\/IMG_6316.jpg","width":1440,"height":1800,"caption":"Porte d'entr\u00e9e Fichet"},{"@type":"BreadcrumbList","@id":"https:\/\/www.agds31.fr\/index.php\/articles\/#breadcrumb","itemListElement":[{"@type":"ListItem","position":1,"name":"Accueil","item":"https:\/\/www.agds31.fr\/"},{"@type":"ListItem","position":2,"name":"R\u00e9alisations"}]},{"@type":"WebSite","@id":"https:\/\/www.agds31.fr\/#website","url":"https:\/\/www.agds31.fr\/","name":"AGDS31","description":"La s\u00e9curit\u00e9 A2P pour particuliers &amp; professionnels \u00e0 Toulouse.","potentialAction":[{"@type":"SearchAction","target":{"@type":"EntryPoint","urlTemplate":"https:\/\/www.agds31.fr\/?s={search_term_string}"},"query-input":{"@type":"PropertyValueSpecification","valueRequired":true,"valueName":"search_term_string"}}],"inLanguage":"fr-FR"}]}},"_links":{"self":[{"href":"https:\/\/www.agds31.fr\/index.php\/wp-json\/wp\/v2\/pages\/1611","targetHints":{"allow":["GET"]}}],"collection":[{"href":"https:\/\/www.agds31.fr\/index.php\/wp-json\/wp\/v2\/pages"}],"about":[{"href":"https:\/\/www.agds31.fr\/index.php\/wp-json\/wp\/v2\/types\/page"}],"author":[{"embeddable":true,"href":"https:\/\/www.agds31.fr\/index.php\/wp-json\/wp\/v2\/users\/1"}],"replies":[{"embeddable":true,"href":"https:\/\/www.agds31.fr\/index.php\/wp-json\/wp\/v2\/comments?post=1611"}],"version-history":[{"count":1,"href":"https:\/\/www.agds31.fr\/index.php\/wp-json\/wp\/v2\/pages\/1611\/revisions"}],"predecessor-version":[{"id":2868,"href":"https:\/\/www.agds31.fr\/index.php\/wp-json\/wp\/v2\/pages\/1611\/revisions\/2868"}],"wp:attachment":[{"href":"https:\/\/www.agds31.fr\/index.php\/wp-json\/wp\/v2\/media?parent=1611"}],"curies":[{"name":"wp","href":"https:\/\/api.w.org\/{rel}","templated":true}]}}