{"id":1698,"date":"2019-06-17T15:08:49","date_gmt":"2019-06-17T13:08:49","guid":{"rendered":"https:\/\/agds31.fr\/?page_id=1698"},"modified":"2019-06-17T15:08:49","modified_gmt":"2019-06-17T13:08:49","slug":"avant-apres","status":"publish","type":"page","link":"https:\/\/www.agds31.fr\/index.php\/avant-apres\/","title":{"rendered":"Avant \/ Apr\u00e8s"},"content":{"rendered":"<div  data-label=\"Gallery\" data-id=\"full-width-gallery\" data-category=\"gallery\" class=\"row_297 full-width-gallery\" id=\"gallery-1\" style=\"background-color: rgb(255, 255, 255);\">\n<div  data-editable=\"true\" data-content-shortcode=\"ope_gallery id=&quot;ope-gallery-1&quot; columns=&quot;5&quot; ids=&quot;1703,1707,1710,1711&quot; lb=&quot;1&quot; masonry=&quot;0&quot; size=&quot;medium&quot; link=&quot;file&quot; \">[ope_gallery id=\u00a0\u00bbope-gallery-1&Prime; columns=\u00a0\u00bb5&Prime; ids=\u00a0\u00bb1703,1707,1710,1711&Prime; lb=\u00a0\u00bb1&Prime; masonry=\u00a0\u00bb0&Prime; size=\u00a0\u00bbmedium\u00a0\u00bb link=\u00a0\u00bbfile\u00a0\u00bb ]<\/div>\n<\/p><\/div>\n","protected":false},"excerpt":{"rendered":"<p>[ope_gallery id=\u00a0\u00bbope-gallery-1&Prime; columns=\u00a0\u00bb5&Prime; ids=\u00a0\u00bb1703,1707,1710,1711&Prime; lb=\u00a0\u00bb1&Prime; masonry=\u00a0\u00bb0&Prime; size=\u00a0\u00bbmedium\u00a0\u00bb link=\u00a0\u00bbfile\u00a0\u00bb ]<\/p>\n","protected":false},"author":1,"featured_media":0,"parent":0,"menu_order":0,"comment_status":"closed","ping_status":"closed","template":"full-width-page.php","meta":{"footnotes":""},"class_list":["post-1698","page","type-page","status-publish","hentry"],"yoast_head":"<!-- This site is optimized with the Yoast SEO plugin v24.0 - https:\/\/yoast.com\/wordpress\/plugins\/seo\/ -->\n<title>Avant \/ Apr\u00e8s - AGDS31 Tel: 0561402125<\/title>\n<meta name=\"robots\" content=\"index, follow, max-snippet:-1, max-image-preview:large, max-video-preview:-1\" \/>\n<link rel=\"canonical\" href=\"https:\/\/www.agds31.fr\/index.php\/avant-apres\/\" \/>\n<meta property=\"og:locale\" content=\"fr_FR\" \/>\n<meta property=\"og:type\" content=\"article\" \/>\n<meta property=\"og:title\" content=\"Avant \/ Apr\u00e8s - AGDS31 Tel: 0561402125\" \/>\n<meta property=\"og:description\" content=\"[ope_gallery id=\u00a0\u00bbope-gallery-1&Prime; columns=\u00a0\u00bb5&Prime; ids=\u00a0\u00bb1703,1707,1710,1711&Prime; lb=\u00a0\u00bb1&Prime; masonry=\u00a0\u00bb0&Prime; size=\u00a0\u00bbmedium\u00a0\u00bb link=\u00a0\u00bbfile\u00a0\u00bb ]\" \/>\n<meta property=\"og:url\" content=\"https:\/\/www.agds31.fr\/index.php\/avant-apres\/\" \/>\n<meta property=\"og:site_name\" content=\"AGDS31 Tel: 0561402125\" \/>\n<meta name=\"twitter:card\" content=\"summary_large_image\" \/>\n<script type=\"application\/ld+json\" class=\"yoast-schema-graph\">{\"@context\":\"https:\/\/schema.org\",\"@graph\":[{\"@type\":\"WebPage\",\"@id\":\"https:\/\/www.agds31.fr\/index.php\/avant-apres\/\",\"url\":\"https:\/\/www.agds31.fr\/index.php\/avant-apres\/\",\"name\":\"Avant \/ Apr\u00e8s - AGDS31 Tel: 0561402125\",\"isPartOf\":{\"@id\":\"https:\/\/www.agds31.fr\/#website\"},\"datePublished\":\"2019-06-17T13:08:49+00:00\",\"dateModified\":\"2019-06-17T13:08:49+00:00\",\"breadcrumb\":{\"@id\":\"https:\/\/www.agds31.fr\/index.php\/avant-apres\/#breadcrumb\"},\"inLanguage\":\"fr-FR\",\"potentialAction\":[{\"@type\":\"ReadAction\",\"target\":[\"https:\/\/www.agds31.fr\/index.php\/avant-apres\/\"]}]},{\"@type\":\"BreadcrumbList\",\"@id\":\"https:\/\/www.agds31.fr\/index.php\/avant-apres\/#breadcrumb\",\"itemListElement\":[{\"@type\":\"ListItem\",\"position\":1,\"name\":\"Accueil\",\"item\":\"https:\/\/www.agds31.fr\/\"},{\"@type\":\"ListItem\",\"position\":2,\"name\":\"Avant \/ Apr\u00e8s\"}]},{\"@type\":\"WebSite\",\"@id\":\"https:\/\/www.agds31.fr\/#website\",\"url\":\"https:\/\/www.agds31.fr\/\",\"name\":\"AGDS31\",\"description\":\"La s\u00e9curit\u00e9 A2P pour particuliers &amp; professionnels \u00e0 Toulouse.\",\"potentialAction\":[{\"@type\":\"SearchAction\",\"target\":{\"@type\":\"EntryPoint\",\"urlTemplate\":\"https:\/\/www.agds31.fr\/?s={search_term_string}\"},\"query-input\":{\"@type\":\"PropertyValueSpecification\",\"valueRequired\":true,\"valueName\":\"search_term_string\"}}],\"inLanguage\":\"fr-FR\"}]}<\/script>\n<!-- \/ Yoast SEO plugin. -->","yoast_head_json":{"title":"Avant \/ Apr\u00e8s - AGDS31 Tel: 0561402125","robots":{"index":"index","follow":"follow","max-snippet":"max-snippet:-1","max-image-preview":"max-image-preview:large","max-video-preview":"max-video-preview:-1"},"canonical":"https:\/\/www.agds31.fr\/index.php\/avant-apres\/","og_locale":"fr_FR","og_type":"article","og_title":"Avant \/ Apr\u00e8s - AGDS31 Tel: 0561402125","og_description":"[ope_gallery id=\u00a0\u00bbope-gallery-1&Prime; columns=\u00a0\u00bb5&Prime; ids=\u00a0\u00bb1703,1707,1710,1711&Prime; lb=\u00a0\u00bb1&Prime; masonry=\u00a0\u00bb0&Prime; size=\u00a0\u00bbmedium\u00a0\u00bb link=\u00a0\u00bbfile\u00a0\u00bb ]","og_url":"https:\/\/www.agds31.fr\/index.php\/avant-apres\/","og_site_name":"AGDS31 Tel: 0561402125","twitter_card":"summary_large_image","schema":{"@context":"https:\/\/schema.org","@graph":[{"@type":"WebPage","@id":"https:\/\/www.agds31.fr\/index.php\/avant-apres\/","url":"https:\/\/www.agds31.fr\/index.php\/avant-apres\/","name":"Avant \/ Apr\u00e8s - AGDS31 Tel: 0561402125","isPartOf":{"@id":"https:\/\/www.agds31.fr\/#website"},"datePublished":"2019-06-17T13:08:49+00:00","dateModified":"2019-06-17T13:08:49+00:00","breadcrumb":{"@id":"https:\/\/www.agds31.fr\/index.php\/avant-apres\/#breadcrumb"},"inLanguage":"fr-FR","potentialAction":[{"@type":"ReadAction","target":["https:\/\/www.agds31.fr\/index.php\/avant-apres\/"]}]},{"@type":"BreadcrumbList","@id":"https:\/\/www.agds31.fr\/index.php\/avant-apres\/#breadcrumb","itemListElement":[{"@type":"ListItem","position":1,"name":"Accueil","item":"https:\/\/www.agds31.fr\/"},{"@type":"ListItem","position":2,"name":"Avant \/ Apr\u00e8s"}]},{"@type":"WebSite","@id":"https:\/\/www.agds31.fr\/#website","url":"https:\/\/www.agds31.fr\/","name":"AGDS31","description":"La s\u00e9curit\u00e9 A2P pour particuliers &amp; professionnels \u00e0 Toulouse.","potentialAction":[{"@type":"SearchAction","target":{"@type":"EntryPoint","urlTemplate":"https:\/\/www.agds31.fr\/?s={search_term_string}"},"query-input":{"@type":"PropertyValueSpecification","valueRequired":true,"valueName":"search_term_string"}}],"inLanguage":"fr-FR"}]}},"_links":{"self":[{"href":"https:\/\/www.agds31.fr\/index.php\/wp-json\/wp\/v2\/pages\/1698","targetHints":{"allow":["GET"]}}],"collection":[{"href":"https:\/\/www.agds31.fr\/index.php\/wp-json\/wp\/v2\/pages"}],"about":[{"href":"https:\/\/www.agds31.fr\/index.php\/wp-json\/wp\/v2\/types\/page"}],"author":[{"embeddable":true,"href":"https:\/\/www.agds31.fr\/index.php\/wp-json\/wp\/v2\/users\/1"}],"replies":[{"embeddable":true,"href":"https:\/\/www.agds31.fr\/index.php\/wp-json\/wp\/v2\/comments?post=1698"}],"version-history":[{"count":0,"href":"https:\/\/www.agds31.fr\/index.php\/wp-json\/wp\/v2\/pages\/1698\/revisions"}],"wp:attachment":[{"href":"https:\/\/www.agds31.fr\/index.php\/wp-json\/wp\/v2\/media?parent=1698"}],"curies":[{"name":"wp","href":"https:\/\/api.w.org\/{rel}","templated":true}]}}