{"id":1760,"date":"2019-06-18T08:43:21","date_gmt":"2019-06-18T06:43:21","guid":{"rendered":"https:\/\/agds31.fr\/?page_id=1760"},"modified":"2019-06-18T08:43:21","modified_gmt":"2019-06-18T06:43:21","slug":"l-interphone-audio","status":"publish","type":"page","link":"https:\/\/www.agds31.fr\/index.php\/l-interphone-audio\/","title":{"rendered":"L&rsquo; interphone Audio"},"content":{"rendered":"<p>Un interphone sert principalement \u00e0 contr\u00f4ler les acc\u00e8s \u00e0 un lieu tel qu\u2019une habitation, un cabinet de profession lib\u00e9rale, un plateau de bureaux, un atelier \u00ab\u00a0sensible\u00a0\u00bb, etc\u2026<\/p>\n<p>Il est en g\u00e9n\u00e9ral compos\u00e9 de :<\/p>\n<ul>\n<li>Une platine de rue<\/li>\n<li>Un poste int\u00e9rieur<\/li>\n<\/ul>\n<p>Dans un premier temps, il s\u2019agit d\u2019identifier le visiteur. Ensuite, le r\u00e9sident peut [toujours depuis le poste int\u00e9rieur] activer l\u2019acc\u00e8s au lieu par ouverture \u00e9lectrique d\u2019une porte ou d\u2019un portail. [via une g\u00e2che \u00e9lectrique, une ventouse \u00e9lectro-magn\u00e9tique, un automatisme\u2026]<\/p>\n<p>&nbsp;<\/p>\n","protected":false},"excerpt":{"rendered":"<p>Un interphone sert principalement \u00e0 contr\u00f4ler les acc\u00e8s \u00e0 un lieu tel qu\u2019une habitation, un cabinet de profession lib\u00e9rale, un plateau de bureaux, un atelier \u00ab\u00a0sensible\u00a0\u00bb, etc\u2026 Il est en g\u00e9n\u00e9ral compos\u00e9 de : Une platine de rue Un poste int\u00e9rieur Dans un premier temps, il s\u2019agit d\u2019identifier le visiteur. Ensuite, le r\u00e9sident peut [toujours [&hellip;]<\/p>\n","protected":false},"author":1,"featured_media":0,"parent":0,"menu_order":0,"comment_status":"closed","ping_status":"closed","template":"","meta":{"footnotes":""},"class_list":["post-1760","page","type-page","status-publish","hentry"],"yoast_head":"<!-- This site is optimized with the Yoast SEO plugin v24.0 - https:\/\/yoast.com\/wordpress\/plugins\/seo\/ -->\n<title>L&#039; interphone Audio - AGDS31 Tel: 0561402125<\/title>\n<meta name=\"robots\" content=\"index, follow, max-snippet:-1, max-image-preview:large, max-video-preview:-1\" \/>\n<link rel=\"canonical\" href=\"https:\/\/www.agds31.fr\/index.php\/l-interphone-audio\/\" \/>\n<meta property=\"og:locale\" content=\"fr_FR\" \/>\n<meta property=\"og:type\" content=\"article\" \/>\n<meta property=\"og:title\" content=\"L&#039; interphone Audio - AGDS31 Tel: 0561402125\" \/>\n<meta property=\"og:description\" content=\"Un interphone sert principalement \u00e0 contr\u00f4ler les acc\u00e8s \u00e0 un lieu tel qu\u2019une habitation, un cabinet de profession lib\u00e9rale, un plateau de bureaux, un atelier \u00ab\u00a0sensible\u00a0\u00bb, etc\u2026 Il est en g\u00e9n\u00e9ral compos\u00e9 de : Une platine de rue Un poste int\u00e9rieur Dans un premier temps, il s\u2019agit d\u2019identifier le visiteur. Ensuite, le r\u00e9sident peut [toujours [&hellip;]\" \/>\n<meta property=\"og:url\" content=\"https:\/\/www.agds31.fr\/index.php\/l-interphone-audio\/\" \/>\n<meta property=\"og:site_name\" content=\"AGDS31 Tel: 0561402125\" \/>\n<meta name=\"twitter:card\" content=\"summary_large_image\" \/>\n<script type=\"application\/ld+json\" class=\"yoast-schema-graph\">{\"@context\":\"https:\/\/schema.org\",\"@graph\":[{\"@type\":\"WebPage\",\"@id\":\"https:\/\/www.agds31.fr\/index.php\/l-interphone-audio\/\",\"url\":\"https:\/\/www.agds31.fr\/index.php\/l-interphone-audio\/\",\"name\":\"L' interphone Audio - AGDS31 Tel: 0561402125\",\"isPartOf\":{\"@id\":\"https:\/\/www.agds31.fr\/#website\"},\"datePublished\":\"2019-06-18T06:43:21+00:00\",\"dateModified\":\"2019-06-18T06:43:21+00:00\",\"breadcrumb\":{\"@id\":\"https:\/\/www.agds31.fr\/index.php\/l-interphone-audio\/#breadcrumb\"},\"inLanguage\":\"fr-FR\",\"potentialAction\":[{\"@type\":\"ReadAction\",\"target\":[\"https:\/\/www.agds31.fr\/index.php\/l-interphone-audio\/\"]}]},{\"@type\":\"BreadcrumbList\",\"@id\":\"https:\/\/www.agds31.fr\/index.php\/l-interphone-audio\/#breadcrumb\",\"itemListElement\":[{\"@type\":\"ListItem\",\"position\":1,\"name\":\"Accueil\",\"item\":\"https:\/\/www.agds31.fr\/\"},{\"@type\":\"ListItem\",\"position\":2,\"name\":\"L&rsquo; interphone Audio\"}]},{\"@type\":\"WebSite\",\"@id\":\"https:\/\/www.agds31.fr\/#website\",\"url\":\"https:\/\/www.agds31.fr\/\",\"name\":\"AGDS31\",\"description\":\"La s\u00e9curit\u00e9 A2P pour particuliers &amp; professionnels \u00e0 Toulouse.\",\"potentialAction\":[{\"@type\":\"SearchAction\",\"target\":{\"@type\":\"EntryPoint\",\"urlTemplate\":\"https:\/\/www.agds31.fr\/?s={search_term_string}\"},\"query-input\":{\"@type\":\"PropertyValueSpecification\",\"valueRequired\":true,\"valueName\":\"search_term_string\"}}],\"inLanguage\":\"fr-FR\"}]}<\/script>\n<!-- \/ Yoast SEO plugin. -->","yoast_head_json":{"title":"L' interphone Audio - AGDS31 Tel: 0561402125","robots":{"index":"index","follow":"follow","max-snippet":"max-snippet:-1","max-image-preview":"max-image-preview:large","max-video-preview":"max-video-preview:-1"},"canonical":"https:\/\/www.agds31.fr\/index.php\/l-interphone-audio\/","og_locale":"fr_FR","og_type":"article","og_title":"L' interphone Audio - AGDS31 Tel: 0561402125","og_description":"Un interphone sert principalement \u00e0 contr\u00f4ler les acc\u00e8s \u00e0 un lieu tel qu\u2019une habitation, un cabinet de profession lib\u00e9rale, un plateau de bureaux, un atelier \u00ab\u00a0sensible\u00a0\u00bb, etc\u2026 Il est en g\u00e9n\u00e9ral compos\u00e9 de : Une platine de rue Un poste int\u00e9rieur Dans un premier temps, il s\u2019agit d\u2019identifier le visiteur. Ensuite, le r\u00e9sident peut [toujours [&hellip;]","og_url":"https:\/\/www.agds31.fr\/index.php\/l-interphone-audio\/","og_site_name":"AGDS31 Tel: 0561402125","twitter_card":"summary_large_image","schema":{"@context":"https:\/\/schema.org","@graph":[{"@type":"WebPage","@id":"https:\/\/www.agds31.fr\/index.php\/l-interphone-audio\/","url":"https:\/\/www.agds31.fr\/index.php\/l-interphone-audio\/","name":"L' interphone Audio - AGDS31 Tel: 0561402125","isPartOf":{"@id":"https:\/\/www.agds31.fr\/#website"},"datePublished":"2019-06-18T06:43:21+00:00","dateModified":"2019-06-18T06:43:21+00:00","breadcrumb":{"@id":"https:\/\/www.agds31.fr\/index.php\/l-interphone-audio\/#breadcrumb"},"inLanguage":"fr-FR","potentialAction":[{"@type":"ReadAction","target":["https:\/\/www.agds31.fr\/index.php\/l-interphone-audio\/"]}]},{"@type":"BreadcrumbList","@id":"https:\/\/www.agds31.fr\/index.php\/l-interphone-audio\/#breadcrumb","itemListElement":[{"@type":"ListItem","position":1,"name":"Accueil","item":"https:\/\/www.agds31.fr\/"},{"@type":"ListItem","position":2,"name":"L&rsquo; interphone Audio"}]},{"@type":"WebSite","@id":"https:\/\/www.agds31.fr\/#website","url":"https:\/\/www.agds31.fr\/","name":"AGDS31","description":"La s\u00e9curit\u00e9 A2P pour particuliers &amp; professionnels \u00e0 Toulouse.","potentialAction":[{"@type":"SearchAction","target":{"@type":"EntryPoint","urlTemplate":"https:\/\/www.agds31.fr\/?s={search_term_string}"},"query-input":{"@type":"PropertyValueSpecification","valueRequired":true,"valueName":"search_term_string"}}],"inLanguage":"fr-FR"}]}},"_links":{"self":[{"href":"https:\/\/www.agds31.fr\/index.php\/wp-json\/wp\/v2\/pages\/1760","targetHints":{"allow":["GET"]}}],"collection":[{"href":"https:\/\/www.agds31.fr\/index.php\/wp-json\/wp\/v2\/pages"}],"about":[{"href":"https:\/\/www.agds31.fr\/index.php\/wp-json\/wp\/v2\/types\/page"}],"author":[{"embeddable":true,"href":"https:\/\/www.agds31.fr\/index.php\/wp-json\/wp\/v2\/users\/1"}],"replies":[{"embeddable":true,"href":"https:\/\/www.agds31.fr\/index.php\/wp-json\/wp\/v2\/comments?post=1760"}],"version-history":[{"count":0,"href":"https:\/\/www.agds31.fr\/index.php\/wp-json\/wp\/v2\/pages\/1760\/revisions"}],"wp:attachment":[{"href":"https:\/\/www.agds31.fr\/index.php\/wp-json\/wp\/v2\/media?parent=1760"}],"curies":[{"name":"wp","href":"https:\/\/api.w.org\/{rel}","templated":true}]}}