{"id":1765,"date":"2019-06-18T08:45:34","date_gmt":"2019-06-18T06:45:34","guid":{"rendered":"https:\/\/agds31.fr\/?page_id=1765"},"modified":"2024-08-30T16:19:29","modified_gmt":"2024-08-30T14:19:29","slug":"linterphone-video-ou-videophone","status":"publish","type":"page","link":"https:\/\/www.agds31.fr\/index.php\/linterphone-video-ou-videophone\/","title":{"rendered":"L\u2019interphone vid\u00e9o ou vid\u00e9ophone"},"content":{"rendered":"<p>Le visiteur ext\u00e9rieur sonne via le vid\u00e9ophone. Via une cam\u00e9ra discr\u00eate, le r\u00e9sident obtient une image du visteur et peut ainsi l\u2019identifier \u00ab\u00a0de visu\u00a0\u00bb. S\u2019il le souhaite, il peut d\u00e9crocher le combin\u00e9 int\u00e9rieur et \u00e9tablir \u00e9galement une communication audio avec le visiteur.<\/p>\n<p>Apr\u00e8s identification du visiteur, le r\u00e9sident peut [toujours depuis le syst\u00e8me int\u00e9rieur] activer l\u2019acc\u00e8s au lieu par ouverture \u00e9lectrique d\u2019une porte ou d\u2019un portail. [via une g\u00e2che \u00e9lectrique, une ventouse \u00e9lectro-magn\u00e9tique, un automatisme\u2026]<\/p>\n<p><img loading=\"lazy\" decoding=\"async\" class=\"alignnone size-medium wp-image-2797 lazyload\" data-src=\"http:\/\/www.agds31.fr\/wp-content\/uploads\/2019\/06\/def-inox-2-lig-t25-urmet-d83-i-232x300.jpg\" alt=\"\" width=\"232\" height=\"300\" data-srcset=\"https:\/\/www.agds31.fr\/wp-content\/uploads\/2019\/06\/def-inox-2-lig-t25-urmet-d83-i-232x300.jpg 232w, https:\/\/www.agds31.fr\/wp-content\/uploads\/2019\/06\/def-inox-2-lig-t25-urmet-d83-i-792x1024.jpg 792w, https:\/\/www.agds31.fr\/wp-content\/uploads\/2019\/06\/def-inox-2-lig-t25-urmet-d83-i-768x993.jpg 768w, https:\/\/www.agds31.fr\/wp-content\/uploads\/2019\/06\/def-inox-2-lig-t25-urmet-d83-i.jpg 1100w\" data-sizes=\"auto, (max-width: 232px) 100vw, 232px\" src=\"data:image\/gif;base64,R0lGODlhAQABAAAAACH5BAEKAAEALAAAAAABAAEAAAICTAEAOw==\" style=\"--smush-placeholder-width: 232px; --smush-placeholder-aspect-ratio: 232\/300;\" \/><noscript><img loading=\"lazy\" decoding=\"async\" class=\"alignnone size-medium wp-image-2797\" src=\"http:\/\/www.agds31.fr\/wp-content\/uploads\/2019\/06\/def-inox-2-lig-t25-urmet-d83-i-232x300.jpg\" alt=\"\" width=\"232\" height=\"300\" srcset=\"https:\/\/www.agds31.fr\/wp-content\/uploads\/2019\/06\/def-inox-2-lig-t25-urmet-d83-i-232x300.jpg 232w, https:\/\/www.agds31.fr\/wp-content\/uploads\/2019\/06\/def-inox-2-lig-t25-urmet-d83-i-792x1024.jpg 792w, https:\/\/www.agds31.fr\/wp-content\/uploads\/2019\/06\/def-inox-2-lig-t25-urmet-d83-i-768x993.jpg 768w, https:\/\/www.agds31.fr\/wp-content\/uploads\/2019\/06\/def-inox-2-lig-t25-urmet-d83-i.jpg 1100w\" sizes=\"auto, (max-width: 232px) 100vw, 232px\" \/><\/noscript><\/p>\n","protected":false},"excerpt":{"rendered":"<p>Le visiteur ext\u00e9rieur sonne via le vid\u00e9ophone. Via une cam\u00e9ra discr\u00eate, le r\u00e9sident obtient une image du visteur et peut ainsi l\u2019identifier \u00ab\u00a0de visu\u00a0\u00bb. S\u2019il le souhaite, il peut d\u00e9crocher le combin\u00e9 int\u00e9rieur et \u00e9tablir \u00e9galement une communication audio avec le visiteur. Apr\u00e8s identification du visiteur, le r\u00e9sident peut [toujours depuis le syst\u00e8me int\u00e9rieur] activer [&hellip;]<\/p>\n","protected":false},"author":1,"featured_media":0,"parent":0,"menu_order":0,"comment_status":"closed","ping_status":"closed","template":"","meta":{"footnotes":""},"class_list":["post-1765","page","type-page","status-publish","hentry"],"yoast_head":"<!-- This site is optimized with the Yoast SEO plugin v24.0 - https:\/\/yoast.com\/wordpress\/plugins\/seo\/ -->\n<title>L\u2019interphone vid\u00e9o ou vid\u00e9ophone - AGDS31 Tel: 0561402125<\/title>\n<meta name=\"robots\" content=\"index, follow, max-snippet:-1, max-image-preview:large, max-video-preview:-1\" \/>\n<link rel=\"canonical\" href=\"https:\/\/www.agds31.fr\/index.php\/linterphone-video-ou-videophone\/\" \/>\n<meta property=\"og:locale\" content=\"fr_FR\" \/>\n<meta property=\"og:type\" content=\"article\" \/>\n<meta property=\"og:title\" content=\"L\u2019interphone vid\u00e9o ou vid\u00e9ophone - AGDS31 Tel: 0561402125\" \/>\n<meta property=\"og:description\" content=\"Le visiteur ext\u00e9rieur sonne via le vid\u00e9ophone. Via une cam\u00e9ra discr\u00eate, le r\u00e9sident obtient une image du visteur et peut ainsi l\u2019identifier \u00ab\u00a0de visu\u00a0\u00bb. S\u2019il le souhaite, il peut d\u00e9crocher le combin\u00e9 int\u00e9rieur et \u00e9tablir \u00e9galement une communication audio avec le visiteur. Apr\u00e8s identification du visiteur, le r\u00e9sident peut [toujours depuis le syst\u00e8me int\u00e9rieur] activer [&hellip;]\" \/>\n<meta property=\"og:url\" content=\"https:\/\/www.agds31.fr\/index.php\/linterphone-video-ou-videophone\/\" \/>\n<meta property=\"og:site_name\" content=\"AGDS31 Tel: 0561402125\" \/>\n<meta property=\"article:modified_time\" content=\"2024-08-30T14:19:29+00:00\" \/>\n<meta property=\"og:image\" content=\"http:\/\/www.agds31.fr\/wp-content\/uploads\/2019\/06\/def-inox-2-lig-t25-urmet-d83-i-232x300.jpg\" \/>\n<meta name=\"twitter:card\" content=\"summary_large_image\" \/>\n<meta name=\"twitter:label1\" content=\"Dur\u00e9e de lecture estim\u00e9e\" \/>\n\t<meta name=\"twitter:data1\" content=\"1 minute\" \/>\n<script type=\"application\/ld+json\" class=\"yoast-schema-graph\">{\"@context\":\"https:\/\/schema.org\",\"@graph\":[{\"@type\":\"WebPage\",\"@id\":\"https:\/\/www.agds31.fr\/index.php\/linterphone-video-ou-videophone\/\",\"url\":\"https:\/\/www.agds31.fr\/index.php\/linterphone-video-ou-videophone\/\",\"name\":\"L\u2019interphone vid\u00e9o ou vid\u00e9ophone - AGDS31 Tel: 0561402125\",\"isPartOf\":{\"@id\":\"https:\/\/www.agds31.fr\/#website\"},\"primaryImageOfPage\":{\"@id\":\"https:\/\/www.agds31.fr\/index.php\/linterphone-video-ou-videophone\/#primaryimage\"},\"image\":{\"@id\":\"https:\/\/www.agds31.fr\/index.php\/linterphone-video-ou-videophone\/#primaryimage\"},\"thumbnailUrl\":\"http:\/\/www.agds31.fr\/wp-content\/uploads\/2019\/06\/def-inox-2-lig-t25-urmet-d83-i-232x300.jpg\",\"datePublished\":\"2019-06-18T06:45:34+00:00\",\"dateModified\":\"2024-08-30T14:19:29+00:00\",\"breadcrumb\":{\"@id\":\"https:\/\/www.agds31.fr\/index.php\/linterphone-video-ou-videophone\/#breadcrumb\"},\"inLanguage\":\"fr-FR\",\"potentialAction\":[{\"@type\":\"ReadAction\",\"target\":[\"https:\/\/www.agds31.fr\/index.php\/linterphone-video-ou-videophone\/\"]}]},{\"@type\":\"ImageObject\",\"inLanguage\":\"fr-FR\",\"@id\":\"https:\/\/www.agds31.fr\/index.php\/linterphone-video-ou-videophone\/#primaryimage\",\"url\":\"https:\/\/www.agds31.fr\/wp-content\/uploads\/2019\/06\/def-inox-2-lig-t25-urmet-d83-i.jpg\",\"contentUrl\":\"https:\/\/www.agds31.fr\/wp-content\/uploads\/2019\/06\/def-inox-2-lig-t25-urmet-d83-i.jpg\",\"width\":1100,\"height\":1422},{\"@type\":\"BreadcrumbList\",\"@id\":\"https:\/\/www.agds31.fr\/index.php\/linterphone-video-ou-videophone\/#breadcrumb\",\"itemListElement\":[{\"@type\":\"ListItem\",\"position\":1,\"name\":\"Accueil\",\"item\":\"https:\/\/www.agds31.fr\/\"},{\"@type\":\"ListItem\",\"position\":2,\"name\":\"L\u2019interphone vid\u00e9o ou vid\u00e9ophone\"}]},{\"@type\":\"WebSite\",\"@id\":\"https:\/\/www.agds31.fr\/#website\",\"url\":\"https:\/\/www.agds31.fr\/\",\"name\":\"AGDS31\",\"description\":\"La s\u00e9curit\u00e9 A2P pour particuliers &amp; professionnels \u00e0 Toulouse.\",\"potentialAction\":[{\"@type\":\"SearchAction\",\"target\":{\"@type\":\"EntryPoint\",\"urlTemplate\":\"https:\/\/www.agds31.fr\/?s={search_term_string}\"},\"query-input\":{\"@type\":\"PropertyValueSpecification\",\"valueRequired\":true,\"valueName\":\"search_term_string\"}}],\"inLanguage\":\"fr-FR\"}]}<\/script>\n<!-- \/ Yoast SEO plugin. -->","yoast_head_json":{"title":"L\u2019interphone vid\u00e9o ou vid\u00e9ophone - AGDS31 Tel: 0561402125","robots":{"index":"index","follow":"follow","max-snippet":"max-snippet:-1","max-image-preview":"max-image-preview:large","max-video-preview":"max-video-preview:-1"},"canonical":"https:\/\/www.agds31.fr\/index.php\/linterphone-video-ou-videophone\/","og_locale":"fr_FR","og_type":"article","og_title":"L\u2019interphone vid\u00e9o ou vid\u00e9ophone - AGDS31 Tel: 0561402125","og_description":"Le visiteur ext\u00e9rieur sonne via le vid\u00e9ophone. Via une cam\u00e9ra discr\u00eate, le r\u00e9sident obtient une image du visteur et peut ainsi l\u2019identifier \u00ab\u00a0de visu\u00a0\u00bb. S\u2019il le souhaite, il peut d\u00e9crocher le combin\u00e9 int\u00e9rieur et \u00e9tablir \u00e9galement une communication audio avec le visiteur. Apr\u00e8s identification du visiteur, le r\u00e9sident peut [toujours depuis le syst\u00e8me int\u00e9rieur] activer [&hellip;]","og_url":"https:\/\/www.agds31.fr\/index.php\/linterphone-video-ou-videophone\/","og_site_name":"AGDS31 Tel: 0561402125","article_modified_time":"2024-08-30T14:19:29+00:00","og_image":[{"url":"http:\/\/www.agds31.fr\/wp-content\/uploads\/2019\/06\/def-inox-2-lig-t25-urmet-d83-i-232x300.jpg","type":"","width":"","height":""}],"twitter_card":"summary_large_image","twitter_misc":{"Dur\u00e9e de lecture estim\u00e9e":"1 minute"},"schema":{"@context":"https:\/\/schema.org","@graph":[{"@type":"WebPage","@id":"https:\/\/www.agds31.fr\/index.php\/linterphone-video-ou-videophone\/","url":"https:\/\/www.agds31.fr\/index.php\/linterphone-video-ou-videophone\/","name":"L\u2019interphone vid\u00e9o ou vid\u00e9ophone - AGDS31 Tel: 0561402125","isPartOf":{"@id":"https:\/\/www.agds31.fr\/#website"},"primaryImageOfPage":{"@id":"https:\/\/www.agds31.fr\/index.php\/linterphone-video-ou-videophone\/#primaryimage"},"image":{"@id":"https:\/\/www.agds31.fr\/index.php\/linterphone-video-ou-videophone\/#primaryimage"},"thumbnailUrl":"http:\/\/www.agds31.fr\/wp-content\/uploads\/2019\/06\/def-inox-2-lig-t25-urmet-d83-i-232x300.jpg","datePublished":"2019-06-18T06:45:34+00:00","dateModified":"2024-08-30T14:19:29+00:00","breadcrumb":{"@id":"https:\/\/www.agds31.fr\/index.php\/linterphone-video-ou-videophone\/#breadcrumb"},"inLanguage":"fr-FR","potentialAction":[{"@type":"ReadAction","target":["https:\/\/www.agds31.fr\/index.php\/linterphone-video-ou-videophone\/"]}]},{"@type":"ImageObject","inLanguage":"fr-FR","@id":"https:\/\/www.agds31.fr\/index.php\/linterphone-video-ou-videophone\/#primaryimage","url":"https:\/\/www.agds31.fr\/wp-content\/uploads\/2019\/06\/def-inox-2-lig-t25-urmet-d83-i.jpg","contentUrl":"https:\/\/www.agds31.fr\/wp-content\/uploads\/2019\/06\/def-inox-2-lig-t25-urmet-d83-i.jpg","width":1100,"height":1422},{"@type":"BreadcrumbList","@id":"https:\/\/www.agds31.fr\/index.php\/linterphone-video-ou-videophone\/#breadcrumb","itemListElement":[{"@type":"ListItem","position":1,"name":"Accueil","item":"https:\/\/www.agds31.fr\/"},{"@type":"ListItem","position":2,"name":"L\u2019interphone vid\u00e9o ou vid\u00e9ophone"}]},{"@type":"WebSite","@id":"https:\/\/www.agds31.fr\/#website","url":"https:\/\/www.agds31.fr\/","name":"AGDS31","description":"La s\u00e9curit\u00e9 A2P pour particuliers &amp; professionnels \u00e0 Toulouse.","potentialAction":[{"@type":"SearchAction","target":{"@type":"EntryPoint","urlTemplate":"https:\/\/www.agds31.fr\/?s={search_term_string}"},"query-input":{"@type":"PropertyValueSpecification","valueRequired":true,"valueName":"search_term_string"}}],"inLanguage":"fr-FR"}]}},"_links":{"self":[{"href":"https:\/\/www.agds31.fr\/index.php\/wp-json\/wp\/v2\/pages\/1765","targetHints":{"allow":["GET"]}}],"collection":[{"href":"https:\/\/www.agds31.fr\/index.php\/wp-json\/wp\/v2\/pages"}],"about":[{"href":"https:\/\/www.agds31.fr\/index.php\/wp-json\/wp\/v2\/types\/page"}],"author":[{"embeddable":true,"href":"https:\/\/www.agds31.fr\/index.php\/wp-json\/wp\/v2\/users\/1"}],"replies":[{"embeddable":true,"href":"https:\/\/www.agds31.fr\/index.php\/wp-json\/wp\/v2\/comments?post=1765"}],"version-history":[{"count":1,"href":"https:\/\/www.agds31.fr\/index.php\/wp-json\/wp\/v2\/pages\/1765\/revisions"}],"predecessor-version":[{"id":2864,"href":"https:\/\/www.agds31.fr\/index.php\/wp-json\/wp\/v2\/pages\/1765\/revisions\/2864"}],"wp:attachment":[{"href":"https:\/\/www.agds31.fr\/index.php\/wp-json\/wp\/v2\/media?parent=1765"}],"curies":[{"name":"wp","href":"https:\/\/api.w.org\/{rel}","templated":true}]}}