{"id":1811,"date":"2019-06-18T19:09:45","date_gmt":"2019-06-18T17:09:45","guid":{"rendered":"https:\/\/agds31.fr\/?page_id=1811"},"modified":"2024-08-30T16:35:06","modified_gmt":"2024-08-30T14:35:06","slug":"complement-alarme","status":"publish","type":"page","link":"https:\/\/www.agds31.fr\/index.php\/complement-alarme\/","title":{"rendered":"Alliance alarme et domotique"},"content":{"rendered":"<p style=\"text-align: left;\">Pour all\u00e9ger votre quotidien, AGDS vous propose d\u2019opter pour le mariage entre l\u2019alarme et la domotique .<br \/>\nNos volets et portes de garages automatis\u00e9s vous assurent de pouvoir g\u00e9rer toute la maison simplement et efficacement. Quoi de plus confortable que de n\u2019avoir qu\u2019\u00e0 cliquer sur un bouton pour contr\u00f4ler vos fermetures et la s\u00e9curisation de votre maison .<\/p>\n<p style=\"text-align: left;\">Notamment, elle vous permet d\u2019am\u00e9liorer votre confort personnel au quotidien.En effet, vous pouvez d\u00e9sormais commander tous vos volets et votre porte de garage sans avoir \u00e0 vous d\u00e9placer et d\u2019une seule manipulation. Cette fa\u00e7on de vous simplifier la vie vous permettra aussi de faire des \u00e9conomies. Un simple clic suffit \u00e0 commander vos volets. Ainsi, vous aurez plus facilement le r\u00e9flexe de les ouvrir ou les fermer en fonction du temps afin de garder la fra\u00eecheur ou la chaleur \u00e0 l\u2019int\u00e9rieur de chez vous.<\/p>\n<p style=\"text-align: left;\">De plus, ce contr\u00f4le \u00e0 distance vous permet de donner une impression de pr\u00e9sence m\u00eame si vous \u00eates en vacances. Cela assure donc la s\u00e9curit\u00e9 de votre domicile. C\u2019est parce que nous sommes soucieux de votre confort qu\u2019AGDS vous propose des produits automatis\u00e9s qui vous feront gagner en temps, en confort et en \u00e9nergie.<\/p>\n<p style=\"text-align: left;\">AJAX est un syst\u00e8me d\u2019alarme anti-intrusion bidirectionnel puissant et simple \u00e0 installer pour les locaux industriel et r\u00e9sidentiels .<br \/>\nLe syst\u00e8me d\u2019alarme vous permet de surveiller, contr\u00f4ler votre alarme \u00e0 distance.\u00a0Vous pouvez y connecter des cam\u00e9ras vid\u00e9o et les enregistrer.\u00a0En cas d\u2019intrusion le syst\u00e8me d\u2019alarme vous envoie des photos du cambrioleur.\u00a0Vous pouvez recevoir les images par une notification par SMS,EMAIL\u2026<br \/>\nUne large gamme de d\u00e9tecteurs et d\u2019accessoires peuvent \u00eatre utilis\u00e9s avec le syst\u00e8me d\u2019alarme.<\/p>\n<div id=\"about-4\" class=\"about-text-grid-section\" style=\"background-color: #ffffff;\" data-label=\"About\" data-id=\"about-text-grid-section\" data-category=\"about\">\n<div class=\"gridContainer\">\n<div class=\"about-text-grid-innerrow\">\n<div class=\"about-text-grid-textcol dynamic-color\" data-type=\"column\">\n<h3 class=\"\"><\/h3>\n<\/div>\n<\/div>\n<\/div>\n<\/div>\n<div id=\"clients-2\" class=\"clients-strip-section\" style=\"background-color: #f6f6f6;\" data-label=\"Clients\" data-id=\"clients-strip-section\" data-category=\"clients\"><img loading=\"lazy\" decoding=\"async\" class=\"alignnone size-medium wp-image-2581 lazyload\" data-src=\"http:\/\/www.agds31.fr\/wp-content\/uploads\/2024\/08\/ajax_starterkit-cam-plus-megateh-300x300.jpg\" alt=\"\" width=\"300\" height=\"300\" data-srcset=\"https:\/\/www.agds31.fr\/wp-content\/uploads\/2024\/08\/ajax_starterkit-cam-plus-megateh-300x300.jpg 300w, https:\/\/www.agds31.fr\/wp-content\/uploads\/2024\/08\/ajax_starterkit-cam-plus-megateh-150x150.jpg 150w, https:\/\/www.agds31.fr\/wp-content\/uploads\/2024\/08\/ajax_starterkit-cam-plus-megateh-768x768.jpg 768w, https:\/\/www.agds31.fr\/wp-content\/uploads\/2024\/08\/ajax_starterkit-cam-plus-megateh.jpg 1000w\" data-sizes=\"auto, (max-width: 300px) 100vw, 300px\" src=\"data:image\/gif;base64,R0lGODlhAQABAAAAACH5BAEKAAEALAAAAAABAAEAAAICTAEAOw==\" style=\"--smush-placeholder-width: 300px; --smush-placeholder-aspect-ratio: 300\/300;\" \/><noscript><img loading=\"lazy\" decoding=\"async\" class=\"alignnone size-medium wp-image-2581\" src=\"http:\/\/www.agds31.fr\/wp-content\/uploads\/2024\/08\/ajax_starterkit-cam-plus-megateh-300x300.jpg\" alt=\"\" width=\"300\" height=\"300\" srcset=\"https:\/\/www.agds31.fr\/wp-content\/uploads\/2024\/08\/ajax_starterkit-cam-plus-megateh-300x300.jpg 300w, https:\/\/www.agds31.fr\/wp-content\/uploads\/2024\/08\/ajax_starterkit-cam-plus-megateh-150x150.jpg 150w, https:\/\/www.agds31.fr\/wp-content\/uploads\/2024\/08\/ajax_starterkit-cam-plus-megateh-768x768.jpg 768w, https:\/\/www.agds31.fr\/wp-content\/uploads\/2024\/08\/ajax_starterkit-cam-plus-megateh.jpg 1000w\" sizes=\"auto, (max-width: 300px) 100vw, 300px\" \/><\/noscript><img loading=\"lazy\" decoding=\"async\" class=\"alignnone size-medium wp-image-330 lazyload\" data-src=\"http:\/\/www.agds31.fr\/wp-content\/uploads\/2024\/08\/download-300x200.jpg\" alt=\"\" width=\"300\" height=\"200\" data-srcset=\"https:\/\/www.agds31.fr\/wp-content\/uploads\/2024\/08\/download-300x200.jpg 300w, https:\/\/www.agds31.fr\/wp-content\/uploads\/2024\/08\/download.jpg 306w\" data-sizes=\"auto, (max-width: 300px) 100vw, 300px\" src=\"data:image\/gif;base64,R0lGODlhAQABAAAAACH5BAEKAAEALAAAAAABAAEAAAICTAEAOw==\" style=\"--smush-placeholder-width: 300px; --smush-placeholder-aspect-ratio: 300\/200;\" \/><noscript><img loading=\"lazy\" decoding=\"async\" class=\"alignnone size-medium wp-image-330\" src=\"http:\/\/www.agds31.fr\/wp-content\/uploads\/2024\/08\/download-300x200.jpg\" alt=\"\" width=\"300\" height=\"200\" srcset=\"https:\/\/www.agds31.fr\/wp-content\/uploads\/2024\/08\/download-300x200.jpg 300w, https:\/\/www.agds31.fr\/wp-content\/uploads\/2024\/08\/download.jpg 306w\" sizes=\"auto, (max-width: 300px) 100vw, 300px\" \/><\/noscript><\/div>\n\n\n<p><a href=\"https:\/\/www.agds31.fr\/index.php\/contact-form-7-id0c9464a-titlemail\/\" data-type=\"page\" data-id=\"526\">Demande de devis<\/a><\/p>\n","protected":false},"excerpt":{"rendered":"<p>Pour all\u00e9ger votre quotidien, AGDS vous propose d\u2019opter pour le mariage entre l\u2019alarme et la domotique . Nos volets et portes de garages automatis\u00e9s vous assurent de pouvoir g\u00e9rer toute la maison simplement et efficacement. Quoi de plus confortable que de n\u2019avoir qu\u2019\u00e0 cliquer sur un bouton pour contr\u00f4ler vos fermetures et la s\u00e9curisation de [&hellip;]<\/p>\n","protected":false},"author":1,"featured_media":0,"parent":0,"menu_order":0,"comment_status":"closed","ping_status":"closed","template":"","meta":{"footnotes":""},"class_list":["post-1811","page","type-page","status-publish","hentry"],"yoast_head":"<!-- This site is optimized with the Yoast SEO plugin v24.0 - https:\/\/yoast.com\/wordpress\/plugins\/seo\/ -->\n<title>Alliance alarme et domotique - AGDS31 Tel: 0561402125<\/title>\n<meta name=\"robots\" content=\"index, follow, max-snippet:-1, max-image-preview:large, max-video-preview:-1\" \/>\n<link rel=\"canonical\" href=\"https:\/\/www.agds31.fr\/index.php\/complement-alarme\/\" \/>\n<meta property=\"og:locale\" content=\"fr_FR\" \/>\n<meta property=\"og:type\" content=\"article\" \/>\n<meta property=\"og:title\" content=\"Alliance alarme et domotique - AGDS31 Tel: 0561402125\" \/>\n<meta property=\"og:description\" content=\"Pour all\u00e9ger votre quotidien, AGDS vous propose d\u2019opter pour le mariage entre l\u2019alarme et la domotique . Nos volets et portes de garages automatis\u00e9s vous assurent de pouvoir g\u00e9rer toute la maison simplement et efficacement. Quoi de plus confortable que de n\u2019avoir qu\u2019\u00e0 cliquer sur un bouton pour contr\u00f4ler vos fermetures et la s\u00e9curisation de [&hellip;]\" \/>\n<meta property=\"og:url\" content=\"https:\/\/www.agds31.fr\/index.php\/complement-alarme\/\" \/>\n<meta property=\"og:site_name\" content=\"AGDS31 Tel: 0561402125\" \/>\n<meta property=\"article:modified_time\" content=\"2024-08-30T14:35:06+00:00\" \/>\n<meta property=\"og:image\" content=\"http:\/\/www.agds31.fr\/wp-content\/uploads\/2024\/08\/ajax_starterkit-cam-plus-megateh-300x300.jpg\" \/>\n<meta name=\"twitter:card\" content=\"summary_large_image\" \/>\n<meta name=\"twitter:label1\" content=\"Dur\u00e9e de lecture estim\u00e9e\" \/>\n\t<meta name=\"twitter:data1\" content=\"2 minutes\" \/>\n<script type=\"application\/ld+json\" class=\"yoast-schema-graph\">{\"@context\":\"https:\/\/schema.org\",\"@graph\":[{\"@type\":\"WebPage\",\"@id\":\"https:\/\/www.agds31.fr\/index.php\/complement-alarme\/\",\"url\":\"https:\/\/www.agds31.fr\/index.php\/complement-alarme\/\",\"name\":\"Alliance alarme et domotique - AGDS31 Tel: 0561402125\",\"isPartOf\":{\"@id\":\"https:\/\/www.agds31.fr\/#website\"},\"primaryImageOfPage\":{\"@id\":\"https:\/\/www.agds31.fr\/index.php\/complement-alarme\/#primaryimage\"},\"image\":{\"@id\":\"https:\/\/www.agds31.fr\/index.php\/complement-alarme\/#primaryimage\"},\"thumbnailUrl\":\"http:\/\/www.agds31.fr\/wp-content\/uploads\/2024\/08\/ajax_starterkit-cam-plus-megateh-300x300.jpg\",\"datePublished\":\"2019-06-18T17:09:45+00:00\",\"dateModified\":\"2024-08-30T14:35:06+00:00\",\"breadcrumb\":{\"@id\":\"https:\/\/www.agds31.fr\/index.php\/complement-alarme\/#breadcrumb\"},\"inLanguage\":\"fr-FR\",\"potentialAction\":[{\"@type\":\"ReadAction\",\"target\":[\"https:\/\/www.agds31.fr\/index.php\/complement-alarme\/\"]}]},{\"@type\":\"ImageObject\",\"inLanguage\":\"fr-FR\",\"@id\":\"https:\/\/www.agds31.fr\/index.php\/complement-alarme\/#primaryimage\",\"url\":\"https:\/\/www.agds31.fr\/wp-content\/uploads\/2024\/08\/ajax_starterkit-cam-plus-megateh.jpg\",\"contentUrl\":\"https:\/\/www.agds31.fr\/wp-content\/uploads\/2024\/08\/ajax_starterkit-cam-plus-megateh.jpg\",\"width\":1000,\"height\":1000},{\"@type\":\"BreadcrumbList\",\"@id\":\"https:\/\/www.agds31.fr\/index.php\/complement-alarme\/#breadcrumb\",\"itemListElement\":[{\"@type\":\"ListItem\",\"position\":1,\"name\":\"Accueil\",\"item\":\"https:\/\/www.agds31.fr\/\"},{\"@type\":\"ListItem\",\"position\":2,\"name\":\"Alliance alarme et domotique\"}]},{\"@type\":\"WebSite\",\"@id\":\"https:\/\/www.agds31.fr\/#website\",\"url\":\"https:\/\/www.agds31.fr\/\",\"name\":\"AGDS31\",\"description\":\"La s\u00e9curit\u00e9 A2P pour particuliers &amp; professionnels \u00e0 Toulouse.\",\"potentialAction\":[{\"@type\":\"SearchAction\",\"target\":{\"@type\":\"EntryPoint\",\"urlTemplate\":\"https:\/\/www.agds31.fr\/?s={search_term_string}\"},\"query-input\":{\"@type\":\"PropertyValueSpecification\",\"valueRequired\":true,\"valueName\":\"search_term_string\"}}],\"inLanguage\":\"fr-FR\"}]}<\/script>\n<!-- \/ Yoast SEO plugin. -->","yoast_head_json":{"title":"Alliance alarme et domotique - AGDS31 Tel: 0561402125","robots":{"index":"index","follow":"follow","max-snippet":"max-snippet:-1","max-image-preview":"max-image-preview:large","max-video-preview":"max-video-preview:-1"},"canonical":"https:\/\/www.agds31.fr\/index.php\/complement-alarme\/","og_locale":"fr_FR","og_type":"article","og_title":"Alliance alarme et domotique - AGDS31 Tel: 0561402125","og_description":"Pour all\u00e9ger votre quotidien, AGDS vous propose d\u2019opter pour le mariage entre l\u2019alarme et la domotique . Nos volets et portes de garages automatis\u00e9s vous assurent de pouvoir g\u00e9rer toute la maison simplement et efficacement. Quoi de plus confortable que de n\u2019avoir qu\u2019\u00e0 cliquer sur un bouton pour contr\u00f4ler vos fermetures et la s\u00e9curisation de [&hellip;]","og_url":"https:\/\/www.agds31.fr\/index.php\/complement-alarme\/","og_site_name":"AGDS31 Tel: 0561402125","article_modified_time":"2024-08-30T14:35:06+00:00","og_image":[{"url":"http:\/\/www.agds31.fr\/wp-content\/uploads\/2024\/08\/ajax_starterkit-cam-plus-megateh-300x300.jpg","type":"","width":"","height":""}],"twitter_card":"summary_large_image","twitter_misc":{"Dur\u00e9e de lecture estim\u00e9e":"2 minutes"},"schema":{"@context":"https:\/\/schema.org","@graph":[{"@type":"WebPage","@id":"https:\/\/www.agds31.fr\/index.php\/complement-alarme\/","url":"https:\/\/www.agds31.fr\/index.php\/complement-alarme\/","name":"Alliance alarme et domotique - AGDS31 Tel: 0561402125","isPartOf":{"@id":"https:\/\/www.agds31.fr\/#website"},"primaryImageOfPage":{"@id":"https:\/\/www.agds31.fr\/index.php\/complement-alarme\/#primaryimage"},"image":{"@id":"https:\/\/www.agds31.fr\/index.php\/complement-alarme\/#primaryimage"},"thumbnailUrl":"http:\/\/www.agds31.fr\/wp-content\/uploads\/2024\/08\/ajax_starterkit-cam-plus-megateh-300x300.jpg","datePublished":"2019-06-18T17:09:45+00:00","dateModified":"2024-08-30T14:35:06+00:00","breadcrumb":{"@id":"https:\/\/www.agds31.fr\/index.php\/complement-alarme\/#breadcrumb"},"inLanguage":"fr-FR","potentialAction":[{"@type":"ReadAction","target":["https:\/\/www.agds31.fr\/index.php\/complement-alarme\/"]}]},{"@type":"ImageObject","inLanguage":"fr-FR","@id":"https:\/\/www.agds31.fr\/index.php\/complement-alarme\/#primaryimage","url":"https:\/\/www.agds31.fr\/wp-content\/uploads\/2024\/08\/ajax_starterkit-cam-plus-megateh.jpg","contentUrl":"https:\/\/www.agds31.fr\/wp-content\/uploads\/2024\/08\/ajax_starterkit-cam-plus-megateh.jpg","width":1000,"height":1000},{"@type":"BreadcrumbList","@id":"https:\/\/www.agds31.fr\/index.php\/complement-alarme\/#breadcrumb","itemListElement":[{"@type":"ListItem","position":1,"name":"Accueil","item":"https:\/\/www.agds31.fr\/"},{"@type":"ListItem","position":2,"name":"Alliance alarme et domotique"}]},{"@type":"WebSite","@id":"https:\/\/www.agds31.fr\/#website","url":"https:\/\/www.agds31.fr\/","name":"AGDS31","description":"La s\u00e9curit\u00e9 A2P pour particuliers &amp; professionnels \u00e0 Toulouse.","potentialAction":[{"@type":"SearchAction","target":{"@type":"EntryPoint","urlTemplate":"https:\/\/www.agds31.fr\/?s={search_term_string}"},"query-input":{"@type":"PropertyValueSpecification","valueRequired":true,"valueName":"search_term_string"}}],"inLanguage":"fr-FR"}]}},"_links":{"self":[{"href":"https:\/\/www.agds31.fr\/index.php\/wp-json\/wp\/v2\/pages\/1811","targetHints":{"allow":["GET"]}}],"collection":[{"href":"https:\/\/www.agds31.fr\/index.php\/wp-json\/wp\/v2\/pages"}],"about":[{"href":"https:\/\/www.agds31.fr\/index.php\/wp-json\/wp\/v2\/types\/page"}],"author":[{"embeddable":true,"href":"https:\/\/www.agds31.fr\/index.php\/wp-json\/wp\/v2\/users\/1"}],"replies":[{"embeddable":true,"href":"https:\/\/www.agds31.fr\/index.php\/wp-json\/wp\/v2\/comments?post=1811"}],"version-history":[{"count":5,"href":"https:\/\/www.agds31.fr\/index.php\/wp-json\/wp\/v2\/pages\/1811\/revisions"}],"predecessor-version":[{"id":2878,"href":"https:\/\/www.agds31.fr\/index.php\/wp-json\/wp\/v2\/pages\/1811\/revisions\/2878"}],"wp:attachment":[{"href":"https:\/\/www.agds31.fr\/index.php\/wp-json\/wp\/v2\/media?parent=1811"}],"curies":[{"name":"wp","href":"https:\/\/api.w.org\/{rel}","templated":true}]}}