{"id":2183,"date":"2019-06-24T18:33:49","date_gmt":"2019-06-24T16:33:49","guid":{"rendered":"https:\/\/agds31.fr\/?page_id=2183"},"modified":"2024-08-29T17:43:56","modified_gmt":"2024-08-29T15:43:56","slug":"serrures","status":"publish","type":"page","link":"https:\/\/www.agds31.fr\/index.php\/serrures\/","title":{"rendered":"Serrures A2P Fichet"},"content":{"rendered":"<div id=\"features-5\" class=\"features-small-icon-cards-section\" style=\"background-color: #ffffff; background-image: none;\" data-id=\"features-small-icon-cards-section\" data-category=\"features\" data-label=\"Features\" data-ovid=\"ovid-features-5-147\">\n<div class=\"gridContainer\">\n<div class=\"features-small-icon-cards-textrow\">\n<div class=\"features-small-icon-cards-textcol dynamic-color\" data-type=\"column\">\n<h2 class=\"\">Diff\u00e9rentes serrures<\/h2>\n<\/div>\n<\/div>\n<div class=\"features-small-icon-cards-featuresrow dark-text\" data-type=\"row\">\n<div class=\"features-small-icon-cards-featcol\">\n<div class=\"features-small-icon-cards-featinnerrow\">\n<div class=\"features-small-icon-cards-iconcol\">\n<p><b>Les serrures de haute s\u00e9curit\u00e9 multipoints Alicea\u00a0Slim et SP<\/b>\u00a0sont des serrures multipoints certifi\u00e9es :\u00a0<b>A2P 1 \u00e9toile<\/b><\/p>\n<p><b>La serrure Alicea Slim\u00a0<\/b>est une serrure Fichet qui constitue une r\u00e9ponse de haute s\u00e9curit\u00e9, en particulier pour les logements pouvant difficilement int\u00e9grer un bloc-porte blind\u00e9. Elle est particuli\u00e8rement recommand\u00e9e dans le cas de moulures sur votre porte d&rsquo;origine.\u00a0<b>La serrure de haute s\u00e9curit\u00e9 multipoints Alicea Slim<\/b>\u00a0b\u00e9n\u00e9ficie du meilleur de la technologie.<\/p>\n<p><b>La serrure de haute s\u00e9curit\u00e9 multipoints Alicea SP<\/b>, est esth\u00e9tique et moderne gr\u00e2ce \u00e0 son capot d&rsquo;une seule pi\u00e8ce, elle s&rsquo;int\u00e8gre parfaitement \u00e0 votre d\u00e9coration int\u00e9rieure. 2 finitions disponibles, un design \u00e9prouv\u00e9 et un confort d&rsquo;utilisation exceptionnel.<\/p>\n<\/div>\n<div class=\"features-small-icon-cards-feattextcol\" data-type=\"column\">\n<h4 class=\"\"><img loading=\"lazy\" decoding=\"async\" class=\"alignnone size-medium wp-image-2490 lazyload\" data-src=\"http:\/\/www.agds31.fr\/wp-content\/uploads\/2024\/08\/serrure-alicea-s-xp-300x300.webp\" alt=\"\" width=\"300\" height=\"300\" data-srcset=\"https:\/\/www.agds31.fr\/wp-content\/uploads\/2024\/08\/serrure-alicea-s-xp-300x300.webp 300w, https:\/\/www.agds31.fr\/wp-content\/uploads\/2024\/08\/serrure-alicea-s-xp-1024x1024.webp 1024w, https:\/\/www.agds31.fr\/wp-content\/uploads\/2024\/08\/serrure-alicea-s-xp-150x150.webp 150w, https:\/\/www.agds31.fr\/wp-content\/uploads\/2024\/08\/serrure-alicea-s-xp-768x768.webp 768w, https:\/\/www.agds31.fr\/wp-content\/uploads\/2024\/08\/serrure-alicea-s-xp.webp 1080w\" data-sizes=\"auto, (max-width: 300px) 100vw, 300px\" src=\"data:image\/gif;base64,R0lGODlhAQABAAAAACH5BAEKAAEALAAAAAABAAEAAAICTAEAOw==\" style=\"--smush-placeholder-width: 300px; --smush-placeholder-aspect-ratio: 300\/300;\" \/><noscript><img loading=\"lazy\" decoding=\"async\" class=\"alignnone size-medium wp-image-2490\" src=\"http:\/\/www.agds31.fr\/wp-content\/uploads\/2024\/08\/serrure-alicea-s-xp-300x300.webp\" alt=\"\" width=\"300\" height=\"300\" srcset=\"https:\/\/www.agds31.fr\/wp-content\/uploads\/2024\/08\/serrure-alicea-s-xp-300x300.webp 300w, https:\/\/www.agds31.fr\/wp-content\/uploads\/2024\/08\/serrure-alicea-s-xp-1024x1024.webp 1024w, https:\/\/www.agds31.fr\/wp-content\/uploads\/2024\/08\/serrure-alicea-s-xp-150x150.webp 150w, https:\/\/www.agds31.fr\/wp-content\/uploads\/2024\/08\/serrure-alicea-s-xp-768x768.webp 768w, https:\/\/www.agds31.fr\/wp-content\/uploads\/2024\/08\/serrure-alicea-s-xp.webp 1080w\" sizes=\"auto, (max-width: 300px) 100vw, 300px\" \/><\/noscript><img loading=\"lazy\" decoding=\"async\" class=\"alignnone wp-image-2779 size-medium lazyload\" data-src=\"http:\/\/www.agds31.fr\/wp-content\/uploads\/2024\/08\/Cylindre-et-cles-F3D-2_1x1-300x300.webp\" alt=\"\" width=\"300\" height=\"300\" data-srcset=\"https:\/\/www.agds31.fr\/wp-content\/uploads\/2024\/08\/Cylindre-et-cles-F3D-2_1x1-300x300.webp 300w, https:\/\/www.agds31.fr\/wp-content\/uploads\/2024\/08\/Cylindre-et-cles-F3D-2_1x1-1024x1024.webp 1024w, https:\/\/www.agds31.fr\/wp-content\/uploads\/2024\/08\/Cylindre-et-cles-F3D-2_1x1-150x150.webp 150w, https:\/\/www.agds31.fr\/wp-content\/uploads\/2024\/08\/Cylindre-et-cles-F3D-2_1x1-768x768.webp 768w, https:\/\/www.agds31.fr\/wp-content\/uploads\/2024\/08\/Cylindre-et-cles-F3D-2_1x1.webp 1520w\" data-sizes=\"auto, (max-width: 300px) 100vw, 300px\" src=\"data:image\/gif;base64,R0lGODlhAQABAAAAACH5BAEKAAEALAAAAAABAAEAAAICTAEAOw==\" style=\"--smush-placeholder-width: 300px; --smush-placeholder-aspect-ratio: 300\/300;\" \/><noscript><img loading=\"lazy\" decoding=\"async\" class=\"alignnone wp-image-2779 size-medium\" src=\"http:\/\/www.agds31.fr\/wp-content\/uploads\/2024\/08\/Cylindre-et-cles-F3D-2_1x1-300x300.webp\" alt=\"\" width=\"300\" height=\"300\" srcset=\"https:\/\/www.agds31.fr\/wp-content\/uploads\/2024\/08\/Cylindre-et-cles-F3D-2_1x1-300x300.webp 300w, https:\/\/www.agds31.fr\/wp-content\/uploads\/2024\/08\/Cylindre-et-cles-F3D-2_1x1-1024x1024.webp 1024w, https:\/\/www.agds31.fr\/wp-content\/uploads\/2024\/08\/Cylindre-et-cles-F3D-2_1x1-150x150.webp 150w, https:\/\/www.agds31.fr\/wp-content\/uploads\/2024\/08\/Cylindre-et-cles-F3D-2_1x1-768x768.webp 768w, https:\/\/www.agds31.fr\/wp-content\/uploads\/2024\/08\/Cylindre-et-cles-F3D-2_1x1.webp 1520w\" sizes=\"auto, (max-width: 300px) 100vw, 300px\" \/><\/noscript><img loading=\"lazy\" decoding=\"async\" class=\"alignnone size-medium wp-image-2777 lazyload\" data-src=\"http:\/\/www.agds31.fr\/wp-content\/uploads\/2024\/08\/Produit-serrure-multipoints-alicea-2-1_1x1-300x300.webp\" alt=\"\" width=\"300\" height=\"300\" data-srcset=\"https:\/\/www.agds31.fr\/wp-content\/uploads\/2024\/08\/Produit-serrure-multipoints-alicea-2-1_1x1-300x300.webp 300w, https:\/\/www.agds31.fr\/wp-content\/uploads\/2024\/08\/Produit-serrure-multipoints-alicea-2-1_1x1-1024x1024.webp 1024w, https:\/\/www.agds31.fr\/wp-content\/uploads\/2024\/08\/Produit-serrure-multipoints-alicea-2-1_1x1-150x150.webp 150w, https:\/\/www.agds31.fr\/wp-content\/uploads\/2024\/08\/Produit-serrure-multipoints-alicea-2-1_1x1-768x768.webp 768w, https:\/\/www.agds31.fr\/wp-content\/uploads\/2024\/08\/Produit-serrure-multipoints-alicea-2-1_1x1.webp 1520w\" data-sizes=\"auto, (max-width: 300px) 100vw, 300px\" src=\"data:image\/gif;base64,R0lGODlhAQABAAAAACH5BAEKAAEALAAAAAABAAEAAAICTAEAOw==\" style=\"--smush-placeholder-width: 300px; --smush-placeholder-aspect-ratio: 300\/300;\" \/><noscript><img loading=\"lazy\" decoding=\"async\" class=\"alignnone size-medium wp-image-2777\" src=\"http:\/\/www.agds31.fr\/wp-content\/uploads\/2024\/08\/Produit-serrure-multipoints-alicea-2-1_1x1-300x300.webp\" alt=\"\" width=\"300\" height=\"300\" srcset=\"https:\/\/www.agds31.fr\/wp-content\/uploads\/2024\/08\/Produit-serrure-multipoints-alicea-2-1_1x1-300x300.webp 300w, https:\/\/www.agds31.fr\/wp-content\/uploads\/2024\/08\/Produit-serrure-multipoints-alicea-2-1_1x1-1024x1024.webp 1024w, https:\/\/www.agds31.fr\/wp-content\/uploads\/2024\/08\/Produit-serrure-multipoints-alicea-2-1_1x1-150x150.webp 150w, https:\/\/www.agds31.fr\/wp-content\/uploads\/2024\/08\/Produit-serrure-multipoints-alicea-2-1_1x1-768x768.webp 768w, https:\/\/www.agds31.fr\/wp-content\/uploads\/2024\/08\/Produit-serrure-multipoints-alicea-2-1_1x1.webp 1520w\" sizes=\"auto, (max-width: 300px) 100vw, 300px\" \/><\/noscript><\/h4>\n<p><a class=\"\" href=\"https:\/\/www.fichet-pointfort.com\/fr\/fr\/content-fragments\/products\/serrure-de-securite\/serrure-multipoints\/alicea\/assets\/documents\/produit\/fiche-produit-alicea-s-xp-171023.pdf\" target=\"_self\" rel=\"noopener\">+ d\u2019infos<\/a><\/p>\n<\/div>\n<\/div>\n<\/div>\n<div class=\"features-small-icon-cards-featcol\">\n<div class=\"features-small-icon-cards-featinnerrow\">\n<div class=\"features-small-icon-cards-iconcol\"><\/div>\n<div class=\"features-small-icon-cards-feattextcol\" data-type=\"column\">\n<h4 class=\"\">Serrure multipoints en applique<\/h4>\n<p>Pour vous garantir la s\u00e9curit\u00e9 optimale d\u2019un bloc porte blind\u00e9 et r\u00e9pondre aux exigences des normes de s\u00e9curit\u00e9 A2P ; votre bloc porte blind\u00e9e doit \u00eatre associ\u00e9 \u00e0 un cylindre et une serrure de haute s\u00e9curit\u00e9 de m\u00eame marque et de m\u00eame niveau A2P.<\/p>\n<p>Leaders sur le march\u00e9 de la s\u00e9curisation,\u00a0<b>Fichet proposent des mod\u00e8les de serrures haut de gamme<\/b>, certifi\u00e9es par la norme A2P comme extr\u00eamement r\u00e9sistants \u00e0 l\u2019effraction.<br \/>\nDe nombreux mod\u00e8les sont propos\u00e9s afin de couvrir tous les besoins et optimiser votre s\u00e9curit\u00e9.<\/p>\n<p><img loading=\"lazy\" decoding=\"async\" class=\"alignnone size-medium wp-image-2515 lazyload\" data-src=\"http:\/\/www.agds31.fr\/wp-content\/uploads\/2024\/08\/serrure-multipoints-fichet-multipoint-Enghien-les-Bains-263x300.jpg\" alt=\"\" width=\"263\" height=\"300\" data-srcset=\"https:\/\/www.agds31.fr\/wp-content\/uploads\/2024\/08\/serrure-multipoints-fichet-multipoint-Enghien-les-Bains-263x300.jpg 263w, https:\/\/www.agds31.fr\/wp-content\/uploads\/2024\/08\/serrure-multipoints-fichet-multipoint-Enghien-les-Bains.jpg 700w\" data-sizes=\"auto, (max-width: 263px) 100vw, 263px\" src=\"data:image\/gif;base64,R0lGODlhAQABAAAAACH5BAEKAAEALAAAAAABAAEAAAICTAEAOw==\" style=\"--smush-placeholder-width: 263px; --smush-placeholder-aspect-ratio: 263\/300;\" \/><noscript><img loading=\"lazy\" decoding=\"async\" class=\"alignnone size-medium wp-image-2515\" src=\"http:\/\/www.agds31.fr\/wp-content\/uploads\/2024\/08\/serrure-multipoints-fichet-multipoint-Enghien-les-Bains-263x300.jpg\" alt=\"\" width=\"263\" height=\"300\" srcset=\"https:\/\/www.agds31.fr\/wp-content\/uploads\/2024\/08\/serrure-multipoints-fichet-multipoint-Enghien-les-Bains-263x300.jpg 263w, https:\/\/www.agds31.fr\/wp-content\/uploads\/2024\/08\/serrure-multipoints-fichet-multipoint-Enghien-les-Bains.jpg 700w\" sizes=\"auto, (max-width: 263px) 100vw, 263px\" \/><\/noscript><\/p>\n<p>La serrure\u00a0<b>Multipoint\u00a0<\/b>est la solution pour s\u00e9curiser votre domicile.\u00a0<b>Certifi\u00e9e A2P 1* par le CNPP<\/b>, cette serrure de 3 ou 5 points de verrouillage vient se fixer sur votre porte de fa\u00e7on \u00e0 s\u00e9curiser l&rsquo;ensemble.<\/p>\n<p>Equip\u00e9e du cylindre rond embl\u00e9matique Fichet, le 787Z, votre porte r\u00e9sistera aux tentatives d&rsquo;ouverture par crochetage. Une protection en acier trait\u00e9 vient renformer sa haute r\u00e9sistance aux attaques par sciage, per\u00e7age et arrachement<\/p>\n<p><a class=\"\" href=\"https:\/\/www.fichet-pointfort.com\/fr\/fr\/content-fragments\/products\/serrure-de-securite\/serrure-multipoints\/multipoint\/assets\/documents\/produit\/Fiche-produit-serrure-multipoints-Multipoint.pdf\" target=\"_self\" rel=\"noopener\">+ d\u2019infos<\/a><\/p>\n<\/div>\n<\/div>\n<\/div>\n<div class=\"features-small-icon-cards-featcol\">\n<div class=\"features-small-icon-cards-featinnerrow\">\n<div class=\"features-small-icon-cards-iconcol\" data-preview-empty=\"1\"><\/div>\n<\/div>\n<\/div>\n<div class=\"features-small-icon-cards-featcol\">\n<div class=\"features-small-icon-cards-featinnerrow\">\n<div class=\"features-small-icon-cards-iconcol\" data-preview-empty=\"1\"><\/div>\n<\/div>\n<\/div>\n<div class=\"features-small-icon-cards-featcol\">\n<div class=\"features-small-icon-cards-featinnerrow\">\n<div class=\"features-small-icon-cards-feattextcol\" data-type=\"column\">\n<h4 class=\"\"><\/h4>\n<\/div>\n<\/div>\n<\/div>\n<\/div>\n<\/div>\n<\/div>\n","protected":false},"excerpt":{"rendered":"<p>Diff\u00e9rentes serrures Les serrures de haute s\u00e9curit\u00e9 multipoints Alicea\u00a0Slim et SP\u00a0sont des serrures multipoints certifi\u00e9es :\u00a0A2P 1 \u00e9toile La serrure Alicea Slim\u00a0est une serrure Fichet qui constitue une r\u00e9ponse de haute s\u00e9curit\u00e9, en particulier pour les logements pouvant difficilement int\u00e9grer un bloc-porte blind\u00e9. Elle est particuli\u00e8rement recommand\u00e9e dans le cas de moulures sur votre porte [&hellip;]<\/p>\n","protected":false},"author":1,"featured_media":0,"parent":0,"menu_order":0,"comment_status":"closed","ping_status":"closed","template":"","meta":{"footnotes":""},"class_list":["post-2183","page","type-page","status-publish","hentry"],"yoast_head":"<!-- This site is optimized with the Yoast SEO plugin v24.0 - https:\/\/yoast.com\/wordpress\/plugins\/seo\/ -->\n<title>Serrures A2P Fichet - AGDS31 Tel: 0561402125<\/title>\n<meta name=\"robots\" content=\"index, follow, max-snippet:-1, max-image-preview:large, max-video-preview:-1\" \/>\n<link rel=\"canonical\" href=\"https:\/\/www.agds31.fr\/index.php\/serrures\/\" \/>\n<meta property=\"og:locale\" content=\"fr_FR\" \/>\n<meta property=\"og:type\" content=\"article\" \/>\n<meta property=\"og:title\" content=\"Serrures A2P Fichet - AGDS31 Tel: 0561402125\" \/>\n<meta property=\"og:description\" content=\"Diff\u00e9rentes serrures Les serrures de haute s\u00e9curit\u00e9 multipoints Alicea\u00a0Slim et SP\u00a0sont des serrures multipoints certifi\u00e9es :\u00a0A2P 1 \u00e9toile La serrure Alicea Slim\u00a0est une serrure Fichet qui constitue une r\u00e9ponse de haute s\u00e9curit\u00e9, en particulier pour les logements pouvant difficilement int\u00e9grer un bloc-porte blind\u00e9. Elle est particuli\u00e8rement recommand\u00e9e dans le cas de moulures sur votre porte [&hellip;]\" \/>\n<meta property=\"og:url\" content=\"https:\/\/www.agds31.fr\/index.php\/serrures\/\" \/>\n<meta property=\"og:site_name\" content=\"AGDS31 Tel: 0561402125\" \/>\n<meta property=\"article:modified_time\" content=\"2024-08-29T15:43:56+00:00\" \/>\n<meta property=\"og:image\" content=\"http:\/\/www.agds31.fr\/wp-content\/uploads\/2024\/08\/serrure-alicea-s-xp-300x300.webp\" \/>\n<meta name=\"twitter:card\" content=\"summary_large_image\" \/>\n<meta name=\"twitter:label1\" content=\"Dur\u00e9e de lecture estim\u00e9e\" \/>\n\t<meta name=\"twitter:data1\" content=\"3 minutes\" \/>\n<script type=\"application\/ld+json\" class=\"yoast-schema-graph\">{\"@context\":\"https:\/\/schema.org\",\"@graph\":[{\"@type\":\"WebPage\",\"@id\":\"https:\/\/www.agds31.fr\/index.php\/serrures\/\",\"url\":\"https:\/\/www.agds31.fr\/index.php\/serrures\/\",\"name\":\"Serrures A2P Fichet - AGDS31 Tel: 0561402125\",\"isPartOf\":{\"@id\":\"https:\/\/www.agds31.fr\/#website\"},\"primaryImageOfPage\":{\"@id\":\"https:\/\/www.agds31.fr\/index.php\/serrures\/#primaryimage\"},\"image\":{\"@id\":\"https:\/\/www.agds31.fr\/index.php\/serrures\/#primaryimage\"},\"thumbnailUrl\":\"http:\/\/www.agds31.fr\/wp-content\/uploads\/2024\/08\/serrure-alicea-s-xp-300x300.webp\",\"datePublished\":\"2019-06-24T16:33:49+00:00\",\"dateModified\":\"2024-08-29T15:43:56+00:00\",\"breadcrumb\":{\"@id\":\"https:\/\/www.agds31.fr\/index.php\/serrures\/#breadcrumb\"},\"inLanguage\":\"fr-FR\",\"potentialAction\":[{\"@type\":\"ReadAction\",\"target\":[\"https:\/\/www.agds31.fr\/index.php\/serrures\/\"]}]},{\"@type\":\"ImageObject\",\"inLanguage\":\"fr-FR\",\"@id\":\"https:\/\/www.agds31.fr\/index.php\/serrures\/#primaryimage\",\"url\":\"https:\/\/www.agds31.fr\/wp-content\/uploads\/2024\/08\/serrure-alicea-s-xp.webp\",\"contentUrl\":\"https:\/\/www.agds31.fr\/wp-content\/uploads\/2024\/08\/serrure-alicea-s-xp.webp\",\"width\":1080,\"height\":1080},{\"@type\":\"BreadcrumbList\",\"@id\":\"https:\/\/www.agds31.fr\/index.php\/serrures\/#breadcrumb\",\"itemListElement\":[{\"@type\":\"ListItem\",\"position\":1,\"name\":\"Accueil\",\"item\":\"https:\/\/www.agds31.fr\/\"},{\"@type\":\"ListItem\",\"position\":2,\"name\":\"Serrures A2P Fichet\"}]},{\"@type\":\"WebSite\",\"@id\":\"https:\/\/www.agds31.fr\/#website\",\"url\":\"https:\/\/www.agds31.fr\/\",\"name\":\"AGDS31\",\"description\":\"La s\u00e9curit\u00e9 A2P pour particuliers &amp; professionnels \u00e0 Toulouse.\",\"potentialAction\":[{\"@type\":\"SearchAction\",\"target\":{\"@type\":\"EntryPoint\",\"urlTemplate\":\"https:\/\/www.agds31.fr\/?s={search_term_string}\"},\"query-input\":{\"@type\":\"PropertyValueSpecification\",\"valueRequired\":true,\"valueName\":\"search_term_string\"}}],\"inLanguage\":\"fr-FR\"}]}<\/script>\n<!-- \/ Yoast SEO plugin. -->","yoast_head_json":{"title":"Serrures A2P Fichet - AGDS31 Tel: 0561402125","robots":{"index":"index","follow":"follow","max-snippet":"max-snippet:-1","max-image-preview":"max-image-preview:large","max-video-preview":"max-video-preview:-1"},"canonical":"https:\/\/www.agds31.fr\/index.php\/serrures\/","og_locale":"fr_FR","og_type":"article","og_title":"Serrures A2P Fichet - AGDS31 Tel: 0561402125","og_description":"Diff\u00e9rentes serrures Les serrures de haute s\u00e9curit\u00e9 multipoints Alicea\u00a0Slim et SP\u00a0sont des serrures multipoints certifi\u00e9es :\u00a0A2P 1 \u00e9toile La serrure Alicea Slim\u00a0est une serrure Fichet qui constitue une r\u00e9ponse de haute s\u00e9curit\u00e9, en particulier pour les logements pouvant difficilement int\u00e9grer un bloc-porte blind\u00e9. Elle est particuli\u00e8rement recommand\u00e9e dans le cas de moulures sur votre porte [&hellip;]","og_url":"https:\/\/www.agds31.fr\/index.php\/serrures\/","og_site_name":"AGDS31 Tel: 0561402125","article_modified_time":"2024-08-29T15:43:56+00:00","og_image":[{"url":"http:\/\/www.agds31.fr\/wp-content\/uploads\/2024\/08\/serrure-alicea-s-xp-300x300.webp","type":"","width":"","height":""}],"twitter_card":"summary_large_image","twitter_misc":{"Dur\u00e9e de lecture estim\u00e9e":"3 minutes"},"schema":{"@context":"https:\/\/schema.org","@graph":[{"@type":"WebPage","@id":"https:\/\/www.agds31.fr\/index.php\/serrures\/","url":"https:\/\/www.agds31.fr\/index.php\/serrures\/","name":"Serrures A2P Fichet - AGDS31 Tel: 0561402125","isPartOf":{"@id":"https:\/\/www.agds31.fr\/#website"},"primaryImageOfPage":{"@id":"https:\/\/www.agds31.fr\/index.php\/serrures\/#primaryimage"},"image":{"@id":"https:\/\/www.agds31.fr\/index.php\/serrures\/#primaryimage"},"thumbnailUrl":"http:\/\/www.agds31.fr\/wp-content\/uploads\/2024\/08\/serrure-alicea-s-xp-300x300.webp","datePublished":"2019-06-24T16:33:49+00:00","dateModified":"2024-08-29T15:43:56+00:00","breadcrumb":{"@id":"https:\/\/www.agds31.fr\/index.php\/serrures\/#breadcrumb"},"inLanguage":"fr-FR","potentialAction":[{"@type":"ReadAction","target":["https:\/\/www.agds31.fr\/index.php\/serrures\/"]}]},{"@type":"ImageObject","inLanguage":"fr-FR","@id":"https:\/\/www.agds31.fr\/index.php\/serrures\/#primaryimage","url":"https:\/\/www.agds31.fr\/wp-content\/uploads\/2024\/08\/serrure-alicea-s-xp.webp","contentUrl":"https:\/\/www.agds31.fr\/wp-content\/uploads\/2024\/08\/serrure-alicea-s-xp.webp","width":1080,"height":1080},{"@type":"BreadcrumbList","@id":"https:\/\/www.agds31.fr\/index.php\/serrures\/#breadcrumb","itemListElement":[{"@type":"ListItem","position":1,"name":"Accueil","item":"https:\/\/www.agds31.fr\/"},{"@type":"ListItem","position":2,"name":"Serrures A2P Fichet"}]},{"@type":"WebSite","@id":"https:\/\/www.agds31.fr\/#website","url":"https:\/\/www.agds31.fr\/","name":"AGDS31","description":"La s\u00e9curit\u00e9 A2P pour particuliers &amp; professionnels \u00e0 Toulouse.","potentialAction":[{"@type":"SearchAction","target":{"@type":"EntryPoint","urlTemplate":"https:\/\/www.agds31.fr\/?s={search_term_string}"},"query-input":{"@type":"PropertyValueSpecification","valueRequired":true,"valueName":"search_term_string"}}],"inLanguage":"fr-FR"}]}},"_links":{"self":[{"href":"https:\/\/www.agds31.fr\/index.php\/wp-json\/wp\/v2\/pages\/2183","targetHints":{"allow":["GET"]}}],"collection":[{"href":"https:\/\/www.agds31.fr\/index.php\/wp-json\/wp\/v2\/pages"}],"about":[{"href":"https:\/\/www.agds31.fr\/index.php\/wp-json\/wp\/v2\/types\/page"}],"author":[{"embeddable":true,"href":"https:\/\/www.agds31.fr\/index.php\/wp-json\/wp\/v2\/users\/1"}],"replies":[{"embeddable":true,"href":"https:\/\/www.agds31.fr\/index.php\/wp-json\/wp\/v2\/comments?post=2183"}],"version-history":[{"count":7,"href":"https:\/\/www.agds31.fr\/index.php\/wp-json\/wp\/v2\/pages\/2183\/revisions"}],"predecessor-version":[{"id":2780,"href":"https:\/\/www.agds31.fr\/index.php\/wp-json\/wp\/v2\/pages\/2183\/revisions\/2780"}],"wp:attachment":[{"href":"https:\/\/www.agds31.fr\/index.php\/wp-json\/wp\/v2\/media?parent=2183"}],"curies":[{"name":"wp","href":"https:\/\/api.w.org\/{rel}","templated":true}]}}