{"id":577,"date":"2019-05-13T08:36:44","date_gmt":"2019-05-13T06:36:44","guid":{"rendered":"https:\/\/master-7rqtwti-jlukth32wazq6.fr-1.platformsh.site\/?page_id=150"},"modified":"2019-05-13T08:36:44","modified_gmt":"2019-05-13T06:36:44","slug":"controle-dacces","status":"publish","type":"page","link":"https:\/\/www.agds31.fr\/index.php\/controle-dacces\/","title":{"rendered":"Contr\u00f4le d\u2019acc\u00e8s"},"content":{"rendered":"<div class=\"page\" title=\"Page 4\">\n<div class=\"layoutArea\">\n<div class=\"column\">\n<p>Contr\u00f4le d\u2019acc\u00e8s \u2013 Le choix de la suret\u00e9 \u2013 G\u00e9rer l\u2019ouverture des acc\u00e8s \u00e0 un b\u00e2timent, des bureaux\u2026<\/p>\n<ul>\n<li>Nous \u00e9laborons des installations de contr\u00f4le d\u2019acc\u00e8s et de gestion horaire de la plus modeste jusqu\u2019\u00e0 la plus \u00e9labor\u00e9e.<\/li>\n<li>gestion centralis\u00e9e par badges vigik, la biom\u00e9trie ou t\u00e9l\u00e9commandes..<\/li>\n<li>portiers et interphones<\/li>\n<li>claviers digicodes, r\u00e9cepteurs radio<\/li>\n<li>cylindres \u00e9lectroniques<\/li>\n<li>serrures motoris\u00e9es, ventouses, g\u00e2che \u00e9lectrique..<img loading=\"lazy\" decoding=\"async\" data-src=\"https:\/\/agds31.fr\/wp-content\/uploads\/2019\/06\/shopping.png\" class=\"alignnone size-full wp-image-1400 lazyload\" style=\"--smush-placeholder-width: 196px; --smush-placeholder-aspect-ratio: 196\/196;font-size: 18px\" alt=\"\" width=\"196\" height=\"196\" data-srcset=\"https:\/\/agds31.fr\/wp-content\/uploads\/2019\/06\/shopping.png 196w, https:\/\/agds31.fr\/wp-content\/uploads\/2019\/06\/shopping-150x150.png 150w\" data-sizes=\"auto, (max-width: 196px) 100vw, 196px\" src=\"data:image\/gif;base64,R0lGODlhAQABAAAAACH5BAEKAAEALAAAAAABAAEAAAICTAEAOw==\"><noscript><img loading=\"lazy\" decoding=\"async\" src=\"https:\/\/agds31.fr\/wp-content\/uploads\/2019\/06\/shopping.png\" class=\"alignnone size-full wp-image-1400\" style=\"font-size: 18px\" alt=\"\" width=\"196\" height=\"196\" srcset=\"https:\/\/agds31.fr\/wp-content\/uploads\/2019\/06\/shopping.png 196w, https:\/\/agds31.fr\/wp-content\/uploads\/2019\/06\/shopping-150x150.png 150w\" sizes=\"auto, (max-width: 196px) 100vw, 196px\"><\/noscript><img loading=\"lazy\" decoding=\"async\" data-src=\"https:\/\/agds31.fr\/wp-content\/uploads\/2019\/06\/images-12.jpeg\" class=\"alignnone size-full wp-image-1401 lazyload\" style=\"--smush-placeholder-width: 234px; --smush-placeholder-aspect-ratio: 234\/215;font-size: 18px\" alt=\"\" width=\"234\" height=\"215\" src=\"data:image\/gif;base64,R0lGODlhAQABAAAAACH5BAEKAAEALAAAAAABAAEAAAICTAEAOw==\"><noscript><img loading=\"lazy\" decoding=\"async\" src=\"https:\/\/agds31.fr\/wp-content\/uploads\/2019\/06\/images-12.jpeg\" class=\"alignnone size-full wp-image-1401\" style=\"font-size: 18px\" alt=\"\" width=\"234\" height=\"215\"><\/noscript><img loading=\"lazy\" decoding=\"async\" data-src=\"https:\/\/agds31.fr\/wp-content\/uploads\/2019\/06\/images-14.jpeg\" class=\"alignnone size-full wp-image-1402 lazyload\" style=\"--smush-placeholder-width: 259px; --smush-placeholder-aspect-ratio: 259\/194;font-size: 18px\" alt=\"\" width=\"259\" height=\"194\" src=\"data:image\/gif;base64,R0lGODlhAQABAAAAACH5BAEKAAEALAAAAAABAAEAAAICTAEAOw==\"><noscript><img loading=\"lazy\" decoding=\"async\" src=\"https:\/\/agds31.fr\/wp-content\/uploads\/2019\/06\/images-14.jpeg\" class=\"alignnone size-full wp-image-1402\" style=\"font-size: 18px\" alt=\"\" width=\"259\" height=\"194\"><\/noscript><img loading=\"lazy\" decoding=\"async\" data-src=\"https:\/\/agds31.fr\/wp-content\/uploads\/2019\/06\/images-13.jpeg\" class=\"alignnone size-full wp-image-1403 lazyload\" style=\"--smush-placeholder-width: 256px; --smush-placeholder-aspect-ratio: 256\/197;font-size: 18px\" alt=\"\" width=\"256\" height=\"197\" src=\"data:image\/gif;base64,R0lGODlhAQABAAAAACH5BAEKAAEALAAAAAABAAEAAAICTAEAOw==\"><noscript><img loading=\"lazy\" decoding=\"async\" src=\"https:\/\/agds31.fr\/wp-content\/uploads\/2019\/06\/images-13.jpeg\" class=\"alignnone size-full wp-image-1403\" style=\"font-size: 18px\" alt=\"\" width=\"256\" height=\"197\"><\/noscript><img loading=\"lazy\" decoding=\"async\" data-src=\"https:\/\/agds31.fr\/wp-content\/uploads\/2019\/06\/images-6-1-300x98.jpeg\" class=\"alignnone size-medium wp-image-2274 lazyload\" width=\"300\" height=\"98\" alt=\"\" src=\"data:image\/gif;base64,R0lGODlhAQABAAAAACH5BAEKAAEALAAAAAABAAEAAAICTAEAOw==\" style=\"--smush-placeholder-width: 300px; --smush-placeholder-aspect-ratio: 300\/98;\"><noscript><img loading=\"lazy\" decoding=\"async\" src=\"https:\/\/agds31.fr\/wp-content\/uploads\/2019\/06\/images-6-1-300x98.jpeg\" class=\"alignnone size-medium wp-image-2274\" width=\"300\" height=\"98\" alt=\"\"><\/noscript><img loading=\"lazy\" decoding=\"async\" data-src=\"https:\/\/agds31.fr\/wp-content\/uploads\/2019\/06\/images-4-2-300x75.jpeg\" class=\"alignnone size-medium wp-image-2275 lazyload\" width=\"300\" height=\"75\" alt=\"\" src=\"data:image\/gif;base64,R0lGODlhAQABAAAAACH5BAEKAAEALAAAAAABAAEAAAICTAEAOw==\" style=\"--smush-placeholder-width: 300px; --smush-placeholder-aspect-ratio: 300\/75;\"><noscript><img loading=\"lazy\" decoding=\"async\" src=\"https:\/\/agds31.fr\/wp-content\/uploads\/2019\/06\/images-4-2-300x75.jpeg\" class=\"alignnone size-medium wp-image-2275\" width=\"300\" height=\"75\" alt=\"\"><\/noscript><img loading=\"lazy\" decoding=\"async\" data-src=\"https:\/\/agds31.fr\/wp-content\/uploads\/2019\/06\/Unknown-8-1.jpeg\" class=\"alignnone size-medium wp-image-2276 lazyload\" width=\"285\" height=\"177\" alt=\"\" src=\"data:image\/gif;base64,R0lGODlhAQABAAAAACH5BAEKAAEALAAAAAABAAEAAAICTAEAOw==\" style=\"--smush-placeholder-width: 285px; --smush-placeholder-aspect-ratio: 285\/177;\"><noscript><img loading=\"lazy\" decoding=\"async\" src=\"https:\/\/agds31.fr\/wp-content\/uploads\/2019\/06\/Unknown-8-1.jpeg\" class=\"alignnone size-medium wp-image-2276\" width=\"285\" height=\"177\" alt=\"\"><\/noscript><img loading=\"lazy\" decoding=\"async\" data-src=\"https:\/\/agds31.fr\/wp-content\/uploads\/2019\/06\/images-5-1-300x117.jpeg\" class=\"alignnone size-medium wp-image-2278 lazyload\" width=\"300\" height=\"117\" alt=\"\" src=\"data:image\/gif;base64,R0lGODlhAQABAAAAACH5BAEKAAEALAAAAAABAAEAAAICTAEAOw==\" style=\"--smush-placeholder-width: 300px; --smush-placeholder-aspect-ratio: 300\/117;\"><noscript><img loading=\"lazy\" decoding=\"async\" src=\"https:\/\/agds31.fr\/wp-content\/uploads\/2019\/06\/images-5-1-300x117.jpeg\" class=\"alignnone size-medium wp-image-2278\" width=\"300\" height=\"117\" alt=\"\"><\/noscript><\/li>\n<\/ul>\n<\/div>\n<\/div>\n<\/div>\n<div data-label=\"Clients\" data-id=\"clients-strip-section\" data-category=\"clients\" class=\"clients-strip-section\" id=\"clients-2\" style=\"background-color: #ffffff\">\n<div class=\"row_187\" data-type=\"row\" data-add-content=\"false\">\n<div class=\"clients-strip-itemcol cp2cols\">\n<div class=\"middle_align1\"><a href=\"#\" target=\"_self\" rel=\"noopener\"><img decoding=\"async\" data-src=\"https:\/\/agds31.fr\/wp-content\/uploads\/2019\/06\/Unknown-1-1.png\" class=\"clients-strip-itemimg lazyload\" src=\"data:image\/gif;base64,R0lGODlhAQABAAAAACH5BAEKAAEALAAAAAABAAEAAAICTAEAOw==\"><noscript><img decoding=\"async\" src=\"https:\/\/agds31.fr\/wp-content\/uploads\/2019\/06\/Unknown-1-1.png\" class=\"clients-strip-itemimg\"><\/noscript><\/a><\/div>\n<\/div>\n<div class=\"clients-strip-itemcol cp2cols\">\n<div class=\"middle_align1\"><a href=\"#\" target=\"_self\" rel=\"noopener\"><img decoding=\"async\" data-src=\"https:\/\/agds31.fr\/wp-content\/uploads\/2019\/06\/Unknown-7-1.jpeg\" class=\"clients-strip-itemimg lazyload\" src=\"data:image\/gif;base64,R0lGODlhAQABAAAAACH5BAEKAAEALAAAAAABAAEAAAICTAEAOw==\"><noscript><img decoding=\"async\" src=\"https:\/\/agds31.fr\/wp-content\/uploads\/2019\/06\/Unknown-7-1.jpeg\" class=\"clients-strip-itemimg\"><\/noscript><\/a><\/div>\n<\/div>\n<div class=\"clients-strip-itemcol cp2cols\">\n<div class=\"middle_align1\"><a href=\"#\" target=\"_self\" rel=\"noopener\"><img decoding=\"async\" data-src=\"https:\/\/agds31.fr\/wp-content\/uploads\/2019\/06\/Unknown-2-1.png\" class=\"clients-strip-itemimg lazyload\" src=\"data:image\/gif;base64,R0lGODlhAQABAAAAACH5BAEKAAEALAAAAAABAAEAAAICTAEAOw==\"><noscript><img decoding=\"async\" src=\"https:\/\/agds31.fr\/wp-content\/uploads\/2019\/06\/Unknown-2-1.png\" class=\"clients-strip-itemimg\"><\/noscript><\/a><\/div>\n<\/div>\n<div class=\"clients-strip-itemcol cp2cols\">\n<div class=\"middle_align1\"><a href=\"#\" target=\"_self\" rel=\"noopener\"><img decoding=\"async\" data-src=\"https:\/\/agds31.fr\/wp-content\/uploads\/2019\/06\/Unknown-7.png\" class=\"clients-strip-itemimg lazyload\" src=\"data:image\/gif;base64,R0lGODlhAQABAAAAACH5BAEKAAEALAAAAAABAAEAAAICTAEAOw==\"><noscript><img decoding=\"async\" src=\"https:\/\/agds31.fr\/wp-content\/uploads\/2019\/06\/Unknown-7.png\" class=\"clients-strip-itemimg\"><\/noscript><\/a><\/div>\n<\/div>\n<div class=\"clients-strip-itemcol cp2cols\">\n<div class=\"middle_align1\"><a href=\"#\" target=\"_self\" rel=\"noopener\"><img decoding=\"async\" data-src=\"https:\/\/agds31.fr\/wp-content\/uploads\/2019\/06\/intratone-6.jpg\" class=\"clients-strip-itemimg lazyload\" src=\"data:image\/gif;base64,R0lGODlhAQABAAAAACH5BAEKAAEALAAAAAABAAEAAAICTAEAOw==\"><noscript><img decoding=\"async\" src=\"https:\/\/agds31.fr\/wp-content\/uploads\/2019\/06\/intratone-6.jpg\" class=\"clients-strip-itemimg\"><\/noscript><\/a><\/div>\n<\/div>\n<div class=\"clients-strip-itemcol cp2cols\">\n<div class=\"middle_align1\"><a href=\"#\" target=\"_self\" rel=\"noopener\"><img decoding=\"async\" data-src=\"https:\/\/agds31.fr\/wp-content\/uploads\/2019\/06\/Global-Products-Column-PRD-Column-Synergis-Access-Control-Hardware-All-Partners-Ecosystem-Xlarge-2.png\" class=\"clients-strip-itemimg lazyload\" src=\"data:image\/gif;base64,R0lGODlhAQABAAAAACH5BAEKAAEALAAAAAABAAEAAAICTAEAOw==\"><noscript><img decoding=\"async\" src=\"https:\/\/agds31.fr\/wp-content\/uploads\/2019\/06\/Global-Products-Column-PRD-Column-Synergis-Access-Control-Hardware-All-Partners-Ecosystem-Xlarge-2.png\" class=\"clients-strip-itemimg\"><\/noscript><\/a><\/div>\n<\/div>\n<\/div>\n<\/div>\n","protected":false},"excerpt":{"rendered":"<p>Contr\u00f4le d\u2019acc\u00e8s \u2013 Le choix de la suret\u00e9 \u2013 G\u00e9rer l\u2019ouverture des acc\u00e8s \u00e0 un b\u00e2timent, des bureaux\u2026 Nous \u00e9laborons des installations de contr\u00f4le d\u2019acc\u00e8s et de gestion horaire de la plus modeste jusqu\u2019\u00e0 la plus \u00e9labor\u00e9e. gestion centralis\u00e9e par badges vigik, la biom\u00e9trie ou t\u00e9l\u00e9commandes.. portiers et interphones claviers digicodes, r\u00e9cepteurs radio cylindres \u00e9lectroniques [&hellip;]<\/p>\n","protected":false},"author":1,"featured_media":1404,"parent":0,"menu_order":0,"comment_status":"closed","ping_status":"closed","template":"full-width-page.php","meta":{"footnotes":""},"class_list":["post-577","page","type-page","status-publish","has-post-thumbnail","hentry"],"yoast_head":"<!-- This site is optimized with the Yoast SEO plugin v24.0 - https:\/\/yoast.com\/wordpress\/plugins\/seo\/ -->\n<title>Contr\u00f4le d\u2019acc\u00e8s - AGDS31 Tel: 0561402125<\/title>\n<meta name=\"robots\" content=\"index, follow, max-snippet:-1, max-image-preview:large, max-video-preview:-1\" \/>\n<link rel=\"canonical\" href=\"https:\/\/www.agds31.fr\/index.php\/controle-dacces\/\" \/>\n<meta property=\"og:locale\" content=\"fr_FR\" \/>\n<meta property=\"og:type\" content=\"article\" \/>\n<meta property=\"og:title\" content=\"Contr\u00f4le d\u2019acc\u00e8s - AGDS31 Tel: 0561402125\" \/>\n<meta property=\"og:description\" content=\"Contr\u00f4le d\u2019acc\u00e8s \u2013 Le choix de la suret\u00e9 \u2013 G\u00e9rer l\u2019ouverture des acc\u00e8s \u00e0 un b\u00e2timent, des bureaux\u2026 Nous \u00e9laborons des installations de contr\u00f4le d\u2019acc\u00e8s et de gestion horaire de la plus modeste jusqu\u2019\u00e0 la plus \u00e9labor\u00e9e. gestion centralis\u00e9e par badges vigik, la biom\u00e9trie ou t\u00e9l\u00e9commandes.. portiers et interphones claviers digicodes, r\u00e9cepteurs radio cylindres \u00e9lectroniques [&hellip;]\" \/>\n<meta property=\"og:url\" content=\"https:\/\/www.agds31.fr\/index.php\/controle-dacces\/\" \/>\n<meta property=\"og:site_name\" content=\"AGDS31 Tel: 0561402125\" \/>\n<meta name=\"twitter:card\" content=\"summary_large_image\" \/>\n<script type=\"application\/ld+json\" class=\"yoast-schema-graph\">{\"@context\":\"https:\/\/schema.org\",\"@graph\":[{\"@type\":\"WebPage\",\"@id\":\"https:\/\/www.agds31.fr\/index.php\/controle-dacces\/\",\"url\":\"https:\/\/www.agds31.fr\/index.php\/controle-dacces\/\",\"name\":\"Contr\u00f4le d\u2019acc\u00e8s - AGDS31 Tel: 0561402125\",\"isPartOf\":{\"@id\":\"https:\/\/www.agds31.fr\/#website\"},\"primaryImageOfPage\":{\"@id\":\"https:\/\/www.agds31.fr\/index.php\/controle-dacces\/#primaryimage\"},\"image\":{\"@id\":\"https:\/\/www.agds31.fr\/index.php\/controle-dacces\/#primaryimage\"},\"thumbnailUrl\":\"\",\"datePublished\":\"2019-05-13T06:36:44+00:00\",\"dateModified\":\"2019-05-13T06:36:44+00:00\",\"breadcrumb\":{\"@id\":\"https:\/\/www.agds31.fr\/index.php\/controle-dacces\/#breadcrumb\"},\"inLanguage\":\"fr-FR\",\"potentialAction\":[{\"@type\":\"ReadAction\",\"target\":[\"https:\/\/www.agds31.fr\/index.php\/controle-dacces\/\"]}]},{\"@type\":\"ImageObject\",\"inLanguage\":\"fr-FR\",\"@id\":\"https:\/\/www.agds31.fr\/index.php\/controle-dacces\/#primaryimage\",\"url\":\"\",\"contentUrl\":\"\"},{\"@type\":\"BreadcrumbList\",\"@id\":\"https:\/\/www.agds31.fr\/index.php\/controle-dacces\/#breadcrumb\",\"itemListElement\":[{\"@type\":\"ListItem\",\"position\":1,\"name\":\"Accueil\",\"item\":\"https:\/\/www.agds31.fr\/\"},{\"@type\":\"ListItem\",\"position\":2,\"name\":\"Contr\u00f4le d\u2019acc\u00e8s\"}]},{\"@type\":\"WebSite\",\"@id\":\"https:\/\/www.agds31.fr\/#website\",\"url\":\"https:\/\/www.agds31.fr\/\",\"name\":\"AGDS31\",\"description\":\"La s\u00e9curit\u00e9 A2P pour particuliers &amp; professionnels \u00e0 Toulouse.\",\"potentialAction\":[{\"@type\":\"SearchAction\",\"target\":{\"@type\":\"EntryPoint\",\"urlTemplate\":\"https:\/\/www.agds31.fr\/?s={search_term_string}\"},\"query-input\":{\"@type\":\"PropertyValueSpecification\",\"valueRequired\":true,\"valueName\":\"search_term_string\"}}],\"inLanguage\":\"fr-FR\"}]}<\/script>\n<!-- \/ Yoast SEO plugin. -->","yoast_head_json":{"title":"Contr\u00f4le d\u2019acc\u00e8s - AGDS31 Tel: 0561402125","robots":{"index":"index","follow":"follow","max-snippet":"max-snippet:-1","max-image-preview":"max-image-preview:large","max-video-preview":"max-video-preview:-1"},"canonical":"https:\/\/www.agds31.fr\/index.php\/controle-dacces\/","og_locale":"fr_FR","og_type":"article","og_title":"Contr\u00f4le d\u2019acc\u00e8s - AGDS31 Tel: 0561402125","og_description":"Contr\u00f4le d\u2019acc\u00e8s \u2013 Le choix de la suret\u00e9 \u2013 G\u00e9rer l\u2019ouverture des acc\u00e8s \u00e0 un b\u00e2timent, des bureaux\u2026 Nous \u00e9laborons des installations de contr\u00f4le d\u2019acc\u00e8s et de gestion horaire de la plus modeste jusqu\u2019\u00e0 la plus \u00e9labor\u00e9e. gestion centralis\u00e9e par badges vigik, la biom\u00e9trie ou t\u00e9l\u00e9commandes.. portiers et interphones claviers digicodes, r\u00e9cepteurs radio cylindres \u00e9lectroniques [&hellip;]","og_url":"https:\/\/www.agds31.fr\/index.php\/controle-dacces\/","og_site_name":"AGDS31 Tel: 0561402125","twitter_card":"summary_large_image","schema":{"@context":"https:\/\/schema.org","@graph":[{"@type":"WebPage","@id":"https:\/\/www.agds31.fr\/index.php\/controle-dacces\/","url":"https:\/\/www.agds31.fr\/index.php\/controle-dacces\/","name":"Contr\u00f4le d\u2019acc\u00e8s - AGDS31 Tel: 0561402125","isPartOf":{"@id":"https:\/\/www.agds31.fr\/#website"},"primaryImageOfPage":{"@id":"https:\/\/www.agds31.fr\/index.php\/controle-dacces\/#primaryimage"},"image":{"@id":"https:\/\/www.agds31.fr\/index.php\/controle-dacces\/#primaryimage"},"thumbnailUrl":"","datePublished":"2019-05-13T06:36:44+00:00","dateModified":"2019-05-13T06:36:44+00:00","breadcrumb":{"@id":"https:\/\/www.agds31.fr\/index.php\/controle-dacces\/#breadcrumb"},"inLanguage":"fr-FR","potentialAction":[{"@type":"ReadAction","target":["https:\/\/www.agds31.fr\/index.php\/controle-dacces\/"]}]},{"@type":"ImageObject","inLanguage":"fr-FR","@id":"https:\/\/www.agds31.fr\/index.php\/controle-dacces\/#primaryimage","url":"","contentUrl":""},{"@type":"BreadcrumbList","@id":"https:\/\/www.agds31.fr\/index.php\/controle-dacces\/#breadcrumb","itemListElement":[{"@type":"ListItem","position":1,"name":"Accueil","item":"https:\/\/www.agds31.fr\/"},{"@type":"ListItem","position":2,"name":"Contr\u00f4le d\u2019acc\u00e8s"}]},{"@type":"WebSite","@id":"https:\/\/www.agds31.fr\/#website","url":"https:\/\/www.agds31.fr\/","name":"AGDS31","description":"La s\u00e9curit\u00e9 A2P pour particuliers &amp; professionnels \u00e0 Toulouse.","potentialAction":[{"@type":"SearchAction","target":{"@type":"EntryPoint","urlTemplate":"https:\/\/www.agds31.fr\/?s={search_term_string}"},"query-input":{"@type":"PropertyValueSpecification","valueRequired":true,"valueName":"search_term_string"}}],"inLanguage":"fr-FR"}]}},"_links":{"self":[{"href":"https:\/\/www.agds31.fr\/index.php\/wp-json\/wp\/v2\/pages\/577","targetHints":{"allow":["GET"]}}],"collection":[{"href":"https:\/\/www.agds31.fr\/index.php\/wp-json\/wp\/v2\/pages"}],"about":[{"href":"https:\/\/www.agds31.fr\/index.php\/wp-json\/wp\/v2\/types\/page"}],"author":[{"embeddable":true,"href":"https:\/\/www.agds31.fr\/index.php\/wp-json\/wp\/v2\/users\/1"}],"replies":[{"embeddable":true,"href":"https:\/\/www.agds31.fr\/index.php\/wp-json\/wp\/v2\/comments?post=577"}],"version-history":[{"count":0,"href":"https:\/\/www.agds31.fr\/index.php\/wp-json\/wp\/v2\/pages\/577\/revisions"}],"wp:featuredmedia":[{"embeddable":true,"href":"https:\/\/www.agds31.fr\/index.php\/wp-json\/"}],"wp:attachment":[{"href":"https:\/\/www.agds31.fr\/index.php\/wp-json\/wp\/v2\/media?parent=577"}],"curies":[{"name":"wp","href":"https:\/\/api.w.org\/{rel}","templated":true}]}}