{"id":578,"date":"2019-05-18T19:28:11","date_gmt":"2019-05-18T17:28:11","guid":{"rendered":"https:\/\/master-7rqtwti-jlukth32wazq6.fr-1.platformsh.site\/?page_id=475"},"modified":"2024-08-30T16:28:51","modified_gmt":"2024-08-30T14:28:51","slug":"serrurerie-2","status":"publish","type":"page","link":"https:\/\/www.agds31.fr\/index.php\/serrurerie-2\/","title":{"rendered":"Serrurerie"},"content":{"rendered":"<div id=\"features-2\" class=\"features-image-cards-section\" style=\"background-color: #f6f6f6;\" data-label=\"Features\" data-id=\"features-image-cards-section\" data-category=\"features\">\n<div class=\"gridContainer\">\n<div class=\"features-image-cards-textrow\">\n<div class=\"features-image-cards-textcol dynamic-color\" data-type=\"column\">\n<h2 class=\"\">Serrurerie<\/h2>\n<p class=\"\">AGDS : un savoir faire en serrurerie au service des particuliers, des collectivit\u00e9s, des administrateurs de biens, des administrations\u2026\u2026<\/p>\n<\/div>\n<\/div>\n<div class=\"features-image-cards-innerrow flexbox-list dark-text\" data-type=\"row\">\n<div class=\"features-image-cards-cardcol cp4cols cp6cols-tablet\">\n<div class=\"features-image-cards-cardrow\">\n<div id=\"attachment_2566\" style=\"width: 310px\" class=\"wp-caption alignnone\"><img loading=\"lazy\" decoding=\"async\" aria-describedby=\"caption-attachment-2566\" class=\"size-medium wp-image-2566 lazyload\" data-src=\"http:\/\/www.agds31.fr\/wp-content\/uploads\/2024\/08\/cropped-produit-foxeo-his-300x300.webp\" alt=\"\" width=\"300\" height=\"300\" data-srcset=\"https:\/\/www.agds31.fr\/wp-content\/uploads\/2024\/08\/cropped-produit-foxeo-his-300x300.webp 300w, https:\/\/www.agds31.fr\/wp-content\/uploads\/2024\/08\/cropped-produit-foxeo-his-1024x1024.webp 1024w, https:\/\/www.agds31.fr\/wp-content\/uploads\/2024\/08\/cropped-produit-foxeo-his-150x150.webp 150w, https:\/\/www.agds31.fr\/wp-content\/uploads\/2024\/08\/cropped-produit-foxeo-his-768x768.webp 768w, https:\/\/www.agds31.fr\/wp-content\/uploads\/2024\/08\/cropped-produit-foxeo-his.webp 1517w\" data-sizes=\"auto, (max-width: 300px) 100vw, 300px\" src=\"data:image\/gif;base64,R0lGODlhAQABAAAAACH5BAEKAAEALAAAAAABAAEAAAICTAEAOw==\" style=\"--smush-placeholder-width: 300px; --smush-placeholder-aspect-ratio: 300\/300;\" \/><noscript><img loading=\"lazy\" decoding=\"async\" aria-describedby=\"caption-attachment-2566\" class=\"size-medium wp-image-2566\" src=\"http:\/\/www.agds31.fr\/wp-content\/uploads\/2024\/08\/cropped-produit-foxeo-his-300x300.webp\" alt=\"\" width=\"300\" height=\"300\" srcset=\"https:\/\/www.agds31.fr\/wp-content\/uploads\/2024\/08\/cropped-produit-foxeo-his-300x300.webp 300w, https:\/\/www.agds31.fr\/wp-content\/uploads\/2024\/08\/cropped-produit-foxeo-his-1024x1024.webp 1024w, https:\/\/www.agds31.fr\/wp-content\/uploads\/2024\/08\/cropped-produit-foxeo-his-150x150.webp 150w, https:\/\/www.agds31.fr\/wp-content\/uploads\/2024\/08\/cropped-produit-foxeo-his-768x768.webp 768w, https:\/\/www.agds31.fr\/wp-content\/uploads\/2024\/08\/cropped-produit-foxeo-his.webp 1517w\" sizes=\"auto, (max-width: 300px) 100vw, 300px\" \/><\/noscript><p id=\"caption-attachment-2566\" class=\"wp-caption-text\">Foxeo HIS<\/p><\/div>\n<p><span style=\"color: revert; font-size: revert; font-weight: revert; text-align: center;\">Bloc porte<\/span><\/p>\n<div class=\"features-image-cards-cardtextrow\" data-type=\"column\">\n<hr class=\"features-image-cards-separator\" \/>\n<p class=\"\" style=\"text-align: center;\"><a class=\"\" href=\"https:\/\/www.agds31.fr\/index.php\/2019\/06\/17\/foxeo-s\/\" rel=\"noopener\">\u00a0+ d\u2019infos<\/a><\/p>\n<\/div>\n<\/div>\n<\/div>\n<div class=\"features-image-cards-cardcol cp4cols cp6cols-tablet\">\n<div class=\"features-image-cards-cardrow\"><img loading=\"lazy\" decoding=\"async\" class=\"alignnone size-medium wp-image-2563 lazyload\" data-src=\"http:\/\/www.agds31.fr\/wp-content\/uploads\/2024\/08\/produit-foxeo-s-300x300.webp\" alt=\"\" width=\"300\" height=\"300\" data-srcset=\"https:\/\/www.agds31.fr\/wp-content\/uploads\/2024\/08\/produit-foxeo-s-300x300.webp 300w, https:\/\/www.agds31.fr\/wp-content\/uploads\/2024\/08\/produit-foxeo-s-1024x1024.webp 1024w, https:\/\/www.agds31.fr\/wp-content\/uploads\/2024\/08\/produit-foxeo-s-150x150.webp 150w, https:\/\/www.agds31.fr\/wp-content\/uploads\/2024\/08\/produit-foxeo-s-768x768.webp 768w, https:\/\/www.agds31.fr\/wp-content\/uploads\/2024\/08\/produit-foxeo-s.webp 1520w\" data-sizes=\"auto, (max-width: 300px) 100vw, 300px\" src=\"data:image\/gif;base64,R0lGODlhAQABAAAAACH5BAEKAAEALAAAAAABAAEAAAICTAEAOw==\" style=\"--smush-placeholder-width: 300px; --smush-placeholder-aspect-ratio: 300\/300;\" \/><noscript><img loading=\"lazy\" decoding=\"async\" class=\"alignnone size-medium wp-image-2563\" src=\"http:\/\/www.agds31.fr\/wp-content\/uploads\/2024\/08\/produit-foxeo-s-300x300.webp\" alt=\"\" width=\"300\" height=\"300\" srcset=\"https:\/\/www.agds31.fr\/wp-content\/uploads\/2024\/08\/produit-foxeo-s-300x300.webp 300w, https:\/\/www.agds31.fr\/wp-content\/uploads\/2024\/08\/produit-foxeo-s-1024x1024.webp 1024w, https:\/\/www.agds31.fr\/wp-content\/uploads\/2024\/08\/produit-foxeo-s-150x150.webp 150w, https:\/\/www.agds31.fr\/wp-content\/uploads\/2024\/08\/produit-foxeo-s-768x768.webp 768w, https:\/\/www.agds31.fr\/wp-content\/uploads\/2024\/08\/produit-foxeo-s.webp 1520w\" sizes=\"auto, (max-width: 300px) 100vw, 300px\" \/><\/noscript><\/p>\n<div class=\"features-image-cards-cardtextrow\" data-type=\"column\">\n<h4 class=\"\" style=\"text-align: center;\">Serrures<\/h4>\n<hr class=\"features-image-cards-separator\" \/>\n<p class=\"\" style=\"text-align: center;\">\u00a0+ <a href=\"https:\/\/www.agds31.fr\/index.php\/2019\/06\/19\/serrure-multipoints-en-applique\/\" rel=\"noopener\">d\u2019infos<\/a><\/p>\n<\/div>\n<\/div>\n<\/div>\n<div class=\"features-image-cards-cardcol cp4cols cp6cols-tablet\">\n<div class=\"features-image-cards-cardrow\"><img loading=\"lazy\" decoding=\"async\" class=\"alignnone size-medium wp-image-2760 lazyload\" data-src=\"http:\/\/www.agds31.fr\/wp-content\/uploads\/2024\/08\/serrure-multipoints-fichet-alicea-pontoise-263x300.jpg\" alt=\"\" width=\"263\" height=\"300\" data-srcset=\"https:\/\/www.agds31.fr\/wp-content\/uploads\/2024\/08\/serrure-multipoints-fichet-alicea-pontoise-263x300.jpg 263w, https:\/\/www.agds31.fr\/wp-content\/uploads\/2024\/08\/serrure-multipoints-fichet-alicea-pontoise.jpg 700w\" data-sizes=\"auto, (max-width: 263px) 100vw, 263px\" src=\"data:image\/gif;base64,R0lGODlhAQABAAAAACH5BAEKAAEALAAAAAABAAEAAAICTAEAOw==\" style=\"--smush-placeholder-width: 263px; --smush-placeholder-aspect-ratio: 263\/300;\" \/><noscript><img loading=\"lazy\" decoding=\"async\" class=\"alignnone size-medium wp-image-2760\" src=\"http:\/\/www.agds31.fr\/wp-content\/uploads\/2024\/08\/serrure-multipoints-fichet-alicea-pontoise-263x300.jpg\" alt=\"\" width=\"263\" height=\"300\" srcset=\"https:\/\/www.agds31.fr\/wp-content\/uploads\/2024\/08\/serrure-multipoints-fichet-alicea-pontoise-263x300.jpg 263w, https:\/\/www.agds31.fr\/wp-content\/uploads\/2024\/08\/serrure-multipoints-fichet-alicea-pontoise.jpg 700w\" sizes=\"auto, (max-width: 263px) 100vw, 263px\" \/><\/noscript><\/p>\n<div class=\"features-image-cards-cardtextrow\" data-type=\"column\">\n<h4 class=\"\" style=\"text-align: center;\">Cylindre<\/h4>\n<hr class=\"features-image-cards-separator\" \/>\n<p class=\"\" style=\"text-align: center;\"><a class=\"\" href=\"https:\/\/www.agds31.fr\/index.php\/2019\/06\/17\/cylindre\/\" rel=\"noopener\">+ d\u2019infos<\/a><\/p>\n<\/div>\n<\/div>\n<\/div>\n<div class=\"features-image-cards-cardcol cp4cols cp6cols-tablet\">\n<div class=\"features-image-cards-cardrow\"><img loading=\"lazy\" decoding=\"async\" class=\"alignnone size-medium wp-image-2814 lazyload\" data-src=\"http:\/\/www.agds31.fr\/wp-content\/uploads\/2019\/06\/cylindre-fichet-787m-1_1x1-300x300.webp\" alt=\"\" width=\"300\" height=\"300\" data-srcset=\"https:\/\/www.agds31.fr\/wp-content\/uploads\/2019\/06\/cylindre-fichet-787m-1_1x1-300x300.webp 300w, https:\/\/www.agds31.fr\/wp-content\/uploads\/2019\/06\/cylindre-fichet-787m-1_1x1-1024x1024.webp 1024w, https:\/\/www.agds31.fr\/wp-content\/uploads\/2019\/06\/cylindre-fichet-787m-1_1x1-150x150.webp 150w, https:\/\/www.agds31.fr\/wp-content\/uploads\/2019\/06\/cylindre-fichet-787m-1_1x1-768x768.webp 768w, https:\/\/www.agds31.fr\/wp-content\/uploads\/2019\/06\/cylindre-fichet-787m-1_1x1.webp 1520w\" data-sizes=\"auto, (max-width: 300px) 100vw, 300px\" src=\"data:image\/gif;base64,R0lGODlhAQABAAAAACH5BAEKAAEALAAAAAABAAEAAAICTAEAOw==\" style=\"--smush-placeholder-width: 300px; --smush-placeholder-aspect-ratio: 300\/300;\" \/><noscript><img loading=\"lazy\" decoding=\"async\" class=\"alignnone size-medium wp-image-2814\" src=\"http:\/\/www.agds31.fr\/wp-content\/uploads\/2019\/06\/cylindre-fichet-787m-1_1x1-300x300.webp\" alt=\"\" width=\"300\" height=\"300\" srcset=\"https:\/\/www.agds31.fr\/wp-content\/uploads\/2019\/06\/cylindre-fichet-787m-1_1x1-300x300.webp 300w, https:\/\/www.agds31.fr\/wp-content\/uploads\/2019\/06\/cylindre-fichet-787m-1_1x1-1024x1024.webp 1024w, https:\/\/www.agds31.fr\/wp-content\/uploads\/2019\/06\/cylindre-fichet-787m-1_1x1-150x150.webp 150w, https:\/\/www.agds31.fr\/wp-content\/uploads\/2019\/06\/cylindre-fichet-787m-1_1x1-768x768.webp 768w, https:\/\/www.agds31.fr\/wp-content\/uploads\/2019\/06\/cylindre-fichet-787m-1_1x1.webp 1520w\" sizes=\"auto, (max-width: 300px) 100vw, 300px\" \/><\/noscript><\/p>\n<div class=\"features-image-cards-cardtextrow\" data-type=\"column\">\n<h4 class=\"\" style=\"text-align: center;\">Ferme-porte<\/h4>\n<hr class=\"features-image-cards-separator\" \/>\n<p class=\"\" style=\"text-align: center;\"><a class=\"\" href=\"https:\/\/agds31.fr\/2019\/06\/25\/ferme-porte\" target=\"_self\" rel=\"noopener\">\u00a0+ d\u2019infos<\/a><\/p>\n<\/div>\n<\/div>\n<\/div>\n<div class=\"features-image-cards-cardcol cp4cols cp6cols-tablet\">\n<div class=\"features-image-cards-cardrow\"><img loading=\"lazy\" decoding=\"async\" class=\"alignnone size-medium wp-image-2825 lazyload\" data-src=\"http:\/\/www.agds31.fr\/wp-content\/uploads\/2019\/06\/image002-7-scaled-1-300x200.jpg\" alt=\"\" width=\"300\" height=\"200\" data-srcset=\"https:\/\/www.agds31.fr\/wp-content\/uploads\/2019\/06\/image002-7-scaled-1-300x200.jpg 300w, https:\/\/www.agds31.fr\/wp-content\/uploads\/2019\/06\/image002-7-scaled-1-1024x682.jpg 1024w, https:\/\/www.agds31.fr\/wp-content\/uploads\/2019\/06\/image002-7-scaled-1-768x512.jpg 768w, https:\/\/www.agds31.fr\/wp-content\/uploads\/2019\/06\/image002-7-scaled-1-1536x1024.jpg 1536w, https:\/\/www.agds31.fr\/wp-content\/uploads\/2019\/06\/image002-7-scaled-1-2048x1365.jpg 2048w\" data-sizes=\"auto, (max-width: 300px) 100vw, 300px\" src=\"data:image\/gif;base64,R0lGODlhAQABAAAAACH5BAEKAAEALAAAAAABAAEAAAICTAEAOw==\" style=\"--smush-placeholder-width: 300px; --smush-placeholder-aspect-ratio: 300\/200;\" \/><noscript><img loading=\"lazy\" decoding=\"async\" class=\"alignnone size-medium wp-image-2825\" src=\"http:\/\/www.agds31.fr\/wp-content\/uploads\/2019\/06\/image002-7-scaled-1-300x200.jpg\" alt=\"\" width=\"300\" height=\"200\" srcset=\"https:\/\/www.agds31.fr\/wp-content\/uploads\/2019\/06\/image002-7-scaled-1-300x200.jpg 300w, https:\/\/www.agds31.fr\/wp-content\/uploads\/2019\/06\/image002-7-scaled-1-1024x682.jpg 1024w, https:\/\/www.agds31.fr\/wp-content\/uploads\/2019\/06\/image002-7-scaled-1-768x512.jpg 768w, https:\/\/www.agds31.fr\/wp-content\/uploads\/2019\/06\/image002-7-scaled-1-1536x1024.jpg 1536w, https:\/\/www.agds31.fr\/wp-content\/uploads\/2019\/06\/image002-7-scaled-1-2048x1365.jpg 2048w\" sizes=\"auto, (max-width: 300px) 100vw, 300px\" \/><\/noscript><\/p>\n<div class=\"features-image-cards-cardtextrow\" data-type=\"column\">\n<h4 class=\"\" style=\"text-align: center;\">Ventouse \u2013 G\u00e2che<\/h4>\n<hr class=\"features-image-cards-separator\" \/>\n<p class=\"\" style=\"text-align: center;\"><i class=\"font-icon-22 fa fa-arrow-circle-right\" data-cp-fa=\"true\"><a class=\"\" href=\"https:\/\/agds31.fr\/1874-2\" target=\"_self\" rel=\"noopener\">+ d\u2019infos<\/a><\/i><\/p>\n<\/div>\n<\/div>\n<\/div>\n<div class=\"features-image-cards-cardcol cp4cols cp6cols-tablet\">\n<div class=\"features-image-cards-cardrow\">\n<p><a href=\"https:\/\/agds31.fr\/coffre-fort\" target=\"_self\" rel=\"noopener\"><img decoding=\"async\" class=\"features-image-cards-featimg lazyload\" data-src=\"https:\/\/agds31.fr\/wp-content\/uploads\/2022\/07\/Inviktus30.jpg\" src=\"data:image\/gif;base64,R0lGODlhAQABAAAAACH5BAEKAAEALAAAAAABAAEAAAICTAEAOw==\" \/><noscript><img decoding=\"async\" class=\"features-image-cards-featimg\" src=\"https:\/\/agds31.fr\/wp-content\/uploads\/2022\/07\/Inviktus30.jpg\" \/><\/noscript><\/a><\/p>\n<div class=\"features-image-cards-cardtextrow\" data-type=\"column\">\n<h4 class=\"\" style=\"text-align: center;\">Coffre-fort<\/h4>\n<hr class=\"features-image-cards-separator\" \/>\n<p class=\"\" style=\"text-align: center;\"><img loading=\"lazy\" decoding=\"async\" class=\"alignnone size-medium wp-image-2841 lazyload\" data-src=\"http:\/\/www.agds31.fr\/wp-content\/uploads\/2019\/06\/Carena_120L_NectraBasic_HD_4x3-300x225.jpg\" alt=\"\" width=\"300\" height=\"225\" data-srcset=\"https:\/\/www.agds31.fr\/wp-content\/uploads\/2019\/06\/Carena_120L_NectraBasic_HD_4x3-300x225.jpg 300w, https:\/\/www.agds31.fr\/wp-content\/uploads\/2019\/06\/Carena_120L_NectraBasic_HD_4x3-1024x768.jpg 1024w, https:\/\/www.agds31.fr\/wp-content\/uploads\/2019\/06\/Carena_120L_NectraBasic_HD_4x3-768x576.jpg 768w, https:\/\/www.agds31.fr\/wp-content\/uploads\/2019\/06\/Carena_120L_NectraBasic_HD_4x3.jpg 1440w\" data-sizes=\"auto, (max-width: 300px) 100vw, 300px\" src=\"data:image\/gif;base64,R0lGODlhAQABAAAAACH5BAEKAAEALAAAAAABAAEAAAICTAEAOw==\" style=\"--smush-placeholder-width: 300px; --smush-placeholder-aspect-ratio: 300\/225;\" \/><noscript><img loading=\"lazy\" decoding=\"async\" class=\"alignnone size-medium wp-image-2841\" src=\"http:\/\/www.agds31.fr\/wp-content\/uploads\/2019\/06\/Carena_120L_NectraBasic_HD_4x3-300x225.jpg\" alt=\"\" width=\"300\" height=\"225\" srcset=\"https:\/\/www.agds31.fr\/wp-content\/uploads\/2019\/06\/Carena_120L_NectraBasic_HD_4x3-300x225.jpg 300w, https:\/\/www.agds31.fr\/wp-content\/uploads\/2019\/06\/Carena_120L_NectraBasic_HD_4x3-1024x768.jpg 1024w, https:\/\/www.agds31.fr\/wp-content\/uploads\/2019\/06\/Carena_120L_NectraBasic_HD_4x3-768x576.jpg 768w, https:\/\/www.agds31.fr\/wp-content\/uploads\/2019\/06\/Carena_120L_NectraBasic_HD_4x3.jpg 1440w\" sizes=\"auto, (max-width: 300px) 100vw, 300px\" \/><\/noscript>\u00a0<a href=\"https:\/\/agds31.fr\/coffre-fort\" target=\"_self\" rel=\"noopener\">+ d\u2019infos<\/a><\/p>\n<\/div>\n<\/div>\n<\/div>\n<\/div>\n<\/div>\n<\/div>\n","protected":false},"excerpt":{"rendered":"<p>Serrurerie AGDS : un savoir faire en serrurerie au service des particuliers, des collectivit\u00e9s, des administrateurs de biens, des administrations\u2026\u2026 Bloc porte \u00a0+ d\u2019infos Serrures \u00a0+ d\u2019infos Cylindre + d\u2019infos Ferme-porte \u00a0+ d\u2019infos Ventouse \u2013 G\u00e2che + d\u2019infos Coffre-fort \u00a0+ d\u2019infos<\/p>\n","protected":false},"author":1,"featured_media":2587,"parent":0,"menu_order":0,"comment_status":"closed","ping_status":"closed","template":"","meta":{"footnotes":""},"class_list":["post-578","page","type-page","status-publish","has-post-thumbnail","hentry"],"yoast_head":"<!-- This site is optimized with the Yoast SEO plugin v24.0 - https:\/\/yoast.com\/wordpress\/plugins\/seo\/ -->\n<title>Serrurerie - AGDS31 Tel: 0561402125<\/title>\n<meta name=\"robots\" content=\"index, follow, max-snippet:-1, max-image-preview:large, max-video-preview:-1\" \/>\n<link rel=\"canonical\" href=\"https:\/\/www.agds31.fr\/index.php\/serrurerie-2\/\" \/>\n<meta property=\"og:locale\" content=\"fr_FR\" \/>\n<meta property=\"og:type\" content=\"article\" \/>\n<meta property=\"og:title\" content=\"Serrurerie - AGDS31 Tel: 0561402125\" \/>\n<meta property=\"og:description\" content=\"Serrurerie AGDS : un savoir faire en serrurerie au service des particuliers, des collectivit\u00e9s, des administrateurs de biens, des administrations\u2026\u2026 Bloc porte \u00a0+ d\u2019infos Serrures \u00a0+ d\u2019infos Cylindre + d\u2019infos Ferme-porte \u00a0+ d\u2019infos Ventouse \u2013 G\u00e2che + d\u2019infos Coffre-fort \u00a0+ d\u2019infos\" \/>\n<meta property=\"og:url\" content=\"https:\/\/www.agds31.fr\/index.php\/serrurerie-2\/\" \/>\n<meta property=\"og:site_name\" content=\"AGDS31 Tel: 0561402125\" \/>\n<meta property=\"article:modified_time\" content=\"2024-08-30T14:28:51+00:00\" \/>\n<meta name=\"twitter:card\" content=\"summary_large_image\" \/>\n<meta name=\"twitter:label1\" content=\"Dur\u00e9e de lecture estim\u00e9e\" \/>\n\t<meta name=\"twitter:data1\" content=\"2 minutes\" \/>\n<script type=\"application\/ld+json\" class=\"yoast-schema-graph\">{\"@context\":\"https:\/\/schema.org\",\"@graph\":[{\"@type\":\"WebPage\",\"@id\":\"https:\/\/www.agds31.fr\/index.php\/serrurerie-2\/\",\"url\":\"https:\/\/www.agds31.fr\/index.php\/serrurerie-2\/\",\"name\":\"Serrurerie - AGDS31 Tel: 0561402125\",\"isPartOf\":{\"@id\":\"https:\/\/www.agds31.fr\/#website\"},\"primaryImageOfPage\":{\"@id\":\"https:\/\/www.agds31.fr\/index.php\/serrurerie-2\/#primaryimage\"},\"image\":{\"@id\":\"https:\/\/www.agds31.fr\/index.php\/serrurerie-2\/#primaryimage\"},\"thumbnailUrl\":\"\",\"datePublished\":\"2019-05-18T17:28:11+00:00\",\"dateModified\":\"2024-08-30T14:28:51+00:00\",\"breadcrumb\":{\"@id\":\"https:\/\/www.agds31.fr\/index.php\/serrurerie-2\/#breadcrumb\"},\"inLanguage\":\"fr-FR\",\"potentialAction\":[{\"@type\":\"ReadAction\",\"target\":[\"https:\/\/www.agds31.fr\/index.php\/serrurerie-2\/\"]}]},{\"@type\":\"ImageObject\",\"inLanguage\":\"fr-FR\",\"@id\":\"https:\/\/www.agds31.fr\/index.php\/serrurerie-2\/#primaryimage\",\"url\":\"\",\"contentUrl\":\"\"},{\"@type\":\"BreadcrumbList\",\"@id\":\"https:\/\/www.agds31.fr\/index.php\/serrurerie-2\/#breadcrumb\",\"itemListElement\":[{\"@type\":\"ListItem\",\"position\":1,\"name\":\"Accueil\",\"item\":\"https:\/\/www.agds31.fr\/\"},{\"@type\":\"ListItem\",\"position\":2,\"name\":\"Serrurerie\"}]},{\"@type\":\"WebSite\",\"@id\":\"https:\/\/www.agds31.fr\/#website\",\"url\":\"https:\/\/www.agds31.fr\/\",\"name\":\"AGDS31\",\"description\":\"La s\u00e9curit\u00e9 A2P pour particuliers &amp; professionnels \u00e0 Toulouse.\",\"potentialAction\":[{\"@type\":\"SearchAction\",\"target\":{\"@type\":\"EntryPoint\",\"urlTemplate\":\"https:\/\/www.agds31.fr\/?s={search_term_string}\"},\"query-input\":{\"@type\":\"PropertyValueSpecification\",\"valueRequired\":true,\"valueName\":\"search_term_string\"}}],\"inLanguage\":\"fr-FR\"}]}<\/script>\n<!-- \/ Yoast SEO plugin. -->","yoast_head_json":{"title":"Serrurerie - AGDS31 Tel: 0561402125","robots":{"index":"index","follow":"follow","max-snippet":"max-snippet:-1","max-image-preview":"max-image-preview:large","max-video-preview":"max-video-preview:-1"},"canonical":"https:\/\/www.agds31.fr\/index.php\/serrurerie-2\/","og_locale":"fr_FR","og_type":"article","og_title":"Serrurerie - AGDS31 Tel: 0561402125","og_description":"Serrurerie AGDS : un savoir faire en serrurerie au service des particuliers, des collectivit\u00e9s, des administrateurs de biens, des administrations\u2026\u2026 Bloc porte \u00a0+ d\u2019infos Serrures \u00a0+ d\u2019infos Cylindre + d\u2019infos Ferme-porte \u00a0+ d\u2019infos Ventouse \u2013 G\u00e2che + d\u2019infos Coffre-fort \u00a0+ d\u2019infos","og_url":"https:\/\/www.agds31.fr\/index.php\/serrurerie-2\/","og_site_name":"AGDS31 Tel: 0561402125","article_modified_time":"2024-08-30T14:28:51+00:00","twitter_card":"summary_large_image","twitter_misc":{"Dur\u00e9e de lecture estim\u00e9e":"2 minutes"},"schema":{"@context":"https:\/\/schema.org","@graph":[{"@type":"WebPage","@id":"https:\/\/www.agds31.fr\/index.php\/serrurerie-2\/","url":"https:\/\/www.agds31.fr\/index.php\/serrurerie-2\/","name":"Serrurerie - AGDS31 Tel: 0561402125","isPartOf":{"@id":"https:\/\/www.agds31.fr\/#website"},"primaryImageOfPage":{"@id":"https:\/\/www.agds31.fr\/index.php\/serrurerie-2\/#primaryimage"},"image":{"@id":"https:\/\/www.agds31.fr\/index.php\/serrurerie-2\/#primaryimage"},"thumbnailUrl":"","datePublished":"2019-05-18T17:28:11+00:00","dateModified":"2024-08-30T14:28:51+00:00","breadcrumb":{"@id":"https:\/\/www.agds31.fr\/index.php\/serrurerie-2\/#breadcrumb"},"inLanguage":"fr-FR","potentialAction":[{"@type":"ReadAction","target":["https:\/\/www.agds31.fr\/index.php\/serrurerie-2\/"]}]},{"@type":"ImageObject","inLanguage":"fr-FR","@id":"https:\/\/www.agds31.fr\/index.php\/serrurerie-2\/#primaryimage","url":"","contentUrl":""},{"@type":"BreadcrumbList","@id":"https:\/\/www.agds31.fr\/index.php\/serrurerie-2\/#breadcrumb","itemListElement":[{"@type":"ListItem","position":1,"name":"Accueil","item":"https:\/\/www.agds31.fr\/"},{"@type":"ListItem","position":2,"name":"Serrurerie"}]},{"@type":"WebSite","@id":"https:\/\/www.agds31.fr\/#website","url":"https:\/\/www.agds31.fr\/","name":"AGDS31","description":"La s\u00e9curit\u00e9 A2P pour particuliers &amp; professionnels \u00e0 Toulouse.","potentialAction":[{"@type":"SearchAction","target":{"@type":"EntryPoint","urlTemplate":"https:\/\/www.agds31.fr\/?s={search_term_string}"},"query-input":{"@type":"PropertyValueSpecification","valueRequired":true,"valueName":"search_term_string"}}],"inLanguage":"fr-FR"}]}},"_links":{"self":[{"href":"https:\/\/www.agds31.fr\/index.php\/wp-json\/wp\/v2\/pages\/578","targetHints":{"allow":["GET"]}}],"collection":[{"href":"https:\/\/www.agds31.fr\/index.php\/wp-json\/wp\/v2\/pages"}],"about":[{"href":"https:\/\/www.agds31.fr\/index.php\/wp-json\/wp\/v2\/types\/page"}],"author":[{"embeddable":true,"href":"https:\/\/www.agds31.fr\/index.php\/wp-json\/wp\/v2\/users\/1"}],"replies":[{"embeddable":true,"href":"https:\/\/www.agds31.fr\/index.php\/wp-json\/wp\/v2\/comments?post=578"}],"version-history":[{"count":3,"href":"https:\/\/www.agds31.fr\/index.php\/wp-json\/wp\/v2\/pages\/578\/revisions"}],"predecessor-version":[{"id":2874,"href":"https:\/\/www.agds31.fr\/index.php\/wp-json\/wp\/v2\/pages\/578\/revisions\/2874"}],"wp:featuredmedia":[{"embeddable":true,"href":"https:\/\/www.agds31.fr\/index.php\/wp-json\/"}],"wp:attachment":[{"href":"https:\/\/www.agds31.fr\/index.php\/wp-json\/wp\/v2\/media?parent=578"}],"curies":[{"name":"wp","href":"https:\/\/api.w.org\/{rel}","templated":true}]}}