{"id":579,"date":"2019-06-13T18:00:17","date_gmt":"2019-06-13T16:00:17","guid":{"rendered":"https:\/\/master-7rqtwti-jlukth32wazq6.fr-1.platformsh.site\/?page_id=483"},"modified":"2024-09-02T09:54:15","modified_gmt":"2024-09-02T07:54:15","slug":"interphone","status":"publish","type":"page","link":"https:\/\/www.agds31.fr\/index.php\/interphone\/","title":{"rendered":"Interphone"},"content":{"rendered":"<table class=\"tbl_texte aligncenter\" border=\"0\" width=\"39\" cellpadding=\"6\">\n<tbody>\n<tr>\n<td><\/td>\n<\/tr>\n<\/tbody>\n<\/table>\n<div id=\"features-6\" class=\"features-small-image-cards-section\" style=\"background-color: #ffffff;\" data-label=\"Features\" data-id=\"features-small-image-cards-section\" data-category=\"features\">\n<div class=\"gridContainer\">\n<div class=\"features-small-image-cards-textrow\">\n<div class=\"features-small-image-cards-textcol dynamic-color\" data-type=\"column\">\n<h2 class=\"\">Interphonie<\/h2>\n<p class=\"\">AGDS propose des solutions pour r\u00e9pondre \u00e0 vos attentes. Nous mettons \u00e0 votre service une gamme de platines interphones filaires audio, vid\u00e9o ou GSM t\u00e9l\u00e9phoniques de diff\u00e9rentes marques en int\u00e9grant du contr\u00f4le d\u2019acc\u00e8s permettant de s\u00e9curiser tous vos biens en tenant compte de vos imp\u00e9ratifs et contraintes techniques.<\/p>\n<\/div>\n<\/div>\n<div class=\"features-small-image-cards-featrow dark-text\" data-type=\"row\">\n<div class=\"features-small-image-cards-featcol\">\n<div class=\"features-small-image-cards-featinnerrow flexbox-list\">\n<div class=\"features-small-image-cards-imgcol lazyload\" style=\"background-image:inherit;\" data-bg=\"image\" data-bg-image=\"url(&#039;https:\/\/agds31.fr\/wp-content\/uploads\/2019\/06\/images-11.jpeg&#039;)\"><\/div>\n<div class=\"features-small-image-cards-featcol-feattextcol\" data-type=\"column\">\n<h4 class=\"heading103\">L\u2019interphone audio \u2013 platine \u00e0 boutons<\/h4>\n<hr class=\"features-small-image-cards-separator\" \/>\n<p><a class=\"\" href=\"https:\/\/www.agds31.fr\/index.php\/l-interphone-audio\/\" rel=\"noopener\">+ d\u2019infos<\/a><\/p>\n<\/div>\n<\/div>\n<\/div>\n<div class=\"features-small-image-cards-featcol\">\n<div class=\"features-small-image-cards-featinnerrow flexbox-list\">\n<div class=\"features-small-image-cards-imgcol lazyload\" style=\"background-image:inherit;\" data-bg=\"image\" data-bg-image=\"url(&#039;https:\/\/agds31.fr\/wp-content\/uploads\/2019\/06\/PIC3.png&#039;)\"><\/div>\n<div class=\"features-small-image-cards-featcol-feattextcol\" data-type=\"column\">\n<h4 class=\"heading103\">L\u2019interphone audio \u2013 Platine \u00e0 d\u00e9filement de noms<\/h4>\n<hr class=\"features-small-image-cards-separator\" \/>\n<p><a class=\"\" href=\"https:\/\/www.agds31.fr\/index.php\/linterphone-video-ou-videophone\/\" rel=\"noopener\">+ d\u2019infos<\/a><\/p>\n<\/div>\n<\/div>\n<\/div>\n<div class=\"features-small-image-cards-featcol\">\n<div class=\"features-small-image-cards-featinnerrow flexbox-list\">\n<div class=\"features-small-image-cards-imgcol lazyload\" style=\"background-image:inherit;\" data-bg=\"image\" data-bg-image=\"url(&#039;https:\/\/agds31.fr\/wp-content\/uploads\/2019\/06\/images-9-e1560806897637.jpeg&#039;)\"><\/div>\n<div class=\"features-small-image-cards-featcol-feattextcol\" data-type=\"column\">\n<h4 class=\"heading103\">L\u2019interphone vid\u00e9o<\/h4>\n<hr class=\"features-small-image-cards-separator\" \/>\n<p><a class=\"\" href=\"https:\/\/agds31.fr\/linterphone-video-ou-videophone\" target=\"_self\" rel=\"noopener\">+ d\u2019infos<\/a><\/p>\n<\/div>\n<\/div>\n<\/div>\n<div class=\"features-small-image-cards-featcol\">\n<div class=\"features-small-image-cards-featinnerrow flexbox-list\">\n<div class=\"features-small-image-cards-imgcol lazyload\" style=\"background-image:inherit;\" data-bg=\"image\" data-bg-image=\"url(&#039;https:\/\/agds31.fr\/wp-content\/uploads\/2019\/06\/Unknown-1-1.jpeg&#039;)\"><\/div>\n<div class=\"features-small-image-cards-featcol-feattextcol\" data-type=\"column\">\n<h4 class=\"heading103\">L\u2019interphone GSM<\/h4>\n<hr class=\"features-small-image-cards-separator\" \/>\n<p><a class=\"\" href=\"https:\/\/www.agds31.fr\/index.php\/l-interphone-gsm\/\" rel=\"noopener\">+ d\u2019infos<\/a><\/p>\n<\/div>\n<\/div>\n<\/div>\n<\/div>\n<\/div>\n<\/div>\n<div id=\"clients-1\" class=\"clients-grid-section\" style=\"background-color: #f6f6f6;\" data-label=\"Clients\" data-id=\"clients-grid-section\" data-category=\"clients\">\n<div class=\"gridContainer\">\n<div class=\"clients-grid-textrow row\" data-type=\"column\">\n<div class=\"clients-grid-textcol dynamic-color\" data-type=\"column\">\n<h2 class=\"\">Nos marques<\/h2>\n<p class=\"\"><img loading=\"lazy\" decoding=\"async\" class=\"alignnone size-medium wp-image-2882 lazyload\" data-src=\"http:\/\/www.agds31.fr\/wp-content\/uploads\/2024\/09\/51Ahq2DkqDL-300x300.png\" alt=\"\" width=\"300\" height=\"300\" data-srcset=\"https:\/\/www.agds31.fr\/wp-content\/uploads\/2024\/09\/51Ahq2DkqDL-300x300.png 300w, https:\/\/www.agds31.fr\/wp-content\/uploads\/2024\/09\/51Ahq2DkqDL-150x150.png 150w, https:\/\/www.agds31.fr\/wp-content\/uploads\/2024\/09\/51Ahq2DkqDL.png 512w\" data-sizes=\"auto, (max-width: 300px) 100vw, 300px\" src=\"data:image\/gif;base64,R0lGODlhAQABAAAAACH5BAEKAAEALAAAAAABAAEAAAICTAEAOw==\" style=\"--smush-placeholder-width: 300px; --smush-placeholder-aspect-ratio: 300\/300;\" \/><noscript><img loading=\"lazy\" decoding=\"async\" class=\"alignnone size-medium wp-image-2882\" src=\"http:\/\/www.agds31.fr\/wp-content\/uploads\/2024\/09\/51Ahq2DkqDL-300x300.png\" alt=\"\" width=\"300\" height=\"300\" srcset=\"https:\/\/www.agds31.fr\/wp-content\/uploads\/2024\/09\/51Ahq2DkqDL-300x300.png 300w, https:\/\/www.agds31.fr\/wp-content\/uploads\/2024\/09\/51Ahq2DkqDL-150x150.png 150w, https:\/\/www.agds31.fr\/wp-content\/uploads\/2024\/09\/51Ahq2DkqDL.png 512w\" sizes=\"auto, (max-width: 300px) 100vw, 300px\" \/><\/noscript><img loading=\"lazy\" decoding=\"async\" class=\"alignnone size-medium wp-image-2883 lazyload\" data-src=\"http:\/\/www.agds31.fr\/wp-content\/uploads\/2024\/09\/logo-aiphone-interphone-videophone-vigik-300x43.jpg\" alt=\"\" width=\"300\" height=\"43\" data-srcset=\"https:\/\/www.agds31.fr\/wp-content\/uploads\/2024\/09\/logo-aiphone-interphone-videophone-vigik-300x43.jpg 300w, https:\/\/www.agds31.fr\/wp-content\/uploads\/2024\/09\/logo-aiphone-interphone-videophone-vigik-1024x146.jpg 1024w, https:\/\/www.agds31.fr\/wp-content\/uploads\/2024\/09\/logo-aiphone-interphone-videophone-vigik-768x110.jpg 768w, https:\/\/www.agds31.fr\/wp-content\/uploads\/2024\/09\/logo-aiphone-interphone-videophone-vigik-1536x220.jpg 1536w, https:\/\/www.agds31.fr\/wp-content\/uploads\/2024\/09\/logo-aiphone-interphone-videophone-vigik.jpg 2000w\" data-sizes=\"auto, (max-width: 300px) 100vw, 300px\" src=\"data:image\/gif;base64,R0lGODlhAQABAAAAACH5BAEKAAEALAAAAAABAAEAAAICTAEAOw==\" style=\"--smush-placeholder-width: 300px; --smush-placeholder-aspect-ratio: 300\/43;\" \/><noscript><img loading=\"lazy\" decoding=\"async\" class=\"alignnone size-medium wp-image-2883\" src=\"http:\/\/www.agds31.fr\/wp-content\/uploads\/2024\/09\/logo-aiphone-interphone-videophone-vigik-300x43.jpg\" alt=\"\" width=\"300\" height=\"43\" srcset=\"https:\/\/www.agds31.fr\/wp-content\/uploads\/2024\/09\/logo-aiphone-interphone-videophone-vigik-300x43.jpg 300w, https:\/\/www.agds31.fr\/wp-content\/uploads\/2024\/09\/logo-aiphone-interphone-videophone-vigik-1024x146.jpg 1024w, https:\/\/www.agds31.fr\/wp-content\/uploads\/2024\/09\/logo-aiphone-interphone-videophone-vigik-768x110.jpg 768w, https:\/\/www.agds31.fr\/wp-content\/uploads\/2024\/09\/logo-aiphone-interphone-videophone-vigik-1536x220.jpg 1536w, https:\/\/www.agds31.fr\/wp-content\/uploads\/2024\/09\/logo-aiphone-interphone-videophone-vigik.jpg 2000w\" sizes=\"auto, (max-width: 300px) 100vw, 300px\" \/><\/noscript><img loading=\"lazy\" decoding=\"async\" class=\"alignnone size-medium wp-image-2884 lazyload\" data-src=\"http:\/\/www.agds31.fr\/wp-content\/uploads\/2024\/09\/intratone-logo-300x206.jpg\" alt=\"\" width=\"300\" height=\"206\" data-srcset=\"https:\/\/www.agds31.fr\/wp-content\/uploads\/2024\/09\/intratone-logo-300x206.jpg 300w, https:\/\/www.agds31.fr\/wp-content\/uploads\/2024\/09\/intratone-logo-768x528.jpg 768w, https:\/\/www.agds31.fr\/wp-content\/uploads\/2024\/09\/intratone-logo.jpg 800w\" data-sizes=\"auto, (max-width: 300px) 100vw, 300px\" src=\"data:image\/gif;base64,R0lGODlhAQABAAAAACH5BAEKAAEALAAAAAABAAEAAAICTAEAOw==\" style=\"--smush-placeholder-width: 300px; --smush-placeholder-aspect-ratio: 300\/206;\" \/><noscript><img loading=\"lazy\" decoding=\"async\" class=\"alignnone size-medium wp-image-2884\" src=\"http:\/\/www.agds31.fr\/wp-content\/uploads\/2024\/09\/intratone-logo-300x206.jpg\" alt=\"\" width=\"300\" height=\"206\" srcset=\"https:\/\/www.agds31.fr\/wp-content\/uploads\/2024\/09\/intratone-logo-300x206.jpg 300w, https:\/\/www.agds31.fr\/wp-content\/uploads\/2024\/09\/intratone-logo-768x528.jpg 768w, https:\/\/www.agds31.fr\/wp-content\/uploads\/2024\/09\/intratone-logo.jpg 800w\" sizes=\"auto, (max-width: 300px) 100vw, 300px\" \/><\/noscript><img loading=\"lazy\" decoding=\"async\" class=\"alignnone size-medium wp-image-2885 lazyload\" data-src=\"http:\/\/www.agds31.fr\/wp-content\/uploads\/2024\/09\/Comelit-Logo-500-600x315-1-300x158.jpg\" alt=\"\" width=\"300\" height=\"158\" data-srcset=\"https:\/\/www.agds31.fr\/wp-content\/uploads\/2024\/09\/Comelit-Logo-500-600x315-1-300x158.jpg 300w, https:\/\/www.agds31.fr\/wp-content\/uploads\/2024\/09\/Comelit-Logo-500-600x315-1.jpg 600w\" data-sizes=\"auto, (max-width: 300px) 100vw, 300px\" src=\"data:image\/gif;base64,R0lGODlhAQABAAAAACH5BAEKAAEALAAAAAABAAEAAAICTAEAOw==\" style=\"--smush-placeholder-width: 300px; --smush-placeholder-aspect-ratio: 300\/158;\" \/><noscript><img loading=\"lazy\" decoding=\"async\" class=\"alignnone size-medium wp-image-2885\" src=\"http:\/\/www.agds31.fr\/wp-content\/uploads\/2024\/09\/Comelit-Logo-500-600x315-1-300x158.jpg\" alt=\"\" width=\"300\" height=\"158\" srcset=\"https:\/\/www.agds31.fr\/wp-content\/uploads\/2024\/09\/Comelit-Logo-500-600x315-1-300x158.jpg 300w, https:\/\/www.agds31.fr\/wp-content\/uploads\/2024\/09\/Comelit-Logo-500-600x315-1.jpg 600w\" sizes=\"auto, (max-width: 300px) 100vw, 300px\" \/><\/noscript><\/p>\n<\/div>\n<\/div>\n<div class=\"row\" data-type=\"row\" data-add-content=\"false\">\n<div class=\"clients-grid-itemcol cp3cols cp3cols-tablet\">\n<div class=\"middle_align5\"><\/div>\n<\/div>\n<div class=\"clients-grid-itemcol cp3cols cp3cols-tablet\">\n<div class=\"middle_align5\"><\/div>\n<\/div>\n<div class=\"clients-grid-itemcol cp3cols cp3cols-tablet\">\n<div class=\"middle_align5\"><\/div>\n<\/div>\n<div class=\"clients-grid-itemcol cp3cols cp3cols-tablet\"><\/div>\n<div class=\"clients-grid-itemcol cp3cols cp3cols-tablet\">\n<div class=\"middle_align5\"><\/div>\n<\/div>\n<div class=\"clients-grid-itemcol cp3cols cp3cols-tablet\">\n<div class=\"middle_align5\"><a href=\"#\" target=\"_self\" rel=\"noopener\"><img decoding=\"async\" class=\"clients-grid-itemimg lazyload\" data-src=\"https:\/\/agds31.fr\/wp-content\/uploads\/2019\/06\/Logo_TONNA_80px_w.png\" src=\"data:image\/gif;base64,R0lGODlhAQABAAAAACH5BAEKAAEALAAAAAABAAEAAAICTAEAOw==\" \/><noscript><img decoding=\"async\" class=\"clients-grid-itemimg\" src=\"https:\/\/agds31.fr\/wp-content\/uploads\/2019\/06\/Logo_TONNA_80px_w.png\" \/><\/noscript><\/a><\/div>\n<\/div>\n<\/div>\n<\/div>\n<\/div>\n","protected":false},"excerpt":{"rendered":"<p>Interphonie AGDS propose des solutions pour r\u00e9pondre \u00e0 vos attentes. Nous mettons \u00e0 votre service une gamme de platines interphones filaires audio, vid\u00e9o ou GSM t\u00e9l\u00e9phoniques de diff\u00e9rentes marques en int\u00e9grant du contr\u00f4le d\u2019acc\u00e8s permettant de s\u00e9curiser tous vos biens en tenant compte de vos imp\u00e9ratifs et contraintes techniques. L\u2019interphone audio \u2013 platine \u00e0 boutons [&hellip;]<\/p>\n","protected":false},"author":1,"featured_media":421,"parent":0,"menu_order":0,"comment_status":"closed","ping_status":"closed","template":"","meta":{"footnotes":""},"class_list":["post-579","page","type-page","status-publish","has-post-thumbnail","hentry"],"yoast_head":"<!-- This site is optimized with the Yoast SEO plugin v24.0 - https:\/\/yoast.com\/wordpress\/plugins\/seo\/ -->\n<title>Interphone - AGDS31 Tel: 0561402125<\/title>\n<meta name=\"robots\" content=\"index, follow, max-snippet:-1, max-image-preview:large, max-video-preview:-1\" \/>\n<link rel=\"canonical\" href=\"https:\/\/www.agds31.fr\/index.php\/interphone\/\" \/>\n<meta property=\"og:locale\" content=\"fr_FR\" \/>\n<meta property=\"og:type\" content=\"article\" \/>\n<meta property=\"og:title\" content=\"Interphone - AGDS31 Tel: 0561402125\" \/>\n<meta property=\"og:description\" content=\"Interphonie AGDS propose des solutions pour r\u00e9pondre \u00e0 vos attentes. Nous mettons \u00e0 votre service une gamme de platines interphones filaires audio, vid\u00e9o ou GSM t\u00e9l\u00e9phoniques de diff\u00e9rentes marques en int\u00e9grant du contr\u00f4le d\u2019acc\u00e8s permettant de s\u00e9curiser tous vos biens en tenant compte de vos imp\u00e9ratifs et contraintes techniques. L\u2019interphone audio \u2013 platine \u00e0 boutons [&hellip;]\" \/>\n<meta property=\"og:url\" content=\"https:\/\/www.agds31.fr\/index.php\/interphone\/\" \/>\n<meta property=\"og:site_name\" content=\"AGDS31 Tel: 0561402125\" \/>\n<meta property=\"article:modified_time\" content=\"2024-09-02T07:54:15+00:00\" \/>\n<meta name=\"twitter:card\" content=\"summary_large_image\" \/>\n<meta name=\"twitter:label1\" content=\"Dur\u00e9e de lecture estim\u00e9e\" \/>\n\t<meta name=\"twitter:data1\" content=\"2 minutes\" \/>\n<script type=\"application\/ld+json\" class=\"yoast-schema-graph\">{\"@context\":\"https:\/\/schema.org\",\"@graph\":[{\"@type\":\"WebPage\",\"@id\":\"https:\/\/www.agds31.fr\/index.php\/interphone\/\",\"url\":\"https:\/\/www.agds31.fr\/index.php\/interphone\/\",\"name\":\"Interphone - AGDS31 Tel: 0561402125\",\"isPartOf\":{\"@id\":\"https:\/\/www.agds31.fr\/#website\"},\"primaryImageOfPage\":{\"@id\":\"https:\/\/www.agds31.fr\/index.php\/interphone\/#primaryimage\"},\"image\":{\"@id\":\"https:\/\/www.agds31.fr\/index.php\/interphone\/#primaryimage\"},\"thumbnailUrl\":\"\",\"datePublished\":\"2019-06-13T16:00:17+00:00\",\"dateModified\":\"2024-09-02T07:54:15+00:00\",\"breadcrumb\":{\"@id\":\"https:\/\/www.agds31.fr\/index.php\/interphone\/#breadcrumb\"},\"inLanguage\":\"fr-FR\",\"potentialAction\":[{\"@type\":\"ReadAction\",\"target\":[\"https:\/\/www.agds31.fr\/index.php\/interphone\/\"]}]},{\"@type\":\"ImageObject\",\"inLanguage\":\"fr-FR\",\"@id\":\"https:\/\/www.agds31.fr\/index.php\/interphone\/#primaryimage\",\"url\":\"\",\"contentUrl\":\"\"},{\"@type\":\"BreadcrumbList\",\"@id\":\"https:\/\/www.agds31.fr\/index.php\/interphone\/#breadcrumb\",\"itemListElement\":[{\"@type\":\"ListItem\",\"position\":1,\"name\":\"Accueil\",\"item\":\"https:\/\/www.agds31.fr\/\"},{\"@type\":\"ListItem\",\"position\":2,\"name\":\"Interphone\"}]},{\"@type\":\"WebSite\",\"@id\":\"https:\/\/www.agds31.fr\/#website\",\"url\":\"https:\/\/www.agds31.fr\/\",\"name\":\"AGDS31\",\"description\":\"La s\u00e9curit\u00e9 A2P pour particuliers &amp; professionnels \u00e0 Toulouse.\",\"potentialAction\":[{\"@type\":\"SearchAction\",\"target\":{\"@type\":\"EntryPoint\",\"urlTemplate\":\"https:\/\/www.agds31.fr\/?s={search_term_string}\"},\"query-input\":{\"@type\":\"PropertyValueSpecification\",\"valueRequired\":true,\"valueName\":\"search_term_string\"}}],\"inLanguage\":\"fr-FR\"}]}<\/script>\n<!-- \/ Yoast SEO plugin. -->","yoast_head_json":{"title":"Interphone - AGDS31 Tel: 0561402125","robots":{"index":"index","follow":"follow","max-snippet":"max-snippet:-1","max-image-preview":"max-image-preview:large","max-video-preview":"max-video-preview:-1"},"canonical":"https:\/\/www.agds31.fr\/index.php\/interphone\/","og_locale":"fr_FR","og_type":"article","og_title":"Interphone - AGDS31 Tel: 0561402125","og_description":"Interphonie AGDS propose des solutions pour r\u00e9pondre \u00e0 vos attentes. Nous mettons \u00e0 votre service une gamme de platines interphones filaires audio, vid\u00e9o ou GSM t\u00e9l\u00e9phoniques de diff\u00e9rentes marques en int\u00e9grant du contr\u00f4le d\u2019acc\u00e8s permettant de s\u00e9curiser tous vos biens en tenant compte de vos imp\u00e9ratifs et contraintes techniques. L\u2019interphone audio \u2013 platine \u00e0 boutons [&hellip;]","og_url":"https:\/\/www.agds31.fr\/index.php\/interphone\/","og_site_name":"AGDS31 Tel: 0561402125","article_modified_time":"2024-09-02T07:54:15+00:00","twitter_card":"summary_large_image","twitter_misc":{"Dur\u00e9e de lecture estim\u00e9e":"2 minutes"},"schema":{"@context":"https:\/\/schema.org","@graph":[{"@type":"WebPage","@id":"https:\/\/www.agds31.fr\/index.php\/interphone\/","url":"https:\/\/www.agds31.fr\/index.php\/interphone\/","name":"Interphone - AGDS31 Tel: 0561402125","isPartOf":{"@id":"https:\/\/www.agds31.fr\/#website"},"primaryImageOfPage":{"@id":"https:\/\/www.agds31.fr\/index.php\/interphone\/#primaryimage"},"image":{"@id":"https:\/\/www.agds31.fr\/index.php\/interphone\/#primaryimage"},"thumbnailUrl":"","datePublished":"2019-06-13T16:00:17+00:00","dateModified":"2024-09-02T07:54:15+00:00","breadcrumb":{"@id":"https:\/\/www.agds31.fr\/index.php\/interphone\/#breadcrumb"},"inLanguage":"fr-FR","potentialAction":[{"@type":"ReadAction","target":["https:\/\/www.agds31.fr\/index.php\/interphone\/"]}]},{"@type":"ImageObject","inLanguage":"fr-FR","@id":"https:\/\/www.agds31.fr\/index.php\/interphone\/#primaryimage","url":"","contentUrl":""},{"@type":"BreadcrumbList","@id":"https:\/\/www.agds31.fr\/index.php\/interphone\/#breadcrumb","itemListElement":[{"@type":"ListItem","position":1,"name":"Accueil","item":"https:\/\/www.agds31.fr\/"},{"@type":"ListItem","position":2,"name":"Interphone"}]},{"@type":"WebSite","@id":"https:\/\/www.agds31.fr\/#website","url":"https:\/\/www.agds31.fr\/","name":"AGDS31","description":"La s\u00e9curit\u00e9 A2P pour particuliers &amp; professionnels \u00e0 Toulouse.","potentialAction":[{"@type":"SearchAction","target":{"@type":"EntryPoint","urlTemplate":"https:\/\/www.agds31.fr\/?s={search_term_string}"},"query-input":{"@type":"PropertyValueSpecification","valueRequired":true,"valueName":"search_term_string"}}],"inLanguage":"fr-FR"}]}},"_links":{"self":[{"href":"https:\/\/www.agds31.fr\/index.php\/wp-json\/wp\/v2\/pages\/579","targetHints":{"allow":["GET"]}}],"collection":[{"href":"https:\/\/www.agds31.fr\/index.php\/wp-json\/wp\/v2\/pages"}],"about":[{"href":"https:\/\/www.agds31.fr\/index.php\/wp-json\/wp\/v2\/types\/page"}],"author":[{"embeddable":true,"href":"https:\/\/www.agds31.fr\/index.php\/wp-json\/wp\/v2\/users\/1"}],"replies":[{"embeddable":true,"href":"https:\/\/www.agds31.fr\/index.php\/wp-json\/wp\/v2\/comments?post=579"}],"version-history":[{"count":2,"href":"https:\/\/www.agds31.fr\/index.php\/wp-json\/wp\/v2\/pages\/579\/revisions"}],"predecessor-version":[{"id":2886,"href":"https:\/\/www.agds31.fr\/index.php\/wp-json\/wp\/v2\/pages\/579\/revisions\/2886"}],"wp:featuredmedia":[{"embeddable":true,"href":"https:\/\/www.agds31.fr\/index.php\/wp-json\/"}],"wp:attachment":[{"href":"https:\/\/www.agds31.fr\/index.php\/wp-json\/wp\/v2\/media?parent=579"}],"curies":[{"name":"wp","href":"https:\/\/api.w.org\/{rel}","templated":true}]}}