{"id":766,"date":"2019-05-19T23:43:43","date_gmt":"2019-05-19T21:43:43","guid":{"rendered":"https:\/\/master-7rqtwti-jlukth32wazq6.fr-1.platformsh.site\/one-page-express\/"},"modified":"2024-09-19T12:06:07","modified_gmt":"2024-09-19T10:06:07","slug":"one-page-express-2","status":"publish","type":"page","link":"https:\/\/www.agds31.fr\/index.php\/one-page-express-2\/","title":{"rendered":"Installation Interphone \/ Bloc Portes Fichet\/ Alarme \/ Installateur Agr\u00e9e CIBOX \/Automatisme sur Toulouse \/Portet sur Garonne et  Occitanie"},"content":{"rendered":"<div id=\"overlapable-2\" class=\"features-coloured-icon-boxes-section content-relative\" style=\"background-size: cover; background-image: none; background-color: #ffffff; background-position: center top;\" data-label=\"Overlapable\" data-id=\"stripped-coloured-icon-boxes\" data-category=\"overlapable\" data-ovid=\"ovid-overlapable-2-137\" data-overlap=\"true\">\n<div class=\"gridContainer\">\n<div class=\"features-coloured-icon-boxes-innerrow flexbox-list dark-text\" data-type=\"row\">\n<div class=\"features-coloured-icon-boxes-featurecol cp2cols\">\n<h4 class=\"\">Alarme<\/h4>\n<p><img loading=\"lazy\" decoding=\"async\" class=\"alignnone size-medium wp-image-2581 lazyload\" data-src=\"http:\/\/www.agds31.fr\/wp-content\/uploads\/2024\/08\/ajax_starterkit-cam-plus-megateh-300x300.jpg\" alt=\"\" width=\"300\" height=\"300\" data-srcset=\"https:\/\/www.agds31.fr\/wp-content\/uploads\/2024\/08\/ajax_starterkit-cam-plus-megateh-300x300.jpg 300w, https:\/\/www.agds31.fr\/wp-content\/uploads\/2024\/08\/ajax_starterkit-cam-plus-megateh-150x150.jpg 150w, https:\/\/www.agds31.fr\/wp-content\/uploads\/2024\/08\/ajax_starterkit-cam-plus-megateh-768x768.jpg 768w, https:\/\/www.agds31.fr\/wp-content\/uploads\/2024\/08\/ajax_starterkit-cam-plus-megateh.jpg 1000w\" data-sizes=\"auto, (max-width: 300px) 100vw, 300px\" src=\"data:image\/gif;base64,R0lGODlhAQABAAAAACH5BAEKAAEALAAAAAABAAEAAAICTAEAOw==\" style=\"--smush-placeholder-width: 300px; --smush-placeholder-aspect-ratio: 300\/300;\" \/><noscript><img loading=\"lazy\" decoding=\"async\" class=\"alignnone size-medium wp-image-2581\" src=\"http:\/\/www.agds31.fr\/wp-content\/uploads\/2024\/08\/ajax_starterkit-cam-plus-megateh-300x300.jpg\" alt=\"\" width=\"300\" height=\"300\" srcset=\"https:\/\/www.agds31.fr\/wp-content\/uploads\/2024\/08\/ajax_starterkit-cam-plus-megateh-300x300.jpg 300w, https:\/\/www.agds31.fr\/wp-content\/uploads\/2024\/08\/ajax_starterkit-cam-plus-megateh-150x150.jpg 150w, https:\/\/www.agds31.fr\/wp-content\/uploads\/2024\/08\/ajax_starterkit-cam-plus-megateh-768x768.jpg 768w, https:\/\/www.agds31.fr\/wp-content\/uploads\/2024\/08\/ajax_starterkit-cam-plus-megateh.jpg 1000w\" sizes=\"auto, (max-width: 300px) 100vw, 300px\" \/><\/noscript><\/p>\n<p><a class=\"features-coloured-button button transparent\" href=\"https:\/\/www.agds31.fr\/index.php\/2024\/08\/23\/alarme\/\" rel=\"noopener noreferrer\" data-icon=\"\">lire la Suite<\/a><\/p>\n<\/div>\n<div class=\"features-coloured-icon-boxes-featurecol cp2cols\">\n<h4 class=\"\">Interphonie<\/h4>\n<p><img loading=\"lazy\" decoding=\"async\" class=\"alignnone size-medium wp-image-2797 lazyload\" data-src=\"http:\/\/www.agds31.fr\/wp-content\/uploads\/2019\/06\/def-inox-2-lig-t25-urmet-d83-i-232x300.jpg\" alt=\"\" width=\"232\" height=\"300\" data-srcset=\"https:\/\/www.agds31.fr\/wp-content\/uploads\/2019\/06\/def-inox-2-lig-t25-urmet-d83-i-232x300.jpg 232w, https:\/\/www.agds31.fr\/wp-content\/uploads\/2019\/06\/def-inox-2-lig-t25-urmet-d83-i-792x1024.jpg 792w, https:\/\/www.agds31.fr\/wp-content\/uploads\/2019\/06\/def-inox-2-lig-t25-urmet-d83-i-768x993.jpg 768w, https:\/\/www.agds31.fr\/wp-content\/uploads\/2019\/06\/def-inox-2-lig-t25-urmet-d83-i.jpg 1100w\" data-sizes=\"auto, (max-width: 232px) 100vw, 232px\" src=\"data:image\/gif;base64,R0lGODlhAQABAAAAACH5BAEKAAEALAAAAAABAAEAAAICTAEAOw==\" style=\"--smush-placeholder-width: 232px; --smush-placeholder-aspect-ratio: 232\/300;\" \/><noscript><img loading=\"lazy\" decoding=\"async\" class=\"alignnone size-medium wp-image-2797\" src=\"http:\/\/www.agds31.fr\/wp-content\/uploads\/2019\/06\/def-inox-2-lig-t25-urmet-d83-i-232x300.jpg\" alt=\"\" width=\"232\" height=\"300\" srcset=\"https:\/\/www.agds31.fr\/wp-content\/uploads\/2019\/06\/def-inox-2-lig-t25-urmet-d83-i-232x300.jpg 232w, https:\/\/www.agds31.fr\/wp-content\/uploads\/2019\/06\/def-inox-2-lig-t25-urmet-d83-i-792x1024.jpg 792w, https:\/\/www.agds31.fr\/wp-content\/uploads\/2019\/06\/def-inox-2-lig-t25-urmet-d83-i-768x993.jpg 768w, https:\/\/www.agds31.fr\/wp-content\/uploads\/2019\/06\/def-inox-2-lig-t25-urmet-d83-i.jpg 1100w\" sizes=\"auto, (max-width: 232px) 100vw, 232px\" \/><\/noscript><\/p>\n<p><a class=\"features-coloured-button button\" href=\"https:\/\/www.agds31.fr\/index.php\/linterphone-video-ou-videophone\/\" rel=\"noopener noreferrer\">lire la suite<\/a><\/p>\n<\/div>\n<div class=\"features-coloured-icon-boxes-featurecol cp2cols\">\n<h4 class=\"\">Electricit\u00e9<\/h4>\n<p><img loading=\"lazy\" decoding=\"async\" class=\"alignnone size-medium wp-image-2791 lazyload\" data-src=\"http:\/\/www.agds31.fr\/wp-content\/uploads\/2024\/08\/tableau-electrique-300x199.jpg\" alt=\"\" width=\"300\" height=\"199\" data-srcset=\"https:\/\/www.agds31.fr\/wp-content\/uploads\/2024\/08\/tableau-electrique-300x199.jpg 300w, https:\/\/www.agds31.fr\/wp-content\/uploads\/2024\/08\/tableau-electrique-1024x681.jpg 1024w, https:\/\/www.agds31.fr\/wp-content\/uploads\/2024\/08\/tableau-electrique-768x510.jpg 768w, https:\/\/www.agds31.fr\/wp-content\/uploads\/2024\/08\/tableau-electrique-1536x1021.jpg 1536w, https:\/\/www.agds31.fr\/wp-content\/uploads\/2024\/08\/tableau-electrique.jpg 1691w\" data-sizes=\"auto, (max-width: 300px) 100vw, 300px\" src=\"data:image\/gif;base64,R0lGODlhAQABAAAAACH5BAEKAAEALAAAAAABAAEAAAICTAEAOw==\" style=\"--smush-placeholder-width: 300px; --smush-placeholder-aspect-ratio: 300\/199;\" \/><noscript><img loading=\"lazy\" decoding=\"async\" class=\"alignnone size-medium wp-image-2791\" src=\"http:\/\/www.agds31.fr\/wp-content\/uploads\/2024\/08\/tableau-electrique-300x199.jpg\" alt=\"\" width=\"300\" height=\"199\" srcset=\"https:\/\/www.agds31.fr\/wp-content\/uploads\/2024\/08\/tableau-electrique-300x199.jpg 300w, https:\/\/www.agds31.fr\/wp-content\/uploads\/2024\/08\/tableau-electrique-1024x681.jpg 1024w, https:\/\/www.agds31.fr\/wp-content\/uploads\/2024\/08\/tableau-electrique-768x510.jpg 768w, https:\/\/www.agds31.fr\/wp-content\/uploads\/2024\/08\/tableau-electrique-1536x1021.jpg 1536w, https:\/\/www.agds31.fr\/wp-content\/uploads\/2024\/08\/tableau-electrique.jpg 1691w\" sizes=\"auto, (max-width: 300px) 100vw, 300px\" \/><\/noscript><\/p>\n<p><a class=\"features-coloured-button button\" href=\"https:\/\/www.agds31.fr\/index.php\/2024\/08\/23\/electricite\/\" rel=\"noopener noreferrer\">lire la Suite<\/a><\/p>\n<\/div>\n<div class=\"features-coloured-icon-boxes-featurecol cp2cols\">\n<h4 class=\"\">Automatisme<\/h4>\n<p><a class=\"features-coloured-button button\" href=\"https:\/\/agds31.fr\/automatisme\" target=\"_self\" rel=\"noopener noreferrer\">lire la suite<\/a><\/p>\n<\/div>\n<div class=\"features-coloured-icon-boxes-featurecol cp2cols\">\n<h4 class=\"\">Serrurerie<\/h4>\n<p><img loading=\"lazy\" decoding=\"async\" class=\"alignnone size-medium wp-image-2760 lazyload\" data-src=\"http:\/\/www.agds31.fr\/wp-content\/uploads\/2024\/08\/serrure-multipoints-fichet-alicea-pontoise-263x300.jpg\" alt=\"\" width=\"263\" height=\"300\" data-srcset=\"https:\/\/www.agds31.fr\/wp-content\/uploads\/2024\/08\/serrure-multipoints-fichet-alicea-pontoise-263x300.jpg 263w, https:\/\/www.agds31.fr\/wp-content\/uploads\/2024\/08\/serrure-multipoints-fichet-alicea-pontoise.jpg 700w\" data-sizes=\"auto, (max-width: 263px) 100vw, 263px\" src=\"data:image\/gif;base64,R0lGODlhAQABAAAAACH5BAEKAAEALAAAAAABAAEAAAICTAEAOw==\" style=\"--smush-placeholder-width: 263px; --smush-placeholder-aspect-ratio: 263\/300;\" \/><noscript><img loading=\"lazy\" decoding=\"async\" class=\"alignnone size-medium wp-image-2760\" src=\"http:\/\/www.agds31.fr\/wp-content\/uploads\/2024\/08\/serrure-multipoints-fichet-alicea-pontoise-263x300.jpg\" alt=\"\" width=\"263\" height=\"300\" srcset=\"https:\/\/www.agds31.fr\/wp-content\/uploads\/2024\/08\/serrure-multipoints-fichet-alicea-pontoise-263x300.jpg 263w, https:\/\/www.agds31.fr\/wp-content\/uploads\/2024\/08\/serrure-multipoints-fichet-alicea-pontoise.jpg 700w\" sizes=\"auto, (max-width: 263px) 100vw, 263px\" \/><\/noscript><img loading=\"lazy\" decoding=\"async\" class=\"alignnone size-medium wp-image-2817 lazyload\" data-src=\"http:\/\/www.agds31.fr\/wp-content\/uploads\/2019\/06\/cylindre-fichet-787m-cle_1x1-300x300.webp\" alt=\"\" width=\"300\" height=\"300\" data-srcset=\"https:\/\/www.agds31.fr\/wp-content\/uploads\/2019\/06\/cylindre-fichet-787m-cle_1x1-300x300.webp 300w, https:\/\/www.agds31.fr\/wp-content\/uploads\/2019\/06\/cylindre-fichet-787m-cle_1x1-1024x1024.webp 1024w, https:\/\/www.agds31.fr\/wp-content\/uploads\/2019\/06\/cylindre-fichet-787m-cle_1x1-150x150.webp 150w, https:\/\/www.agds31.fr\/wp-content\/uploads\/2019\/06\/cylindre-fichet-787m-cle_1x1-768x768.webp 768w, https:\/\/www.agds31.fr\/wp-content\/uploads\/2019\/06\/cylindre-fichet-787m-cle_1x1.webp 1520w\" data-sizes=\"auto, (max-width: 300px) 100vw, 300px\" src=\"data:image\/gif;base64,R0lGODlhAQABAAAAACH5BAEKAAEALAAAAAABAAEAAAICTAEAOw==\" style=\"--smush-placeholder-width: 300px; --smush-placeholder-aspect-ratio: 300\/300;\" \/><noscript><img loading=\"lazy\" decoding=\"async\" class=\"alignnone size-medium wp-image-2817\" src=\"http:\/\/www.agds31.fr\/wp-content\/uploads\/2019\/06\/cylindre-fichet-787m-cle_1x1-300x300.webp\" alt=\"\" width=\"300\" height=\"300\" srcset=\"https:\/\/www.agds31.fr\/wp-content\/uploads\/2019\/06\/cylindre-fichet-787m-cle_1x1-300x300.webp 300w, https:\/\/www.agds31.fr\/wp-content\/uploads\/2019\/06\/cylindre-fichet-787m-cle_1x1-1024x1024.webp 1024w, https:\/\/www.agds31.fr\/wp-content\/uploads\/2019\/06\/cylindre-fichet-787m-cle_1x1-150x150.webp 150w, https:\/\/www.agds31.fr\/wp-content\/uploads\/2019\/06\/cylindre-fichet-787m-cle_1x1-768x768.webp 768w, https:\/\/www.agds31.fr\/wp-content\/uploads\/2019\/06\/cylindre-fichet-787m-cle_1x1.webp 1520w\" sizes=\"auto, (max-width: 300px) 100vw, 300px\" \/><\/noscript><\/p>\n<p><a class=\"features-coloured-button button transparent\" href=\"https:\/\/www.agds31.fr\/index.php\/serrurerie\/\" rel=\"noopener noreferrer\" data-icon=\"\">Lire la suite<\/a><\/p>\n<\/div>\n<div class=\"features-coloured-icon-boxes-featurecol cp2cols\">\n<h4 class=\"\">Volet Roulant<\/h4>\n<p><a class=\"features-coloured-button button transparent\" href=\"https:\/\/agds31.fr\/2019\/05\/18\/volets\" target=\"_self\" rel=\"noopener noreferrer\" data-icon=\"\">lire la Suite<\/a><\/p>\n<\/div>\n<div class=\"features-coloured-icon-boxes-featurecol cp2cols\">\n<h4 class=\"\">Alarme Radio<\/h4>\n<p><img loading=\"lazy\" decoding=\"async\" class=\"alignnone size-full wp-image-369 lazyload\" data-src=\"http:\/\/www.agds31.fr\/wp-content\/uploads\/2024\/08\/cropped-download.jpg\" alt=\"\" width=\"204\" height=\"204\" data-srcset=\"https:\/\/www.agds31.fr\/wp-content\/uploads\/2024\/08\/cropped-download.jpg 204w, https:\/\/www.agds31.fr\/wp-content\/uploads\/2024\/08\/cropped-download-150x150.jpg 150w\" data-sizes=\"auto, (max-width: 204px) 100vw, 204px\" src=\"data:image\/gif;base64,R0lGODlhAQABAAAAACH5BAEKAAEALAAAAAABAAEAAAICTAEAOw==\" style=\"--smush-placeholder-width: 204px; --smush-placeholder-aspect-ratio: 204\/204;\" \/><noscript><img loading=\"lazy\" decoding=\"async\" class=\"alignnone size-full wp-image-369\" src=\"http:\/\/www.agds31.fr\/wp-content\/uploads\/2024\/08\/cropped-download.jpg\" alt=\"\" width=\"204\" height=\"204\" srcset=\"https:\/\/www.agds31.fr\/wp-content\/uploads\/2024\/08\/cropped-download.jpg 204w, https:\/\/www.agds31.fr\/wp-content\/uploads\/2024\/08\/cropped-download-150x150.jpg 150w\" sizes=\"auto, (max-width: 204px) 100vw, 204px\" \/><\/noscript><\/p>\n<p><a class=\"features-coloured-button button transparent\" href=\"https:\/\/www.agds31.fr\/index.php\/2024\/08\/23\/alarme\/\" rel=\"noopener noreferrer\" data-icon=\"\">LIRE LA SUITE<\/a><\/p>\n<\/div>\n<\/div>\n<\/div>\n<\/div>\n<p style=\"text-align: center;\">\n<h3 style=\"text-align: center;\"><strong>Sp\u00e9cialiste agr\u00e9e de la Porte de Hall d\u2019immeuble CIBOX<\/strong><\/h3>\n<p style=\"text-align: center;\">La porte d\u2019entr\u00e9e d\u2019un immeuble est un \u00e9l\u00e9ment tr\u00e8s important, elle est le garant de la s\u00e9curit\u00e9 des r\u00e9sidents tout en valorisant la copropri\u00e9t\u00e9. AGDS a donc choisi de devenir partenaire du fabricant fran\u00e7ais CIBOX et installe des portes de hall d\u2019immeubles, des portes secondaires ainsi que des<br \/>\nbo\u00eetes aux lettres.<\/p>\n<p><img loading=\"lazy\" decoding=\"async\" class=\"alignnone size-medium wp-image-332 lazyload\" data-src=\"http:\/\/www.agds31.fr\/wp-content\/uploads\/2024\/08\/IMG_6286-300x225.jpg\" alt=\"\" width=\"300\" height=\"225\" data-srcset=\"https:\/\/www.agds31.fr\/wp-content\/uploads\/2024\/08\/IMG_6286-300x225.jpg 300w, https:\/\/www.agds31.fr\/wp-content\/uploads\/2024\/08\/IMG_6286.jpg 640w\" data-sizes=\"auto, (max-width: 300px) 100vw, 300px\" src=\"data:image\/gif;base64,R0lGODlhAQABAAAAACH5BAEKAAEALAAAAAABAAEAAAICTAEAOw==\" style=\"--smush-placeholder-width: 300px; --smush-placeholder-aspect-ratio: 300\/225;\" \/><noscript><img loading=\"lazy\" decoding=\"async\" class=\"alignnone size-medium wp-image-332\" src=\"http:\/\/www.agds31.fr\/wp-content\/uploads\/2024\/08\/IMG_6286-300x225.jpg\" alt=\"\" width=\"300\" height=\"225\" srcset=\"https:\/\/www.agds31.fr\/wp-content\/uploads\/2024\/08\/IMG_6286-300x225.jpg 300w, https:\/\/www.agds31.fr\/wp-content\/uploads\/2024\/08\/IMG_6286.jpg 640w\" sizes=\"auto, (max-width: 300px) 100vw, 300px\" \/><\/noscript><\/p>\n<h4 style=\"text-align: center;\"><a class=\"button big color1\" style=\"font-family: 'Source Sans Pro', sans-serif;\" href=\"https:\/\/www.cibox.com\/fr\" target=\"_self\" rel=\"noopener noreferrer\" data-icon=\"\">Notre Partenaire Cibox<\/a><\/h4>\n<div id=\"about-1\" class=\"about-big-images-section\" style=\"background-color: #ffffff; background-image: none;\" data-label=\"About\" data-id=\"about-big-images-section\" data-category=\"about\" data-ovid=\"ovid-about-1-1536\">\n<div class=\"about-big-images-bottomrow\">\n<div class=\"about-big-images-leftimgcol\"><\/div>\n<div class=\"about-big-images-centerimgcol\"><\/div>\n<div class=\"about-big-images-rightimgcol\"><\/div>\n<\/div>\n<\/div>\n","protected":false},"excerpt":{"rendered":"<p>Alarme lire la Suite Interphonie lire la suite Electricit\u00e9 lire la Suite Automatisme lire la suite Serrurerie Lire la suite Volet Roulant lire la Suite Alarme Radio LIRE LA SUITE Sp\u00e9cialiste agr\u00e9e de la Porte de Hall d\u2019immeuble CIBOX La porte d\u2019entr\u00e9e d\u2019un immeuble est un \u00e9l\u00e9ment tr\u00e8s important, elle est le garant de la [&hellip;]<\/p>\n","protected":false},"author":1,"featured_media":0,"parent":0,"menu_order":0,"comment_status":"closed","ping_status":"closed","template":"","meta":{"footnotes":""},"class_list":["post-766","page","type-page","status-publish","hentry"],"yoast_head":"<!-- This site is optimized with the Yoast SEO plugin v24.0 - https:\/\/yoast.com\/wordpress\/plugins\/seo\/ -->\n<title>Installation Interphone \/ Bloc Portes Fichet\/ Alarme \/ Installateur Agr\u00e9e CIBOX \/Automatisme sur Toulouse \/Portet sur Garonne et Occitanie - AGDS31 Tel: 0561402125<\/title>\n<meta name=\"robots\" content=\"index, follow, max-snippet:-1, max-image-preview:large, max-video-preview:-1\" \/>\n<link rel=\"canonical\" href=\"https:\/\/www.agds31.fr\/index.php\/one-page-express-2\/\" \/>\n<meta property=\"og:locale\" content=\"fr_FR\" \/>\n<meta property=\"og:type\" content=\"article\" \/>\n<meta property=\"og:title\" content=\"Installation Interphone \/ Bloc Portes Fichet\/ Alarme \/ Installateur Agr\u00e9e CIBOX \/Automatisme sur Toulouse \/Portet sur Garonne et Occitanie - AGDS31 Tel: 0561402125\" \/>\n<meta property=\"og:description\" content=\"Alarme lire la Suite Interphonie lire la suite Electricit\u00e9 lire la Suite Automatisme lire la suite Serrurerie Lire la suite Volet Roulant lire la Suite Alarme Radio LIRE LA SUITE Sp\u00e9cialiste agr\u00e9e de la Porte de Hall d\u2019immeuble CIBOX La porte d\u2019entr\u00e9e d\u2019un immeuble est un \u00e9l\u00e9ment tr\u00e8s important, elle est le garant de la [&hellip;]\" \/>\n<meta property=\"og:url\" content=\"https:\/\/www.agds31.fr\/index.php\/one-page-express-2\/\" \/>\n<meta property=\"og:site_name\" content=\"AGDS31 Tel: 0561402125\" \/>\n<meta property=\"article:modified_time\" content=\"2024-09-19T10:06:07+00:00\" \/>\n<meta property=\"og:image\" content=\"http:\/\/www.agds31.fr\/wp-content\/uploads\/2024\/08\/ajax_starterkit-cam-plus-megateh-300x300.jpg\" \/>\n<meta name=\"twitter:card\" content=\"summary_large_image\" \/>\n<meta name=\"twitter:label1\" content=\"Dur\u00e9e de lecture estim\u00e9e\" \/>\n\t<meta name=\"twitter:data1\" content=\"2 minutes\" \/>\n<script type=\"application\/ld+json\" class=\"yoast-schema-graph\">{\"@context\":\"https:\/\/schema.org\",\"@graph\":[{\"@type\":\"WebPage\",\"@id\":\"https:\/\/www.agds31.fr\/index.php\/one-page-express-2\/\",\"url\":\"https:\/\/www.agds31.fr\/index.php\/one-page-express-2\/\",\"name\":\"Installation Interphone \/ Bloc Portes Fichet\/ Alarme \/ Installateur Agr\u00e9e CIBOX \/Automatisme sur Toulouse \/Portet sur Garonne et Occitanie - AGDS31 Tel: 0561402125\",\"isPartOf\":{\"@id\":\"https:\/\/www.agds31.fr\/#website\"},\"primaryImageOfPage\":{\"@id\":\"https:\/\/www.agds31.fr\/index.php\/one-page-express-2\/#primaryimage\"},\"image\":{\"@id\":\"https:\/\/www.agds31.fr\/index.php\/one-page-express-2\/#primaryimage\"},\"thumbnailUrl\":\"http:\/\/www.agds31.fr\/wp-content\/uploads\/2024\/08\/ajax_starterkit-cam-plus-megateh-300x300.jpg\",\"datePublished\":\"2019-05-19T21:43:43+00:00\",\"dateModified\":\"2024-09-19T10:06:07+00:00\",\"breadcrumb\":{\"@id\":\"https:\/\/www.agds31.fr\/index.php\/one-page-express-2\/#breadcrumb\"},\"inLanguage\":\"fr-FR\",\"potentialAction\":[{\"@type\":\"ReadAction\",\"target\":[\"https:\/\/www.agds31.fr\/index.php\/one-page-express-2\/\"]}]},{\"@type\":\"ImageObject\",\"inLanguage\":\"fr-FR\",\"@id\":\"https:\/\/www.agds31.fr\/index.php\/one-page-express-2\/#primaryimage\",\"url\":\"https:\/\/www.agds31.fr\/wp-content\/uploads\/2024\/08\/ajax_starterkit-cam-plus-megateh.jpg\",\"contentUrl\":\"https:\/\/www.agds31.fr\/wp-content\/uploads\/2024\/08\/ajax_starterkit-cam-plus-megateh.jpg\",\"width\":1000,\"height\":1000},{\"@type\":\"BreadcrumbList\",\"@id\":\"https:\/\/www.agds31.fr\/index.php\/one-page-express-2\/#breadcrumb\",\"itemListElement\":[{\"@type\":\"ListItem\",\"position\":1,\"name\":\"Accueil\",\"item\":\"https:\/\/www.agds31.fr\/\"},{\"@type\":\"ListItem\",\"position\":2,\"name\":\"Installation Interphone \/ Bloc Portes Fichet\/ Alarme \/ Installateur Agr\u00e9e CIBOX \/Automatisme sur Toulouse \/Portet sur Garonne et Occitanie\"}]},{\"@type\":\"WebSite\",\"@id\":\"https:\/\/www.agds31.fr\/#website\",\"url\":\"https:\/\/www.agds31.fr\/\",\"name\":\"AGDS31\",\"description\":\"La s\u00e9curit\u00e9 A2P pour particuliers &amp; professionnels \u00e0 Toulouse.\",\"potentialAction\":[{\"@type\":\"SearchAction\",\"target\":{\"@type\":\"EntryPoint\",\"urlTemplate\":\"https:\/\/www.agds31.fr\/?s={search_term_string}\"},\"query-input\":{\"@type\":\"PropertyValueSpecification\",\"valueRequired\":true,\"valueName\":\"search_term_string\"}}],\"inLanguage\":\"fr-FR\"}]}<\/script>\n<!-- \/ Yoast SEO plugin. -->","yoast_head_json":{"title":"Installation Interphone \/ Bloc Portes Fichet\/ Alarme \/ Installateur Agr\u00e9e CIBOX \/Automatisme sur Toulouse \/Portet sur Garonne et Occitanie - AGDS31 Tel: 0561402125","robots":{"index":"index","follow":"follow","max-snippet":"max-snippet:-1","max-image-preview":"max-image-preview:large","max-video-preview":"max-video-preview:-1"},"canonical":"https:\/\/www.agds31.fr\/index.php\/one-page-express-2\/","og_locale":"fr_FR","og_type":"article","og_title":"Installation Interphone \/ Bloc Portes Fichet\/ Alarme \/ Installateur Agr\u00e9e CIBOX \/Automatisme sur Toulouse \/Portet sur Garonne et Occitanie - AGDS31 Tel: 0561402125","og_description":"Alarme lire la Suite Interphonie lire la suite Electricit\u00e9 lire la Suite Automatisme lire la suite Serrurerie Lire la suite Volet Roulant lire la Suite Alarme Radio LIRE LA SUITE Sp\u00e9cialiste agr\u00e9e de la Porte de Hall d\u2019immeuble CIBOX La porte d\u2019entr\u00e9e d\u2019un immeuble est un \u00e9l\u00e9ment tr\u00e8s important, elle est le garant de la [&hellip;]","og_url":"https:\/\/www.agds31.fr\/index.php\/one-page-express-2\/","og_site_name":"AGDS31 Tel: 0561402125","article_modified_time":"2024-09-19T10:06:07+00:00","og_image":[{"url":"http:\/\/www.agds31.fr\/wp-content\/uploads\/2024\/08\/ajax_starterkit-cam-plus-megateh-300x300.jpg","type":"","width":"","height":""}],"twitter_card":"summary_large_image","twitter_misc":{"Dur\u00e9e de lecture estim\u00e9e":"2 minutes"},"schema":{"@context":"https:\/\/schema.org","@graph":[{"@type":"WebPage","@id":"https:\/\/www.agds31.fr\/index.php\/one-page-express-2\/","url":"https:\/\/www.agds31.fr\/index.php\/one-page-express-2\/","name":"Installation Interphone \/ Bloc Portes Fichet\/ Alarme \/ Installateur Agr\u00e9e CIBOX \/Automatisme sur Toulouse \/Portet sur Garonne et Occitanie - AGDS31 Tel: 0561402125","isPartOf":{"@id":"https:\/\/www.agds31.fr\/#website"},"primaryImageOfPage":{"@id":"https:\/\/www.agds31.fr\/index.php\/one-page-express-2\/#primaryimage"},"image":{"@id":"https:\/\/www.agds31.fr\/index.php\/one-page-express-2\/#primaryimage"},"thumbnailUrl":"http:\/\/www.agds31.fr\/wp-content\/uploads\/2024\/08\/ajax_starterkit-cam-plus-megateh-300x300.jpg","datePublished":"2019-05-19T21:43:43+00:00","dateModified":"2024-09-19T10:06:07+00:00","breadcrumb":{"@id":"https:\/\/www.agds31.fr\/index.php\/one-page-express-2\/#breadcrumb"},"inLanguage":"fr-FR","potentialAction":[{"@type":"ReadAction","target":["https:\/\/www.agds31.fr\/index.php\/one-page-express-2\/"]}]},{"@type":"ImageObject","inLanguage":"fr-FR","@id":"https:\/\/www.agds31.fr\/index.php\/one-page-express-2\/#primaryimage","url":"https:\/\/www.agds31.fr\/wp-content\/uploads\/2024\/08\/ajax_starterkit-cam-plus-megateh.jpg","contentUrl":"https:\/\/www.agds31.fr\/wp-content\/uploads\/2024\/08\/ajax_starterkit-cam-plus-megateh.jpg","width":1000,"height":1000},{"@type":"BreadcrumbList","@id":"https:\/\/www.agds31.fr\/index.php\/one-page-express-2\/#breadcrumb","itemListElement":[{"@type":"ListItem","position":1,"name":"Accueil","item":"https:\/\/www.agds31.fr\/"},{"@type":"ListItem","position":2,"name":"Installation Interphone \/ Bloc Portes Fichet\/ Alarme \/ Installateur Agr\u00e9e CIBOX \/Automatisme sur Toulouse \/Portet sur Garonne et Occitanie"}]},{"@type":"WebSite","@id":"https:\/\/www.agds31.fr\/#website","url":"https:\/\/www.agds31.fr\/","name":"AGDS31","description":"La s\u00e9curit\u00e9 A2P pour particuliers &amp; professionnels \u00e0 Toulouse.","potentialAction":[{"@type":"SearchAction","target":{"@type":"EntryPoint","urlTemplate":"https:\/\/www.agds31.fr\/?s={search_term_string}"},"query-input":{"@type":"PropertyValueSpecification","valueRequired":true,"valueName":"search_term_string"}}],"inLanguage":"fr-FR"}]}},"_links":{"self":[{"href":"https:\/\/www.agds31.fr\/index.php\/wp-json\/wp\/v2\/pages\/766","targetHints":{"allow":["GET"]}}],"collection":[{"href":"https:\/\/www.agds31.fr\/index.php\/wp-json\/wp\/v2\/pages"}],"about":[{"href":"https:\/\/www.agds31.fr\/index.php\/wp-json\/wp\/v2\/types\/page"}],"author":[{"embeddable":true,"href":"https:\/\/www.agds31.fr\/index.php\/wp-json\/wp\/v2\/users\/1"}],"replies":[{"embeddable":true,"href":"https:\/\/www.agds31.fr\/index.php\/wp-json\/wp\/v2\/comments?post=766"}],"version-history":[{"count":4,"href":"https:\/\/www.agds31.fr\/index.php\/wp-json\/wp\/v2\/pages\/766\/revisions"}],"predecessor-version":[{"id":2945,"href":"https:\/\/www.agds31.fr\/index.php\/wp-json\/wp\/v2\/pages\/766\/revisions\/2945"}],"wp:attachment":[{"href":"https:\/\/www.agds31.fr\/index.php\/wp-json\/wp\/v2\/media?parent=766"}],"curies":[{"name":"wp","href":"https:\/\/api.w.org\/{rel}","templated":true}]}}